{"id":52370,"date":"2024-07-31T13:34:10","date_gmt":"2024-07-31T11:34:10","guid":{"rendered":"https:\/\/www.fluidra.com\/contact\/"},"modified":"2025-09-04T13:15:16","modified_gmt":"2025-09-04T11:15:16","slug":"contacte","status":"publish","type":"page","link":"https:\/\/www.fluidra.com\/ca\/contacte\/","title":{"rendered":"Contacte"},"content":{"rendered":"<div id=\"Headers-block_6d19bdfb68d85182a68259dcb4c6755c\" class=\"Headers\"  >\r\n\r\n    <div class=\"sectionCont v02 rounded-borders\">\r\n                    <div class=\"layerImage\"><\/div>\r\n            <div class=\"background image\" style=\"background-image:url(https:\/\/www.fluidra.com\/wp-content\/uploads\/2024\/08\/fondo-header-about-fluidra.webp)\"><\/div>\r\n        \r\n                        <div class=\"container textContainer\">\r\n                                        <div class=\"row align-items-end\">\r\n                        <div class=\"col-12 col-lg-7 \">\r\n                            <div class=\"title  big\" style=\"color:#ffffff\">\r\n                                <h1>Contacte<\/h1>\n                            <\/div>\r\n                        <\/div>\r\n                                                <div class=\"col-12 col-lg-5\">\r\n                                                        <div class=\"text\" style=\"color:#ffffff\">\r\n                                <p>Hola, \u00e9s un plaer tenir-li aqu\u00ed. Necessita posar-se en contacte amb nosaltres?<\/p>\n                            <\/div>\r\n                        <\/div>\r\n                                            <\/div>\r\n                <\/div>\r\n                <\/div>\r\n    <style>\r\n            <\/style>\r\n    <style>\r\n    #Headers-block_6d19bdfb68d85182a68259dcb4c6755c {\r\n        margin-top:px;\r\n        margin-bottom:px;\r\n        padding-top:px;\r\n        padding-bottom:px\r\n    }\r\n    @media screen and (max-width: 768px) {\r\n    #Headers-block_6d19bdfb68d85182a68259dcb4c6755c {\r\n        margin-top:px;\r\n        margin-bottom:px;\r\n        padding-top:px;\r\n        padding-bottom:px;\r\n    }\r\n    }\r\n<\/style><\/div>\r\n\n\n<div id=\"Container-block_24dec94ec3ff42fb44af3ce3d3d74fd0\" class=\"Container\" style=\"background-image:url(); background-color: \">\r\n    <div class=\"container\">\r\n        <div class=\"acf-innerblocks-container\">\n<div id=\"Text-block_a731866266aaca6bee0f1a22c5881ba7\" class=\"Text normal listItemMargin-normal\" style=\"color: #22377b\">\r\n    <p>El nostre objectiu \u00e9s proporcionar-li la millor experi\u00e8ncia possible. No dubti en posar-se en contacte amb el nostre equip sempre que necessiti ajuda.<\/p>\n    <style>\r\n    #Text-block_a731866266aaca6bee0f1a22c5881ba7 {\r\n        margin-top:px;\r\n        margin-bottom:px;\r\n        padding-top:px;\r\n        padding-bottom:px\r\n    }\r\n    @media screen and (max-width: 768px) {\r\n    #Text-block_a731866266aaca6bee0f1a22c5881ba7 {\r\n        margin-top:px;\r\n        margin-bottom:px;\r\n        padding-top:px;\r\n        padding-bottom:px;\r\n    }\r\n    }\r\n<\/style><\/div>\r\n\n<\/div>\r\n    <\/div>\r\n    <style>\r\n    #Container-block_24dec94ec3ff42fb44af3ce3d3d74fd0 {\r\n        margin-top:px;\r\n        margin-bottom:px;\r\n        padding-top:px;\r\n        padding-bottom:px\r\n    }\r\n    @media screen and (max-width: 768px) {\r\n    #Container-block_24dec94ec3ff42fb44af3ce3d3d74fd0 {\r\n        margin-top:px;\r\n        margin-bottom:px;\r\n        padding-top:px;\r\n        padding-bottom:px;\r\n    }\r\n    }\r\n<\/style><\/div>\r\n\n\n<div id=\"ContactInfo-block_e93dd5671fde4946649bf5fe522efd45\" class=\"ContactInfo\">\r\n    <div class=\"container\">\r\n        <div class=\"row\">\r\n            <div class=\"col-12\">\r\n                <div class=\"contactContainer\">\r\n                                            <div class=\"card card-0\">\r\n                                                                                                <div class=\"image\">\r\n                                        <img fetchpriority=\"high\" decoding=\"async\" width=\"362\" height=\"140\" src=\"https:\/\/www.fluidra.com\/wp-content\/uploads\/2024\/12\/fluidra-perfect-pool-experience-e1742382361757.webp\" class=\"\" alt=\"\" loading=\"eager\" title=\"\">                                    <\/div>\r\n                                                                <div class=\"contentTexts\">\r\n                                                                                                                <div class=\"text\"><p>\u00bfVol contactar amb el nostre equip general?<\/p>\n<\/div>\r\n                                                                                                                <div class=\"repeater\">\r\n                                                                                            <div class=\"rep\">\r\n                                                    <div class=\"logo\">\r\n                                                                                                                    <img decoding=\"async\" width=\"20\" height=\"21\" src=\"https:\/\/www.fluidra.com\/wp-content\/uploads\/2024\/12\/ic_outline-email.svg\" class=\"\" alt=\"\" loading=\"eager\" title=\"\">                                                                                                            <\/div>\r\n                                                    <div class=\"textCont\">\r\n                                                        <a href=\"mailto:info@fluidra.com\">                                                            info@fluidra.com                                                            <\/a>                                                    <\/div>\r\n                                                <\/div>\r\n                                                                                            <div class=\"rep\">\r\n                                                    <div class=\"logo\">\r\n                                                                                                                    <img decoding=\"async\" width=\"20\" height=\"21\" src=\"https:\/\/www.fluidra.com\/wp-content\/uploads\/2024\/12\/ic_round-phone.svg\" class=\"\" alt=\"\" loading=\"eager\" title=\"\">                                                                                                            <\/div>\r\n                                                    <div class=\"textCont\">\r\n                                                        <a href=\"tel:+34 937 243 900\">                                                            +34 937 243 900                                                            <\/a>                                                    <\/div>\r\n                                                <\/div>\r\n                                                                                            <div class=\"rep\">\r\n                                                    <div class=\"logo\">\r\n                                                                                                                    <img decoding=\"async\" width=\"20\" height=\"20\" src=\"https:\/\/www.fluidra.com\/wp-content\/uploads\/2024\/12\/carbon_location.svg\" class=\"\" alt=\"\" loading=\"eager\" title=\"\">                                                                                                            <\/div>\r\n                                                    <div class=\"textCont\">\r\n                                                        <a href=\"https:\/\/maps.app.goo.gl\/m8zUeUJJr7MqjWGD9\" target=\"_blank\" rel=\"noopener\">                                                            Av. Alcalde Barnils, 69, 08174 Sant Cugat del Vall\u00e9s, Barcelona, Spain                                                            <\/a>                                                    <\/div>\r\n                                                <\/div>\r\n                                                                                    <\/div>\r\n                                                                    <\/div>\r\n                                                        <\/div>\r\n                                            <div class=\"card card-1\">\r\n                                                                                            <div class=\"contentTexts\">\r\n                                                                            <div class=\"title\"><p>Sostenibilitat<\/p>\n<\/div>\r\n                                                                                                                                                    <div class=\"repeater\">\r\n                                                                                            <div class=\"rep\">\r\n                                                    <div class=\"logo\">\r\n                                                                                                                    <img decoding=\"async\" width=\"20\" height=\"21\" src=\"https:\/\/www.fluidra.com\/wp-content\/uploads\/2024\/12\/ic_outline-email.svg\" class=\"\" alt=\"\" loading=\"eager\" title=\"\">                                                                                                            <\/div>\r\n                                                    <div class=\"textCont\">\r\n                                                        <a href=\"mailto:esg@fluidra.com\">                                                            esg@fluidra.com                                                            <\/a>                                                    <\/div>\r\n                                                <\/div>\r\n                                                                                            <div class=\"rep\">\r\n                                                    <div class=\"logo\">\r\n                                                                                                                    <img decoding=\"async\" width=\"20\" height=\"21\" src=\"https:\/\/www.fluidra.com\/wp-content\/uploads\/2024\/12\/ic_round-phone.svg\" class=\"\" alt=\"\" loading=\"eager\" title=\"\">                                                                                                            <\/div>\r\n                                                    <div class=\"textCont\">\r\n                                                        <a href=\"tel:+34 937 243 900\">                                                            +34 937 243 900                                                            <\/a>                                                    <\/div>\r\n                                                <\/div>\r\n                                                                                    <\/div>\r\n                                                                    <\/div>\r\n                                                        <\/div>\r\n                                            <div class=\"card card-2\">\r\n                                                                                            <div class=\"contentTexts\">\r\n                                                                            <div class=\"title\"><p>Premsa<\/p>\n<\/div>\r\n                                                                                                                                                    <div class=\"repeater\">\r\n                                                                                            <div class=\"rep\">\r\n                                                    <div class=\"logo\">\r\n                                                                                                                    <img decoding=\"async\" width=\"20\" height=\"21\" src=\"https:\/\/www.fluidra.com\/wp-content\/uploads\/2024\/12\/ic_outline-email.svg\" class=\"\" alt=\"\" loading=\"eager\" title=\"\">                                                                                                            <\/div>\r\n                                                    <div class=\"textCont\">\r\n                                                        <a href=\"mailto:corporatecommunications@fluidra.com\">                                                            corporatecommunications@fluidra.com                                                            <\/a>                                                    <\/div>\r\n                                                <\/div>\r\n                                                                                            <div class=\"rep\">\r\n                                                    <div class=\"logo\">\r\n                                                                                                                    <img decoding=\"async\" width=\"20\" height=\"21\" src=\"https:\/\/www.fluidra.com\/wp-content\/uploads\/2024\/12\/ic_round-phone.svg\" class=\"\" alt=\"\" loading=\"eager\" title=\"\">                                                                                                            <\/div>\r\n                                                    <div class=\"textCont\">\r\n                                                        <a href=\"tel:+34 917 02 10 10\">                                                            +34 917 02 10 10                                                            <\/a>                                                    <\/div>\r\n                                                <\/div>\r\n                                                                                    <\/div>\r\n                                                                    <\/div>\r\n                                                        <\/div>\r\n                                            <div class=\"card card-3\">\r\n                            <a class=\"cardLink\" href=\"https:\/\/www.fluidra.com\/ca\/solucions-comercials\/?contact\">                                                                <div class=\"contentTexts\">\r\n                                                                            <div class=\"title\"><p>Solucions Comercials<\/p>\n<\/div>\r\n                                                                                                                <div class=\"text\"><p>Vol realitzar una conversaci\u00f3 personalitzada amb el nostre equip? Posi&#8217;s en contacte amb nosaltres, a trav\u00e9s de la nostra secci\u00f3 de Solucions Comercials.<\/p>\n<\/div>\r\n                                                                                                        <\/div>\r\n                                <\/a>                        <\/div>\r\n                                            <div class=\"card card-4\">\r\n                                                                                            <div class=\"contentTexts\">\r\n                                                                            <div class=\"title\"><p>Accionistes i inversors<\/p>\n<\/div>\r\n                                                                                                                                                    <div class=\"repeater\">\r\n                                                                                            <div class=\"rep\">\r\n                                                    <div class=\"logo\">\r\n                                                                                                                    <img decoding=\"async\" width=\"20\" height=\"21\" src=\"https:\/\/www.fluidra.com\/wp-content\/uploads\/2024\/12\/ic_outline-email.svg\" class=\"\" alt=\"\" loading=\"eager\" title=\"\">                                                                                                            <\/div>\r\n                                                    <div class=\"textCont\">\r\n                                                        <a href=\"mailto:investor_relations@fluidra.com\">                                                            investor_relations@fluidra.com                                                            <\/a>                                                    <\/div>\r\n                                                <\/div>\r\n                                                                                            <div class=\"rep\">\r\n                                                    <div class=\"logo\">\r\n                                                                                                                    <img decoding=\"async\" width=\"20\" height=\"21\" src=\"https:\/\/www.fluidra.com\/wp-content\/uploads\/2024\/12\/ic_round-phone.svg\" class=\"\" alt=\"\" loading=\"eager\" title=\"\">                                                                                                            <\/div>\r\n                                                    <div class=\"textCont\">\r\n                                                        <a href=\"tel:+34 937 243 900\">                                                            +34 937 243 900                                                            <\/a>                                                    <\/div>\r\n                                                <\/div>\r\n                                                                                    <\/div>\r\n                                                                    <\/div>\r\n                                                        <\/div>\r\n                                    <\/div>\r\n\r\n                <style>\r\n    #ContactInfo-block_e93dd5671fde4946649bf5fe522efd45 {\r\n        margin-top:px;\r\n        margin-bottom:px;\r\n        padding-top:px;\r\n        padding-bottom:px\r\n    }\r\n    @media screen and (max-width: 768px) {\r\n    #ContactInfo-block_e93dd5671fde4946649bf5fe522efd45 {\r\n        margin-top:px;\r\n        margin-bottom:px;\r\n        padding-top:px;\r\n        padding-bottom:px;\r\n    }\r\n    }\r\n<\/style>            <\/div>\r\n        <\/div>\r\n    <\/div>\r\n\r\n\n\n<div id=\"Container-block_24dec94ec3ff42fb44af3ce3d3d74fd0\" class=\"Container\" style=\"background-image:url(); background-color: \">\r\n    <div class=\"container\">\r\n        <div class=\"acf-innerblocks-container\">\n\n<div class=\"wp-block-columns is-layout-flex wp-container-core-columns-is-layout-9d6595d7 wp-block-columns-is-layout-flex\">\n<div class=\"wp-block-column is-layout-flow wp-block-column-is-layout-flow\"><div id=\"WidgetCountries-block_3deb1e74d916ae98f7acadf364b1acf4\" class=\"WidgetCountries\">\r\n\r\n            <div class=\"title\"><h2 class='title'><span style=\"color: #22377b;\">Troba Fluidra<\/span><br \/>\n<span style=\"color: #1f7e93;\">al teu pa\u00eds<\/span><\/h2>\n<\/div>\r\n    \r\n    <div class=\"select__cta\">\r\n                    <select class=\"countries\">\r\n                <option value=\"\">Selecciona un pais<\/option>\r\n                                    <option value=\"https:\/\/www.fluidra.de\/\">Alemanya<\/option>\r\n                                    <option value=\"https:\/\/www.fluidra.com.au\">Austr\u00e0lia<\/option>\r\n                                    <option value=\"https:\/\/www.fluidra.at\">\u00c0ustria<\/option>\r\n                                    <option value=\"https:\/\/fluidra.com.br\">Brasil<\/option>\r\n                                    <option value=\"https:\/\/www.http:\/\/pro.fluidra.be\/\">B\u00e8lgica<\/option>\r\n                                    <option value=\"https:\/\/pro.fluidra.com\/bg_en\">Bulg\u00e0ria<\/option>\r\n                                    <option value=\"https:\/\/www.zodiac-poolcare.es\">Canad\u00e0<\/option>\r\n                                    <option value=\"https:\/\/www.fluidra.cl\/\">Xile<\/option>\r\n                                    <option value=\"https:\/\/www.fluidra.com.cy\/\">Xipre<\/option>\r\n                                    <option value=\"https:\/\/www.fluidra.com.co\/\">Col\u00e8mbia<\/option>\r\n                                    <option value=\"https:\/\/www.fluidra.hr\/\">Cro\u00e0cia<\/option>\r\n                                    <option value=\"https:\/\/www.fluidra.com.eg\/\">Egipte<\/option>\r\n                                    <option value=\"https:\/\/www.fluidrame.com\/\">Emiratss \u00c0rabs Units<\/option>\r\n                                    <option value=\"https:\/\/slovenia.si\/\">Eslov\u00e8nia<\/option>\r\n                                    <option value=\"https:\/\/pro.fluidra.com\/es_es\/\">Espanya<\/option>\r\n                                    <option value=\"https:\/\/www.fluidra.us\/\">Estats Units<\/option>\r\n                                    <option value=\"https:\/\/pro.fluidra.com\/fr_fr\">Fran\u00e7a<\/option>\r\n                                    <option value=\"https:\/\/www.fluidra.gr\/\">Gr\u00e8cia<\/option>\r\n                                    <option value=\"https:\/\/www.fluidra.hu\/\">Hongr\u00eda<\/option>\r\n                                    <option value=\"https:\/\/www.fluidra.in\/\">\u00cdndia<\/option>\r\n                                    <option value=\"https:\/\/www.fluidra.co.id\/\">Indon\u00e8sia<\/option>\r\n                                    <option value=\"https:\/\/pro.fluidra.com\/it_it\">It\u00e0lia<\/option>\r\n                                    <option value=\"https:\/\/astralpool.kz\/\">Kazajstan<\/option>\r\n                                    <option value=\"https:\/\/www.fluidra.my\/\">Mal\u00e0sia<\/option>\r\n                                    <option value=\"https:\/\/www.fluidra.ma\/\">Marroc<\/option>\r\n                                    <option value=\"https:\/\/www.fluidra.me\/\">Montenegre<\/option>\r\n                                    <option value=\"https:\/\/www.fluidra.mx\/\">M\u00e8xic<\/option>\r\n                                    <option value=\"https:\/\/www.zodiac.co.nz\/\">Nova Zelanda<\/option>\r\n                                    <option value=\"https:\/\/sibo.nl\/en\/\">Pa\u00efssos Baixos<\/option>\r\n                                    <option value=\"https:\/\/astralpool.pl\/\">Pol\u00f2nia<\/option>\r\n                                    <option value=\"https:\/\/pro.fluidra.com\/pt_pt\">Portugal<\/option>\r\n                                    <option value=\"https:\/\/www.certikin.co.uk\/en_gb\">Regne Unit<\/option>\r\n                                    <option value=\"https:\/\/pro.fluidra.com\/ro_ro\">Romania<\/option>\r\n                                    <option value=\"https:\/\/astralpool.ru\/\">R\u00fassia<\/option>\r\n                                    <option value=\"https:\/\/www.fluidra.rs\/\">S\u00e8rbia<\/option>\r\n                                    <option value=\"https:\/\/www.fluidra.sg\/\">Singapur<\/option>\r\n                                    <option value=\"https:\/\/fluidra.co.za\/\">Sud\u00e0frica<\/option>\r\n                                    <option value=\"https:\/\/www.fluidra.se\/\">Su\u00e8cia<\/option>\r\n                                    <option value=\"https:\/\/http:\/\/www.astralpool.ch\/\">Suissa<\/option>\r\n                                    <option value=\"https:\/\/www.fluidra.co.th\/\">Tail\u00e0ndia<\/option>\r\n                            <\/select>\r\n            <div class=\"ctaWhite withShadow backTo\">\r\n                <a class=\"cta\" href=\"\" target=\"_blank\">\r\n                    Visita la web                    <img loading=\"lazy\" decoding=\"async\" alt=\"icon\" rel=\"nofollow\" src=\"https:\/\/www.fluidra.com\/wp-content\/themes\/fluidra\/assets\/images\/icons\/new-window-primary.webp\" width=\"17\" height=\"16\" title=\"\">\r\n                <\/a>\r\n            <\/div>\r\n            <\/div>\r\n    <script>\r\n        document.addEventListener('DOMContentLoaded', function() {\r\n            var selectElement = document.querySelector('.WidgetCountries .countries');\r\n            var linkElement = document.querySelector('.WidgetCountries a');\r\n\r\n            selectElement.addEventListener('change', function() {\r\n                linkElement.setAttribute('href', selectElement.value);\r\n            });\r\n\r\n\r\n        });\r\n\r\n        jQuery(document).ready(function ($){\r\n\r\n            VirtualSelect.init({\r\n                ele: '.countries',\r\n                showDropboxAsPopup: false,\r\n                hideClearButton: true,\r\n                position: 'auto',\r\n                placeholder: \"Selecciona un pais\",\r\n            });\r\n\r\n            $('.WidgetCountries .countries').on('change', function (){\r\n                var href = this.value\r\n\r\n                $('.WidgetCountries .cta').attr('href', href);\r\n            })\r\n        });\r\n    <\/script>\r\n    <style>\r\n    #WidgetCountries-block_3deb1e74d916ae98f7acadf364b1acf4 {\r\n        margin-top:px;\r\n        margin-bottom:px;\r\n        padding-top:px;\r\n        padding-bottom:px\r\n    }\r\n    @media screen and (max-width: 768px) {\r\n    #WidgetCountries-block_3deb1e74d916ae98f7acadf364b1acf4 {\r\n        margin-top:px;\r\n        margin-bottom:px;\r\n        padding-top:px;\r\n        padding-bottom:px;\r\n    }\r\n    }\r\n<\/style><\/div>\r\n<\/div>\n\n\n\n<div class=\"wp-block-column is-layout-flow wp-block-column-is-layout-flow\"><\/div>\n<\/div>\n\n<\/div>\r\n    <\/div>\r\n    <style>\r\n    #Container-block_24dec94ec3ff42fb44af3ce3d3d74fd0 {\r\n        margin-top:px;\r\n        margin-bottom:px;\r\n        padding-top:px;\r\n        padding-bottom:px\r\n    }\r\n    @media screen and (max-width: 768px) {\r\n    #Container-block_24dec94ec3ff42fb44af3ce3d3d74fd0 {\r\n        margin-top:px;\r\n        margin-bottom:px;\r\n        padding-top:px;\r\n        padding-bottom:px;\r\n    }\r\n    }\r\n<\/style><\/div>\r\n","protected":false},"excerpt":{"rendered":"","protected":false},"author":2,"featured_media":0,"parent":0,"menu_order":0,"comment_status":"closed","ping_status":"closed","template":"","meta":{"_acf_changed":false,"footnotes":""},"class_list":["post-52370","page","type-page","status-publish","hentry"],"acf":[],"_links":{"self":[{"href":"https:\/\/www.fluidra.com\/ca\/wp-json\/wp\/v2\/pages\/52370","targetHints":{"allow":["GET"]}}],"collection":[{"href":"https:\/\/www.fluidra.com\/ca\/wp-json\/wp\/v2\/pages"}],"about":[{"href":"https:\/\/www.fluidra.com\/ca\/wp-json\/wp\/v2\/types\/page"}],"author":[{"embeddable":true,"href":"https:\/\/www.fluidra.com\/ca\/wp-json\/wp\/v2\/users\/2"}],"replies":[{"embeddable":true,"href":"https:\/\/www.fluidra.com\/ca\/wp-json\/wp\/v2\/comments?post=52370"}],"version-history":[{"count":11,"href":"https:\/\/www.fluidra.com\/ca\/wp-json\/wp\/v2\/pages\/52370\/revisions"}],"predecessor-version":[{"id":60534,"href":"https:\/\/www.fluidra.com\/ca\/wp-json\/wp\/v2\/pages\/52370\/revisions\/60534"}],"wp:attachment":[{"href":"https:\/\/www.fluidra.com\/ca\/wp-json\/wp\/v2\/media?parent=52370"}],"curies":[{"name":"wp","href":"https:\/\/api.w.org\/{rel}","templated":true}]}}