{"id":52372,"date":"2024-07-30T14:09:51","date_gmt":"2024-07-30T12:09:51","guid":{"rendered":"https:\/\/www.fluidra.com\/cookie-policy\/"},"modified":"2025-10-23T17:40:31","modified_gmt":"2025-10-23T15:40:31","slug":"politica-de-cookies","status":"publish","type":"page","link":"https:\/\/www.fluidra.com\/ca\/politica-de-cookies\/","title":{"rendered":"Pol\u00edtica de cookies"},"content":{"rendered":"\n<h3 class=\"wp-block-heading\">1. Qu\u00e8 \u00e9s una cookies?<\/h3>\n\n\n\n<p>Les galetes o els dispositius d&#8217;emmagatzematge i recuperaci\u00f3 de dades s\u00f3n arxius enviats per un lloc web als navegadors dels usuaris que s&#8217;emmagatzemen autom\u00e0ticament als dispositius perqu\u00e8 el lloc web pugui comprovar els h\u00e0bits de navegaci\u00f3 anteriors dels usuaris i \u00abrecon\u00e8ixer-los\u00bb.<\/p>\n\n\n\n<p>Les cookies s\u00f3n capaces de recordar un altre tipus d&#8217;informaci\u00f3 personal, com ara la contrasenya de l&#8217;usuari perqu\u00e8 no sigui necessari introduir-la cada cop que es visita un lloc web, o les prefer\u00e8ncies de l&#8217;usuari quant a la configuraci\u00f3 d&#8217;un lloc web (idioma, resoluci\u00f3 de pantalla, entre d&#8217;altres).<\/p>\n\n\n\n<p>Les cookies s\u00f3n essencials per al bon funcionament dInternet, a m\u00e9s de tenir molts avantatges en la prestaci\u00f3 de serveis interactius, ja que faciliten la navegaci\u00f3 i l\u00fas del lloc web. Les galetes no poden fer malb\u00e9 els dispositius i, mentre estiguin activades, ajuden a identificar i resoldre errors.<br><\/p>\n\n\n\n<p>En resum, una galeta \u00e9s simplement un conjunt de dades sobre els h\u00e0bits de navegaci\u00f3 que s&#8217;emmagatzemen al dispositiu d&#8217;un usuari i que els llocs web detecten i reconeixen per poder \u00abrecordar\u00bb els h\u00e0bits de navegaci\u00f3 d&#8217;aquest usuari.<br><\/p>\n\n\n\n<p>Tingueu en compte que no totes les galetes impliquen un tractament de dades personals i, en cas de tractament d&#8217;aquestes dades, durem a terme el tractament d&#8217;acord amb la nostra <a href=\"https:\/\/www.fluidra.com\/ca\/politica-de-privadesa\/\" data-type=\"link\" data-id=\"https:\/\/www.fluidra.com\/ca\/politica-de-privadesa\/\">Pol\u00edtica General de Privadesa.<\/a><br><\/p>\n\n\n\n<p>A continuaci\u00f3, s&#8217;ofereix m\u00e9s informaci\u00f3 sobre les galetes utilitzades al lloc web.<br><\/p>\n\n\n\n<p>Aquest lloc web utilitza galetes pr\u00f2pies i de tercers, amb l&#8217;objectiu de millorar l&#8217;experi\u00e8ncia de navegaci\u00f3 dels usuaris.<br><\/p>\n\n\n\n<p>Les tecnologies seg\u00fcents s&#8217;utilitzen per obtenir aquesta informaci\u00f3.<\/p>\n\n\n\n<h3 class=\"wp-block-heading\">2. Cookies necess\u00e0ries<\/h3>\n\n\n\n<figure class=\"wp-block-table\"><table class=\"has-fixed-layout\"><thead><tr><th>Nom de la cookie<\/th><th>Domini<\/th><th>Finalitat<\/th><th>Durada<\/th><th>Tipus<\/th><\/tr><\/thead><tbody><tr><td>id<\/td><td>www.fluidra.com<\/td><td>Conserva els estats dels usuaris en totes les peticions de la p\u00e0gina.<\/td><td>Sessi\u00f3<\/td><td>HTTP<\/td><\/tr><tr><td>incap_ses_#<\/td><td>fluidra.com<\/td><td>Conserva els estats dels usuaris en totes les peticions de la p\u00e0gina.<\/td><td>Sessi\u00f3<\/td><td>HTTP<\/td><\/tr><tr><td>SID<\/td><td>www.fluidra.com<\/td><td>Conserva los estados de los usuarios en todas las peticiones de la p\u00e1gina.<\/td><td>Sessi\u00f3<\/td><td>HTTP<\/td><\/tr><tr><td>visid_incap_#<\/td><td>fluidra.com<\/td><td>Conserva els estats dels usuaris en totes les peticions de la p\u00e0gina.<\/td><td>1 any<\/td><td>HTTP<\/td><\/tr><tr><td>CONSENT&nbsp;[x2]<\/td><td>www.fluidra.com<br><a href=\"https:\/\/policies.google.com\/privacy\" rel=\"noreferrer noopener\" target=\"_blank\">YouTube<\/a><\/td><td>Utilitzada per detectar si el visitant ha acceptat la categoria de m\u00e0rqueting al b\u00e0ner de cookies. Aquesta cookie \u00e9s necess\u00e0ria per complir amb el RGPD.<\/td><td>Sessi\u00f3<\/td><td>HTTP<\/td><\/tr><tr><td>CookieConsent<\/td><td><a href=\"https:\/\/www.cookiebot.com\/goto\/privacy-policy\/\" rel=\"noreferrer noopener\" target=\"_blank\">Cookiebot<\/a><\/td><td>Emmagatzema l\u2019estat del consentiment de cookies de l\u2019usuari per al domini actual.<\/td><td>1 any<\/td><td>HTTP<\/td><\/tr><tr><td>language_switched<\/td><td>www.fluidra.com<\/td><td>\u00c9s una cookie pr\u00f2pia que emmagatzema les prefer\u00e8ncies d\u2019idioma de l\u2019usuari, per a la correcta visualitzaci\u00f3 del lloc en l\u2019idioma seleccionat.<\/td><td>Sessi\u00f3<\/td><td>HTTP<\/td><\/tr><tr><td>PHPSESSID<\/td><td>www.fluidra.com<\/td><td>Conserva els estats dels usuaris en totes les peticions de la p\u00e0gina.<\/td><td>Sessi\u00f3<\/td><td>HTTP<\/td><\/tr><\/tbody><\/table><\/figure>\n\n\n\n<h3 class=\"wp-block-heading\">3. Cookies T\u00e8cniques\/Prefer\u00e8ncies<\/h3>\n\n\n\n<figure class=\"wp-block-table\"><table class=\"has-fixed-layout\"><thead><tr><th>Nom de la cookie<\/th><th>Domini<\/th><th>Finalitat<\/th><th>Durada<\/th><th>Tipus<\/th><\/tr><\/thead><tbody><tr><td>PREF<\/td><td>www.fluidra.com<\/td><td>La cookie PREF \u00e9s utilitzada per diversos serveis de Google, com YouTube, per emmagatzemar les prefer\u00e8ncies dels usuaris. Aquestes prefer\u00e8ncies poden incloure informaci\u00f3 com ara l&#8217;idioma preferit, el nombre de resultats de cerca mostrats per p\u00e0gina i altres configuracions personalitzades. Aquesta galeta permet que els serveis de Google ofereixin una experi\u00e8ncia m\u00e9s personalitzada a l&#8217;usuari en recordar les vostres prefer\u00e8ncies en futures visites.<\/td><td>Sessi\u00f3<\/td><td>HTTP<\/td><\/tr><\/tbody><\/table><\/figure>\n\n\n\n<h3 class=\"wp-block-heading\">&nbsp;<\/h3>\n\n\n\n<h3 class=\"wp-block-heading\">4. Cookies Estad\u00edstiques<\/h3>\n\n\n\n<figure class=\"wp-block-table\"><table class=\"has-fixed-layout\"><thead><tr><th>Nom de la cookie<\/th><th>Domini<\/th><th>Finalitat<\/th><th>Durada<\/th><th>Tipus<\/th><\/tr><\/thead><tbody><tr><td>_dc_gtm_UA-#<\/td><td>www.fluidra.com<\/td><td>Utilitzada per Google Tag Manager per controlar la c\u00e0rrega d\u2019una etiqueta de script de Google Analytics.<\/td><td>Sessi\u00f3<\/td><td>HTTP<\/td><\/tr><tr><td>_ga<\/td><td>www.fluidra.com<\/td><td>Registra una identificaci\u00f3 \u00fanica que s\u2019utilitza per generar dades estad\u00edstiques sobre com utilitza el visitant el lloc web.<\/td><td>Sessi\u00f3<\/td><td>HTTP<\/td><\/tr><tr><td>_gat<\/td><td>www.fluidra.com<\/td><td>Utilitzada per Google Analytics per controlar la taxa de peticions.<\/td><td>Sessi\u00f3<\/td><td>HTTP<\/td><\/tr><tr><td>_gid<\/td><td>www.fluidra.com<\/td><td>Utilitzada per Google Analytics per controlar la taxa de peticions.<\/td><td>Sessi\u00f3<\/td><td>HTTP<\/td><\/tr><tr><td>collect<\/td><td><a href=\"https:\/\/policies.google.com\/privacy\" rel=\"noreferrer noopener\" target=\"_blank\">Google<\/a><\/td><td>S\u2019utilitza per enviar dades a Google Analytics sobre el dispositiu del visitant i el seu comportament. Rastreja el visitant a trav\u00e9s de dispositius i canals de m\u00e0rqueting.<\/td><td>Sessi\u00f3<\/td><td>Pixel<\/td><\/tr><tr><td>ga:clientId<\/td><td>www.fluidra.com<\/td><td>Registra dades estad\u00edstiques del comportament del visitant al web. Aix\u00f2 s\u2019utilitza per a an\u00e0lisis internes per part de l\u2019operador del lloc web.<\/td><td>Persistent<\/td><td>HTML<\/td><\/tr><tr><td>td<\/td><td><a href=\"https:\/\/policies.google.com\/privacy\" rel=\"noreferrer noopener\" target=\"_blank\">Google<\/a><\/td><td>Registra dades estad\u00edstiques del comportament del visitant al web. Aix\u00f2 s\u2019utilitza per a an\u00e0lisis internes per part de l\u2019operador del lloc web.<\/td><td>Sessi\u00f3<\/td><td>Pixel<\/td><\/tr><\/tbody><\/table><\/figure>\n\n\n\n<h3 class=\"wp-block-heading\">5. Cookies de Marketing<\/h3>\n\n\n\n<figure class=\"wp-block-table\"><table class=\"has-fixed-layout\"><thead><tr><th>Nombre<\/th><th>Proveedor<\/th><th>Prop\u00f3sito<\/th><th>Caducidad<\/th><th>Tipo<\/th><\/tr><\/thead><tbody><tr><td>DSID<\/td><td>www.fluidra.com<\/td><td>Utilitzada per Google DoubleClick per a redirecci\u00f3, optimitzaci\u00f3, informes i atribuci\u00f3 d\u2019anuncis en l\u00ednia.<\/td><td>Sessi\u00f3<\/td><td>HTTP<\/td><\/tr><tr><td>IDE<\/td><td>www.fluidra.com<\/td><td>Utilitzada per Google DoubleClick per registrar i informar sobre les accions de l\u2019usuari despr\u00e9s de veure o fer clic en un anunci, amb la finalitat de mesurar-ne l\u2019efic\u00e0cia i mostrar anuncis espec\u00edfics.<\/td><td>Sessi\u00f3<\/td><td>HTTP<\/td><\/tr><tr><td>APISID<\/td><td>www.fluidra.com<\/td><td>Cookies de Google per mantenir la sessi\u00f3 iniciada i millorar l\u2019experi\u00e8ncia d\u2019\u00fas en serveis amb complements externs.<\/td><td>Sessi\u00f3<\/td><td>HTTP<\/td><\/tr><tr><td>HSID<\/td><td>www.fluidra.com<\/td><td>Cookies de Google per mantenir la sessi\u00f3 iniciada i millorar l\u2019experi\u00e8ncia d\u2019\u00fas en serveis amb complements externs.<\/td><td>Sessi\u00f3<\/td><td>HTTP<\/td><\/tr><tr><td>SAPISID<\/td><td>www.fluidra.com<\/td><td>Cookies de Google per mantenir la sessi\u00f3 iniciada i millorar l\u2019experi\u00e8ncia d\u2019\u00fas en serveis amb complements externs.<\/td><td>Sessi\u00f3<\/td><td>HTTP<\/td><\/tr><tr><td>SSID<\/td><td>www.fluidra.com<\/td><td>Registra una identificaci\u00f3 \u00fanica que Google utilitza per mantenir estad\u00edstiques sobre l\u2019\u00fas de v\u00eddeos de YouTube en diferents llocs web.<\/td><td>Sessi\u00f3<\/td><td>HTTP<\/td><\/tr><tr><td>1P_JAR<\/td><td>www.fluidra.com<\/td><td>Recull informaci\u00f3 sobre el comportament del visitant en diversos llocs web per optimitzar la rellev\u00e0ncia de la publicitat.<\/td><td>Sessi\u00f3<\/td><td>HTTP<\/td><\/tr><tr><td>NID<\/td><td>www.fluidra.com<\/td><td>Registra una identificaci\u00f3 \u00fanica del dispositiu d\u2019un usuari recurrent per mostrar anuncis espec\u00edfics.<\/td><td>Sessi\u00f3<\/td><td>HTTP<\/td><\/tr><tr><td>___utmvc<\/td><td>www.fluidra.com<\/td><td>Recull informaci\u00f3 sobre el comportament del visitant en diversos llocs web per optimitzar la rellev\u00e0ncia de la publicitat.<\/td><td>1 dia<\/td><td>HTTP<\/td><\/tr><tr><td>DV<\/td><td>www.fluidra.com<\/td><td>Identifica l\u2019usuari si ha iniciat sessi\u00f3 amb el seu compte de Google.<\/td><td>Sessi\u00f3<\/td><td>HTTP<\/td><\/tr><tr><td>LAST_RESULT_ENTRY_KEY<\/td><td><a href=\"https:\/\/policies.google.com\/privacy\" rel=\"noreferrer noopener\" target=\"_blank\">YouTube<\/a><\/td><td>S\u2019utilitza per rastrejar la interacci\u00f3 de l\u2019usuari amb el contingut incrustat.<\/td><td>Sessi\u00f3<\/td><td>HTTP<\/td><\/tr><tr><td>LogsDatabaseV2:V#||LogsRequestsStore<\/td><td><a href=\"https:\/\/policies.google.com\/privacy\" rel=\"noreferrer noopener\" target=\"_blank\">YouTube<\/a><\/td><td>Emmagatzema les prefer\u00e8ncies del reproductor de v\u00eddeo de l\u2019usuari amb v\u00eddeos de YouTube incrustats.<\/td><td>Persistent<\/td><td>IDB<\/td><\/tr><tr><td>remote_sid<\/td><td><a href=\"https:\/\/policies.google.com\/privacy\" rel=\"noreferrer noopener\" target=\"_blank\">YouTube<\/a><\/td><td>Necess\u00e0ria per a la implementaci\u00f3 i funcionalitat del contingut de v\u00eddeo de YouTube al web.<\/td><td>Sessi\u00f3<\/td><td>HTTP<\/td><\/tr><tr><td>TESTCOOKIESENABLED<\/td><td><a href=\"https:\/\/policies.google.com\/privacy\" rel=\"noreferrer noopener\" target=\"_blank\">YouTube<\/a><\/td><td>S\u2019utilitza per rastrejar la interacci\u00f3 de l\u2019usuari amb el contingut incrustat.<\/td><td>1 da<\/td><td>HTTP<\/td><\/tr><tr><td>VISITOR_INFO1_LIVE<\/td><td><a href=\"https:\/\/policies.google.com\/privacy\" rel=\"noreferrer noopener\" target=\"_blank\">YouTube<\/a><\/td><td>Intenta calcular l\u2019amplada de banda de l\u2019usuari en p\u00e0gines amb v\u00eddeos de YouTube incrustats.<\/td><td>180 dies<\/td><td>HTTP<\/td><\/tr><tr><td>YSC<\/td><td><a href=\"https:\/\/policies.google.com\/privacy\" rel=\"noreferrer noopener\" target=\"_blank\">YouTube<\/a><\/td><td>Registra una identificaci\u00f3 \u00fanica per mantenir estad\u00edstiques dels v\u00eddeos de YouTube que ha vist l\u2019usuari.<\/td><td>Sessi\u00f3<\/td><td>HTTP<\/td><\/tr><tr><td>ytidb::LAST_RESULT_ENTRY_KEY<\/td><td><a href=\"https:\/\/policies.google.com\/privacy\" rel=\"noreferrer noopener\" target=\"_blank\">YouTube<\/a><\/td><td>S\u2019utilitza per rastrejar la interacci\u00f3 de l\u2019usuari amb el contingut incrustat.<\/td><td>Persistent<\/td><td>HTML<\/td><\/tr><tr><td>YtIdbMeta#databases<\/td><td><a href=\"https:\/\/policies.google.com\/privacy\" rel=\"noreferrer noopener\" target=\"_blank\">YouTube<\/a><\/td><td>S\u2019utilitza per rastrejar la interacci\u00f3 de l\u2019usuari amb el contingut incrustat.<\/td><td>Persistent<\/td><td>IDB<\/td><\/tr><tr><td>yt-remote-cast-available<\/td><td><a href=\"https:\/\/policies.google.com\/privacy\" rel=\"noreferrer noopener\" target=\"_blank\">YouTube<\/a><\/td><td>Registra les prefer\u00e8ncies del reproductor de v\u00eddeo de l\u2019usuari en veure v\u00eddeos incrustats de YouTube.<\/td><td>Sessi\u00f3<\/td><td>HTML<\/td><\/tr><tr><td>yt-remote-cast-installed<\/td><td><a href=\"https:\/\/policies.google.com\/privacy\" rel=\"noreferrer noopener\" target=\"_blank\">YouTube<\/a><\/td><td>Registra les prefer\u00e8ncies del reproductor de v\u00eddeo de l\u2019usuari en veure v\u00eddeos incrustats de YouTube.<\/td><td>Sessi\u00f3<\/td><td>HTML<\/td><\/tr><tr><td>yt-remote-connected-devices<\/td><td><a href=\"https:\/\/policies.google.com\/privacy\" rel=\"noreferrer noopener\" target=\"_blank\">YouTube<\/a><\/td><td>Registra les prefer\u00e8ncies del reproductor de v\u00eddeo de l\u2019usuari en veure v\u00eddeos incrustats de YouTube.<\/td><td>Persistent<\/td><td>HTML<\/td><\/tr><tr><td>yt-remote-device-id<\/td><td><a href=\"https:\/\/policies.google.com\/privacy\" rel=\"noreferrer noopener\" target=\"_blank\">YouTube<\/a><\/td><td>Registra les prefer\u00e8ncies del reproductor de v\u00eddeo de l\u2019usuari en veure v\u00eddeos incrustats de YouTube.<\/td><td>Persistent<\/td><td>HTML<\/td><\/tr><tr><td>yt-remote-fast-check-period<\/td><td><a href=\"https:\/\/policies.google.com\/privacy\" rel=\"noreferrer noopener\" target=\"_blank\">YouTube<\/a><\/td><td>Registra les prefer\u00e8ncies del reproductor de v\u00eddeo de l\u2019usuari en veure v\u00eddeos incrustats de YouTube.<\/td><td>Sessi\u00f3<\/td><td>HTML<\/td><\/tr><tr><td>yt-remote-session-app<\/td><td><a href=\"https:\/\/policies.google.com\/privacy\" rel=\"noreferrer noopener\" target=\"_blank\">YouTube<\/a><\/td><td>Registra les prefer\u00e8ncies del reproductor de v\u00eddeo de l\u2019usuari en veure v\u00eddeos incrustats de YouTube.<\/td><td>Sessi\u00f3<\/td><td>HTML<\/td><\/tr><tr><td>yt-remote-session-name<\/td><td><a href=\"https:\/\/policies.google.com\/privacy\" rel=\"noreferrer noopener\" target=\"_blank\">YouTube<\/a><\/td><td>Registra les prefer\u00e8ncies del reproductor de v\u00eddeo de l\u2019usuari en veure v\u00eddeos incrustats de YouTube.<\/td><td>Sessi\u00f3<\/td><td>HTML<\/td><\/tr><\/tbody><\/table><\/figure>\n\n\n\n<h3 class=\"wp-block-heading\">6. Configuraci\u00f3 de cookies<\/h3>\n\n\n\n<p>Podeu configurar les galetes a trav\u00e9s del Configurador de Cookies d&#8217;aquesta Pol\u00edtica, a trav\u00e9s del vostre navegador i tamb\u00e9 a trav\u00e9s dels llocs web d&#8217;aquells tercers que instal\u00b7lin cookies al dispositiu.<\/p>\n\n\n\n<h4 class=\"wp-block-heading\">6.1\u00a0Deshabilitar les cookies a trav\u00e9s del Configurador de Cookies<\/h4>\n\n\n\n<p>Podeu donar o revocar el vostre consentiment en relaci\u00f3 amb la tipologia de cookies usades a trav\u00e9s del Configurador de Cookies.<\/p>\n\n\n\n<h4 class=\"wp-block-heading\">6.2 Deshabilitar les cookies mitjan\u00e7ant el navegador<\/h4>\n\n\n\n<p>Tots els navegadors d&#8217;Internet permeten als usuaris restringir el comportament d&#8217;una galeta o fins i tot desactivar les galetes modificant la configuraci\u00f3 o les opcions del navegador. Els passos per fer-ho s\u00f3n diferents per a cada navegador. Podeu trobar instruccions espec\u00edfiques al men\u00fa d&#8217;ajuda del vostre navegador.<\/p>\n\n\n\n<p>Depenent del navegador utilitzat, l&#8217;usuari pot habilitar qualsevol de les opcions seg\u00fcents per limitar l&#8217;abast de les galetes instal\u00b7lades o la manera com s&#8217;executen:<\/p>\n\n\n\n<ul class=\"wp-block-list\">\n<li>L&#8217;opci\u00f3 de navegaci\u00f3 privada perqu\u00e8 no s&#8217;emmagatzemi l&#8217;historial de navegaci\u00f3, les contrasenyes dels llocs web, les galetes i una altra informaci\u00f3 sobre els llocs web visitats.<\/li>\n\n\n\n<li>La funci\u00f3 \u00abno rastrejar\u00bb, mitjan\u00e7ant la qual el navegador demana que els llocs web visitats no rastregin els seus h\u00e0bits de navegaci\u00f3, per exemple, per mostrar publicitat que pugui ser del vostre inter\u00e8s en els llocs web que visita.<\/li>\n<\/ul>\n\n\n\n<figure class=\"wp-block-table\"><table class=\"has-fixed-layout\"><thead><tr><th><strong>Navegador<\/strong><\/th><th><strong>Enlla\u00e7<\/strong><\/th><\/tr><\/thead><tbody><tr><td>Microsoft Internet Explorer<\/td><td><a href=\"https:\/\/support.microsoft.com\/en-gb\/help\/17442\/windows-internet-explorer-delete-manage-cookies#\" target=\"_blank\" rel=\"noreferrer noopener\">https:\/\/support.microsoft.com\/en-gb\/help\/17442\/windows-internet-explorer-delete-manage-cookies#<\/a><\/td><\/tr><tr><td>Apple Safari<\/td><td><a href=\"https:\/\/support.apple.com\/es-es\/guide\/safari\/sfri11471\/mac\" target=\"_blank\" rel=\"noreferrer noopener\">https:\/\/support.apple.com\/es-es\/guide\/safari\/sfri11471\/mac<\/a><\/td><\/tr><tr><td>Google Chrome<\/td><td><a href=\"https:\/\/support.google.com\/chrome\/answer\/95647?hl=en-GB\" target=\"_blank\" rel=\"noreferrer noopener\">https:\/\/support.google.com\/chrome\/answer\/95647?hl=en-GB<\/a><\/td><\/tr><tr><td>Mozilla Firefox<\/td><td><a href=\"https:\/\/support.mozilla.org\/en-US\/kb\/enhanced-tracking-protection-firefox-desktop?redirectlocale=en-US&amp;amp;redirectslug=enable-and-disable-cookies-website%20preferences\" target=\"_blank\" rel=\"noreferrer noopener\">https:\/\/support.mozilla.org\/en-US\/kb\/enhanced-tracking-protection-firefox-desktop?redirectlocale=en-US&amp;amp;redirectslug=enable-and-disable-cookies-website preferences<\/a><br><a href=\"https:\/\/support.mozilla.org\/es\/kb\/Borrar%20cookies\" target=\"_blank\" rel=\"noreferrer noopener\">https:\/\/support.mozilla.org\/es\/kb\/Borrar cookies<\/a><\/td><\/tr><\/tbody><\/table><\/figure>\n\n\n\n<p>Tingueu en compte que si desactiva les cookies esmentades no podem saber el que li agrada o no li agrada de les nostres p\u00e0gines i ens ser\u00e0 dif\u00edcil millorar la seva experi\u00e8ncia d&#8217;usuari en aquest lloc web.<\/p>\n\n\n\n<h3 class=\"wp-block-heading\">7. Transfer\u00e8ncies internacionals de cookies<\/h3>\n\n\n\n<p>Recordeu que l&#8217;\u00fas de cookies, en funci\u00f3 de la vostra configuraci\u00f3, pot implicar una transfer\u00e8ncia de dades fora de l&#8217;Espai Econ\u00f2nic Europeu, cap als Estats Units, en virtut de l&#8217;article 45 del Reglament Europeu de Protecci\u00f3 de Dades. Aquest tercer pa\u00eds compta amb una decisi\u00f3 d&#8217;adequaci\u00f3 i els tercers relacionats estan certificats pel nou marc de privadesa. Per a m\u00e9s informaci\u00f3, podeu consultar el seg\u00fcent enlla\u00e7: <a href=\"https:\/\/commission.europa.eu\/document\/fa09cbad-dd7d-4684-ae60-be03fcb0fddf_en\" target=\"_blank\" rel=\"noopener\">https:\/\/commission.europa.eu\/document\/fa09cbad-dd7d-4684-ae60-be03fcb0fddf_en<\/a><\/p>\n\n\n\n<h3 class=\"wp-block-heading\">8. M\u00e9s informaci\u00f3 i exercici dels vostres drets<\/h3>\n\n\n\n<p>Sense perjudici de les possibilitats ofertes per a la instal\u00b7laci\u00f3 de cookies, aix\u00ed com dels diferents mecanismes de gesti\u00f3 de les mateixes disponibles en aquesta Pol\u00edtica, si teniu algun dubte sobre el tractament de les vostres dades personals o voleu exercir els vostres drets, consulteu la nostra <a href=\"https:\/\/www.fluidra.com\/ca\/politica-de-privadesa\/\" data-type=\"link\" data-id=\"https:\/\/www.fluidra.com\/ca\/politica-de-privadesa\/\">Pol\u00edtica General de Privadesa<\/a> per obtenir m\u00e9s informaci\u00f3.<\/p>\n","protected":false},"excerpt":{"rendered":"<p>1. Qu\u00e8 \u00e9s una cookies? Les galetes o els dispositius d&#8217;emmagatzematge i recuperaci\u00f3 de dades s\u00f3n arxius enviats per un lloc web als navegadors dels usuaris que s&#8217;emmagatzemen autom\u00e0ticament als dispositius perqu\u00e8 el lloc web pugui comprovar els h\u00e0bits de navegaci\u00f3 anteriors dels usuaris i \u00abrecon\u00e8ixer-los\u00bb. Les cookies s\u00f3n capaces de recordar un altre tipus [&hellip;]<\/p>\n","protected":false},"author":2,"featured_media":0,"parent":0,"menu_order":2,"comment_status":"closed","ping_status":"closed","template":"page-templates\/template-legals.php","meta":{"_acf_changed":false,"footnotes":""},"class_list":["post-52372","page","type-page","status-publish","hentry"],"acf":[],"_links":{"self":[{"href":"https:\/\/www.fluidra.com\/ca\/wp-json\/wp\/v2\/pages\/52372","targetHints":{"allow":["GET"]}}],"collection":[{"href":"https:\/\/www.fluidra.com\/ca\/wp-json\/wp\/v2\/pages"}],"about":[{"href":"https:\/\/www.fluidra.com\/ca\/wp-json\/wp\/v2\/types\/page"}],"author":[{"embeddable":true,"href":"https:\/\/www.fluidra.com\/ca\/wp-json\/wp\/v2\/users\/2"}],"replies":[{"embeddable":true,"href":"https:\/\/www.fluidra.com\/ca\/wp-json\/wp\/v2\/comments?post=52372"}],"version-history":[{"count":20,"href":"https:\/\/www.fluidra.com\/ca\/wp-json\/wp\/v2\/pages\/52372\/revisions"}],"predecessor-version":[{"id":60695,"href":"https:\/\/www.fluidra.com\/ca\/wp-json\/wp\/v2\/pages\/52372\/revisions\/60695"}],"wp:attachment":[{"href":"https:\/\/www.fluidra.com\/ca\/wp-json\/wp\/v2\/media?parent=52372"}],"curies":[{"name":"wp","href":"https:\/\/api.w.org\/{rel}","templated":true}]}}