{"id":52373,"date":"2024-07-30T14:09:34","date_gmt":"2024-07-30T12:09:34","guid":{"rendered":"https:\/\/www.fluidra.com\/legal-notice\/"},"modified":"2025-10-23T17:18:57","modified_gmt":"2025-10-23T15:18:57","slug":"avis-legal","status":"publish","type":"page","link":"https:\/\/www.fluidra.com\/ca\/avis-legal\/","title":{"rendered":"Av\u00eds legal"},"content":{"rendered":"\n<h2 class=\"wp-block-heading\">Av\u00eds legal i condicions d&#8217;\u00fas a la web<\/h2>\n\n\n\n<p>Els drets d&#8217;\u00fas i explotaci\u00f3 del portal web del canal Professional (d&#8217;ara endavant, el Portal) corresponen a FLUIDRA S.A. amb CIF A17728593 situada a l&#8217;av. Alcalde Barnils, 69, 08174, Sant Cugat del Vall\u00e8s (Barcelona) (d&#8217;ara endavant \u201cFLUIDRA\u201d).<\/p>\n\n\n\n<p>Podeu contactar-nos a <a href=\"mailto:info@fluidra.com\">info@fluidra.com<\/a><\/p>\n\n\n\n<h3 class=\"wp-block-heading\"><strong>1. Objecte i abast<\/strong><\/h3>\n\n\n\n<p>El portal web t\u00e9 el prop\u00f2sit de facilitar a l&#8217;usuari informaci\u00f3 relativa a FLUIDRA quant a les seves activitats, \u00e0rees de negoci, marques, projectes, not\u00edcies publicades, vacants, informaci\u00f3 bors\u00e0ria, informaci\u00f3 corporativa i qualsevol altra informaci\u00f3 d&#8217;inter\u00e8s (d&#8217;ara endavant el \u201cPortal\u201d)<\/p>\n\n\n\n<p>El Portal t\u00e9 car\u00e0cter informatiu.<\/p>\n\n\n\n<h3 class=\"wp-block-heading\">2. Condicions d&#8217;\u00fas<\/h3>\n\n\n\n<p>Aquestes Condicions d&#8217;\u00das regulen l&#8217;acc\u00e9s i la utilitzaci\u00f3 del Portal. L&#8217;acc\u00e9s implica l&#8217;acceptaci\u00f3 sense reserves de les presents Condicions d&#8217;\u00das.<\/p>\n\n\n\n<p>L&#8217;usuari \u00e9s l&#8217;\u00fanic responsable per l&#8217;\u00fas que pugui donar al Portal, per tot contingut que reprodueixi a trav\u00e9s del Portal i per qualsevol conseq\u00fc\u00e8ncia que se&#8217;n derivi.<\/p>\n\n\n\n<p>L&#8217;usuari es compromet a utilitzar aquest Portal, els seus continguts i serveis de conformitat amb la Llei, aquestes Condicions d&#8217;\u00das, els bons costums i l&#8217;ordre p\u00fablic. De la mateixa manera s&#8217;obliga a no utilitzar el Portal, els seus continguts o els serveis que es prestin a trav\u00e9s d&#8217;aquest amb fins o efectes il\u00b7l\u00edcits o contraris al contingut de les presents Condicions d&#8217;\u00das, lesius dels interessos o drets de tercers, o que de qualsevol manera pugui danyar, inutilitzar, fer inaccessibles o deteriorar el Portal, els seus continguts o els seus serveis o impedir-ne un normal gaudi.<\/p>\n\n\n\n<p>Aix\u00ed mateix, l&#8217;usuari es compromet expressament a no destruir, alterar, inutilitzar o, de qualsevol altra manera, danyar les dades, programes o documents electr\u00f2nics que es trobin al Portal, i no obstaculitzar l&#8217;acc\u00e9s d&#8217;altres usuaris mitjan\u00e7ant el consum massiu dels recursos inform\u00e0tics a trav\u00e9s del qual FLUIDRA presta el servei, aix\u00ed com realitzar accions que facin malb\u00e9, interrompin o generin.<\/p>\n\n\n\n<p>De la mateixa manera, es compromet a no introduir programes, virus, macros, applets, controls ActiveX o qualsevol altre dispositiu l\u00f2gic o seq\u00fc\u00e8ncia de car\u00e0cters que causin o siguin susceptibles de causar qualsevol tipus d&#8217;alteraci\u00f3 als sistemes inform\u00e0tics de FLUIDRA o de tercers.<\/p>\n\n\n\n<p>Els documents i gr\u00e0fics publicats en aquest servidor podrien incloure incorreccions t\u00e8cniques i errors tipogr\u00e0fics. Els canvis s\u00f3n afegits peri\u00f2dicament a la informaci\u00f3 disponible. FLUIDRA i\/o el seu respectiu subministrador poden realitzar millores i\/o canvis al programa en qualsevol moment.<\/p>\n\n\n\n<p>FLUIDRA es reserva el dret a deshabilitar o bloquejar l&#8217;acc\u00e9s al Portal al Professional en cas que infringeixi aquestes Condicions d&#8217;\u00das, els drets de tercers o la legislaci\u00f3 aplicable.<\/p>\n\n\n\n<p>FLUIDRA no es fa responsable dels possibles errors de seguretat que es puguin produir ni dels possibles danys que puguin causar-se al dispositiu del client\/usuari (hardware i software) i els fitxers o documents emmagatzemats en aquest, com a conseq\u00fc\u00e8ncia de la pres\u00e8ncia de virus al dispositiu del client\/usuari utilitzat per a la connexi\u00f3 als serveis i continguts del Portal, d&#8217;un mal funcionament d&#8217;Internet, d&#8217;avaries Portal motivats per causes alienes a FLUIDRA.<\/p>\n\n\n\n<h3 class=\"wp-block-heading\">3. Llic\u00e8ncia d&#8217;\u00fas del portal<\/h3>\n\n\n\n<p>FLUIDRA \u00e9s el propietari i titular de tots els drets sobre el Portal i, en aquest sentit, atorga al client\/usuari una llic\u00e8ncia d&#8217;\u00fas gratu\u00efta, per utilitzar el contingut i les funcionalitats disponibles al Portal d&#8217;acord amb els usos per als quals ha estat dissenyat i, en particular, d&#8217;acord amb el que preveu aquest document i\/o la llei aplicable.<\/p>\n\n\n\n<p>La llic\u00e8ncia d&#8217;\u00fas del Portal es limita a l&#8217;\u00e0mbit territorial europeu, per la qual cosa malgrat que el Professional pugui accedir al Portal des de fora d&#8217;Europa, l&#8217;\u00fas nom\u00e9s est\u00e0 autoritzat dins d&#8217;Europa.<\/p>\n\n\n\n<h3 class=\"wp-block-heading\">4. Propietat intel\u00b7lectual i industrial<\/h3>\n\n\n\n<p>Tots els drets de propietat intel\u00b7lectual i industrial sobre la informaci\u00f3, dades, gr\u00e0fics, dissenys, programari, marques i altres continguts del Portal s\u00f3n propietat de FLUIDRA i\/o dels seus llicenciants, per la qual cosa queda prohibida la seva utilitzaci\u00f3, reproducci\u00f3, transmissi\u00f3, transformaci\u00f3, distribuci\u00f3, o explotaci\u00f3 de qualsevol manera per part del client\/usuari, excepte com a part del servei en qu\u00e8 es troba integrada. L&#8217;incompliment podr\u00e0 donar lloc a l&#8217;exercici de totes les accions judicials o extrajudicials que els puguin correspondre en l&#8217;exercici dels seus drets.<\/p>\n\n\n\n<p>Fluidra prohibeix qualsevol acci\u00f3 contr\u00e0ria a la legislaci\u00f3 vigent, de la documentaci\u00f3\/continguts que pugui ser descarregat des del Portal, en concret no es permet manipular ni fer un \u00fas diferent dels continguts entre ells cat\u00e0legs de productes, cat\u00e0legs de preus entre d&#8217;altres.<\/p>\n\n\n\n<h3 class=\"wp-block-heading\">5. Pol\u00edtica de Privadesa<\/h3>\n\n\n\n<p>Si voleu m\u00e9s informaci\u00f3 sobre el tractament de les vostres dades, adreceu-vos a la nostra <a href=\"https:\/\/www.fluidra.com\/ca\/politica-de-privadesa\/\" data-type=\"link\" data-id=\"https:\/\/www.fluidra.com\/ca\/politica-de-privadesa\/\">Pol\u00edtica General de Privadesa.<\/a><\/p>\n\n\n\n<h3 class=\"wp-block-heading\">6. \u00das de cookies<\/h3>\n\n\n\n<p>Si desitgeu m\u00e9s informaci\u00f3 sobre el de les cookies en aquest Lloc Web, dirigiu-vos a la nostra <a href=\"https:\/\/www.fluidra.com\/ca\/politica-de-cookies\/\" data-type=\"link\" data-id=\"https:\/\/www.fluidra.com\/ca\/politica-de-cookies\/\">Pol\u00edtica de Cookies.<\/a><\/p>\n\n\n\n<h3 class=\"wp-block-heading\">7. Interrupcions i modificacions<\/h3>\n\n\n\n<p>Els serveis del Portal es poden veure interromputs a causa de treballs de manteniment o errades alienes al control de FLUIDRA, que seran solucionats en un per\u00edode de temps raonable.<br><\/p>\n\n\n\n<p>FLUIDRA, es reserva el dret de modificar en qualsevol moment i sense av\u00eds previ les caracter\u00edstiques, funcions o l&#8217;abast dels serveis del Portal, aix\u00ed com qualsevol informaci\u00f3 aqu\u00ed recollida. L&#8217;usuari ser\u00e0 informat en un termini raonable sobre aquestes modificacions.<\/p>\n\n\n\n<h3 class=\"wp-block-heading\">8. Jurisdicci\u00f3 i Llei aplicable<\/h3>\n\n\n\n<p>El Portal es regir\u00e0 i s&#8217;interpretar\u00e0 de conformitat amb la legislaci\u00f3 espanyola. En cas que sorgeixi alguna discrep\u00e0ncia o conflicte, les dues parts se subscriuen als Jutjats i Tribunals de Barcelona.<\/p>\n","protected":false},"excerpt":{"rendered":"<p>Av\u00eds legal i condicions d&#8217;\u00fas a la web Els drets d&#8217;\u00fas i explotaci\u00f3 del portal web del canal Professional (d&#8217;ara endavant, el Portal) corresponen a FLUIDRA S.A. amb CIF A17728593 situada a l&#8217;av. Alcalde Barnils, 69, 08174, Sant Cugat del Vall\u00e8s (Barcelona) (d&#8217;ara endavant \u201cFLUIDRA\u201d). Podeu contactar-nos a info@fluidra.com 1. Objecte i abast El portal [&hellip;]<\/p>\n","protected":false},"author":2,"featured_media":0,"parent":0,"menu_order":3,"comment_status":"closed","ping_status":"closed","template":"page-templates\/template-legals.php","meta":{"_acf_changed":false,"footnotes":""},"class_list":["post-52373","page","type-page","status-publish","hentry"],"acf":[],"_links":{"self":[{"href":"https:\/\/www.fluidra.com\/ca\/wp-json\/wp\/v2\/pages\/52373","targetHints":{"allow":["GET"]}}],"collection":[{"href":"https:\/\/www.fluidra.com\/ca\/wp-json\/wp\/v2\/pages"}],"about":[{"href":"https:\/\/www.fluidra.com\/ca\/wp-json\/wp\/v2\/types\/page"}],"author":[{"embeddable":true,"href":"https:\/\/www.fluidra.com\/ca\/wp-json\/wp\/v2\/users\/2"}],"replies":[{"embeddable":true,"href":"https:\/\/www.fluidra.com\/ca\/wp-json\/wp\/v2\/comments?post=52373"}],"version-history":[{"count":9,"href":"https:\/\/www.fluidra.com\/ca\/wp-json\/wp\/v2\/pages\/52373\/revisions"}],"predecessor-version":[{"id":60676,"href":"https:\/\/www.fluidra.com\/ca\/wp-json\/wp\/v2\/pages\/52373\/revisions\/60676"}],"wp:attachment":[{"href":"https:\/\/www.fluidra.com\/ca\/wp-json\/wp\/v2\/media?parent=52373"}],"curies":[{"name":"wp","href":"https:\/\/api.w.org\/{rel}","templated":true}]}}