{"id":52374,"date":"2024-07-30T14:09:19","date_gmt":"2024-07-30T12:09:19","guid":{"rendered":"https:\/\/www.fluidra.com\/privacy-policy\/"},"modified":"2026-03-25T17:18:00","modified_gmt":"2026-03-25T16:18:00","slug":"politica-de-privadesa","status":"publish","type":"page","link":"https:\/\/www.fluidra.com\/ca\/politica-de-privadesa\/","title":{"rendered":"Pol\u00edtica de privadesa"},"content":{"rendered":"\n<h3 class=\"wp-block-heading\"><strong>Pol\u00edtica de privacidad<\/strong><\/h3>\n\n\n\n<h3 class=\"wp-block-heading\"><strong>1. Introducci\u00f3&nbsp;&nbsp;<\/strong><\/h3>\n\n\n\n<p>El dret a la intimitat, i en concret el dret a la protecci\u00f3 de dades personals \u00e9s un dels valors de FLUIDRA S.A., companyia matriu del Grup Fluidra, (d&#8217;ara endavant, Fluidra), el qual es troba recollit al nostre Codi \u00c8tic.<\/p>\n\n\n\n<p>L&#8217;objectiu d&#8217;aquesta pol\u00edtica \u00e9s explicar-li com Fluidra tractar\u00e0 aquelles dades personals que puguin ser recollides a trav\u00e9s dels diferents formularis que es puguin trobar a la p\u00e0gina web de www.fluidra.com. Les vostres dades personals seran tractades de forma confidencial i nom\u00e9s per a aquelles finalitats que vost\u00e8 hagi estat informat, tal com s&#8217;explica a continuaci\u00f3 a la present Pol\u00edtica General de Privacitat hi ha cadascuna de les pol\u00edtiques de privadesa espec\u00edfiques per a cadascun dels diferents formularis.<\/p>\n\n\n\n<h3 class=\"wp-block-heading\"><strong>2. Comprom\u00eds amb la privacitat<\/strong><\/h3>\n\n\n\n<p>Fluidra est\u00e0 plenament compromesa amb el compliment de la normativa i el Reglament General de Protecci\u00f3 de Dades de la Uni\u00f3 Europea i la normativa relativa a la protecci\u00f3 de dades de car\u00e0cter personal vigent en cada moment, sent un objectiu prioritari per a Fluidra.<\/p>\n\n\n\n<p>Per aix\u00f2, Fluidra ha pres la determinaci\u00f3 d&#8217;implementar els principis seg\u00fcents, sent la privadesa la base en qu\u00e8 es configuren tots els tractaments.<\/p>\n\n\n\n<ul class=\"wp-block-list\">\n<li>La transpar\u00e8ncia en el tractament de dades \u00e9s una de les nostres prioritats, per la qual cosa sempre que captem dades personals sobre vost\u00e8, l&#8217;informarem degudament a la pol\u00edtica de privadesa corresponent de les finalitats del tractament.<\/li>\n\n\n\n<li>Sempre tractarem les dades que siguin estrictament necess\u00e0ries per dur a terme el tractament informat.<\/li>\n\n\n\n<li>Mai us obligarem a proporcionar dades personals, llevat que realment siguin necess\u00e0ries per prestar-li el servei que si escau ens sol\u00b7liciti.<\/li>\n\n\n\n<li>Sempre que ens sigui possible, posarem a la vostra disposici\u00f3 mitjans senzills perqu\u00e8 pugueu controlar les vostres dades personals.<\/li>\n\n\n\n<li>Les seves dades no seran cedides, venuts, llogats o posats a disposici\u00f3 de cap altra forma a cap tercer, llevat dels prove\u00efdors de serveis de Fluidra, que realitzen determinades activitats per a Fluidra, per\u00f2 que en cap cas tractaran les dades per a les seves finalitats pr\u00f2pies. Alguns d&#8217;aquests prove\u00efdors es poden trobar fora de la Uni\u00f3 Europea, tal com s&#8217;indica a l&#8217;apartat \u201cTransfer\u00e8ncies Internacionals\u201d.<\/li>\n<\/ul>\n\n\n\n<p><strong>FINALITATS DELS TRACTAMENTS, BASES DE LEGITIMACI\u00d3 I TERMINIS DE CONSERVACI\u00d3<\/strong><\/p>\n\n\n\n<p>Fluidra recull les vostres dades personals per poder gestionar les vostres sol\u00b7licituds i oferir-vos els serveis i productes que Vost\u00e8 pugui estar interessat.<\/p>\n\n\n\n<p>Depenent de la seva interacci\u00f3 a la p\u00e0gina les vostres dades personals seran tractades per a les seg\u00fcents finalitats i d&#8217;acord amb les bases de legitimaci\u00f3 a continuaci\u00f3 indicades<\/p>\n\n\n\n<figure class=\"wp-block-table\"><table class=\"has-fixed-layout\"><tbody><tr><td><strong>Formulari de contacte: \u201cRelacions amb Inversors\u201d, \u201cPremsa\u201d, \u201cRecursos Humans\u201d o \u201cAltres\u201d<\/strong><\/td><td><br><\/td><td><br><\/td><\/tr><tr><td><strong>Finalitat<\/strong><\/td><td><strong>Base de legitimaci\u00f3<\/strong><\/td><td><strong>Termini de conservaci\u00f3<\/strong><\/td><\/tr><tr><td>En funci\u00f3 de l&#8217;\u00e0rea d&#8217;inter\u00e8s seleccionada per vost\u00e8 (\u201cRelacions amb els inversors\u201d, \u201cPremsa\u201d, \u201cRecursos Humans\u201d o \u201caltres\u201d), us informem que les vostres dades seran tractades per FLUIDRA S.A., per a les finalitats seg\u00fcents: (i) Redirigir el missatge al departament corresponent en funci\u00f3 de l&#8217;\u00e0rea d&#8217;inter\u00e8s seleccionada (Relacions amb els inversors, Fluidra, S.A. que pugui donar resposta a la consulta plantejada) i; (ii) Respondre els dubtes o les consultes que pugui plantejar, sobre la base de l&#8217;\u00e0rea d&#8217;inter\u00e8s seleccionada<\/td><td>La base de legitimaci\u00f3 \u00e9s l&#8217;inter\u00e8s leg\u00edtim de Fluidra en donar resposta a les vostres preguntes o sol\u00b7licituds efectuades a trav\u00e9s de les opcions de \u201cRelacions amb Inversors\u201d, \u201cPremsa\u201d, \u201cRecursos Humans\u201d o \u201cAltres\u201d. El benefici que aix\u00f2 genera per a Fluidra \u00e9s con\u00e8ixer amb precisi\u00f3 les necessitats dels interessats i aix\u00ed millorar la qualitat dels serveis prestats. El benefici per als interessats \u00e9s poder rebre una informaci\u00f3 clara i concisa sobre les seves consultes o peticions plantejades. Tingueu en compte que per valorar l&#8217;inter\u00e8s leg\u00edtim s&#8217;ha realitzat una ponderaci\u00f3 de l&#8217;inter\u00e8s leg\u00edtim en qu\u00e8 s&#8217;han analitzat els beneficis propis com a responsable del tractament, aix\u00ed com els beneficis de tercers, i en qu\u00e8 es conclou que el nostre inter\u00e8s leg\u00edtim sobre el tractament preval sobre els interessos, els drets i les llibertats dels usuaris. Podeu sol\u00b7licitar m\u00e9s informaci\u00f3 sobre la ponderaci\u00f3 de l&#8217;inter\u00e8s leg\u00edtim contactant amb el nostre Delegat de Protecci\u00f3 de Dades (DPO) a l&#8217;adre\u00e7a indicada a l&#8217;apartat final d&#8217;aquesta secci\u00f3. Aprofitem tamb\u00e9 per recordar-vos que teniu dret a oposar-vos als tractaments basats en l&#8217;inter\u00e8s leg\u00edtim.<\/td><td>Totes les dades que ens proporcioneu quan hagueu seleccionat les opcions de \u201cRelacions amb Inversors\u201d, \u201cPremsa\u201d, \u201cRecursos Humans\u201d o \u201cAltres\u201d seran tractades mentre siguin necess\u00e0ries per resoldre la vostra sol\u00b7licitud o consulta.<\/td><\/tr><\/tbody><\/table><\/figure>\n\n\n\n<figure class=\"wp-block-table\"><table class=\"has-fixed-layout\"><tbody><tr><td><strong>Formulari Newsletter per a inversors, analistes i\/o accionistes<\/strong><\/td><td><br><\/td><td><br><\/td><\/tr><tr><td><strong>Finalitat<\/strong><\/td><td><strong>Base de legitimaci\u00f3<\/strong><\/td><td><strong>Termini de conservaci\u00f3<\/strong><\/td><\/tr><tr><td>Facilitar-vos comunicacions en relaci\u00f3 amb les novetats i informacions bors\u00e0ries o financeres d&#8217;inter\u00e8s per a inversors, analistes i\/o accionistes.<\/td><td>La base de legitimaci\u00f3 \u00e9s la prestaci\u00f3 del seu consentiment mitjan\u00e7ant la casella addicional disposada a aquest efecte al formulari. Addicionalment, us informem que podreu revocar el vostre consentiment en qualsevol moment, ia cada comunicaci\u00f3.<\/td><td>Totes les dades que ens proporcioneu seran tractades mentre no es doni de baixa de la newsletter, o fins que Fluidra pugui considerar que ja no t\u00e9 inter\u00e8s a rebre les comunicacions de la mateixa.<\/td><\/tr><\/tbody><\/table><\/figure>\n\n\n\n<figure class=\"wp-block-table\"><table class=\"has-fixed-layout\"><tbody><tr><td><strong>Formulari de contacte: fluidra.com\/projects<\/strong><\/td><td><br><\/td><td><br><\/td><\/tr><tr><td><strong>Finalitat<\/strong><\/td><td><strong>Base de legitimaci\u00f3<\/strong><\/td><td><strong>Termini de conservaci\u00f3<\/strong><\/td><\/tr><tr><td>En funci\u00f3 del pa\u00eds, sectors d&#8217;inter\u00e8s i les necessitats seleccionades en el formulari, us informem que les vostres dades seran tractades per FLUIDRA S.A., per a les finalitats seg\u00fcents: Redirigir el missatge al departament o societat de Grup Fluidra corresponent en funci\u00f3 de les prefer\u00e8ncies que vost\u00e8 hagu\u00e9s seleccionat perqu\u00e8 pugui donar resposta a la consulta plantejada; i Respondre als dubtes o consultes que pugui plantejar, sobre la base dels interessos mostrats.<\/td><td>La base de legitimaci\u00f3 \u00e9s l&#8217;inter\u00e8s leg\u00edtim de Fluidra en donar resposta a les vostres preguntes o sol\u00b7licituds efectuades a trav\u00e9s del formulari de contacte de fluidra.com\/projects. El benefici que aix\u00f2 genera per a Fluidra \u00e9s con\u00e8ixer amb precisi\u00f3 les necessitats dels interessats i aix\u00ed millorar la qualitat dels serveis prestats. El benefici per als interessats \u00e9s poder rebre una informaci\u00f3 clara i concisa sobre les seves consultes o peticions plantejades. Tingueu en compte que per valorar l&#8217;inter\u00e8s leg\u00edtim s&#8217;ha realitzat una ponderaci\u00f3 de l&#8217;inter\u00e8s leg\u00edtim en qu\u00e8 s&#8217;han analitzat els beneficis propis com a responsable del tractament, aix\u00ed com els beneficis de tercers, i en qu\u00e8 es conclou que el nostre inter\u00e8s leg\u00edtim sobre el tractament preval sobre els interessos, els drets i les llibertats dels usuaris. Podeu sol\u00b7licitar m\u00e9s informaci\u00f3 sobre la ponderaci\u00f3 de l&#8217;inter\u00e8s leg\u00edtim contactant amb el nostre Delegat de Protecci\u00f3 de Dades (DPO) a l&#8217;adre\u00e7a indicada a l&#8217;apartat final d&#8217;aquesta secci\u00f3. Aprofitem tamb\u00e9 per recordar-vos que teniu dret a oposar-vos als tractaments basats en l&#8217;inter\u00e8s leg\u00edtim.<\/td><td>Totes les dades que ens proporcioneu quan empleneu el formulari de contacte de fluidra.com\/projects seran tractades mentre siguin necess\u00e0ries per resoldre la vostra sol\u00b7licitud o consulta.<\/td><\/tr><tr><td>Gestionar l&#8217;enviament de la newletter informativa de la Fluidra Commercial Pool &amp; Wellness Division adaptada als seus interessos.<\/td><td>La base de legitimaci\u00f3 \u00e9s la prestaci\u00f3 del seu consentiment mitjan\u00e7ant la casella addicional espec\u00edfica disposada a aquest efecte al formulari.<\/td><td>Totes les dades que ens proporcioneu seran tractades mentre no es doni de baixa de la newsletter, o fins que Fluidra pugui considerar que ja no t\u00e9 inter\u00e8s a rebre les comunicacions de la mateixa.<\/td><\/tr><tr><td>Remetre comunicacions comercials personalitzades sobre productes i serveis de la Fluidra Commercial Pool &amp; Wellness Division que poguessin resultar del seu inter\u00e8s.<\/td><td>La base de legitimaci\u00f3 \u00e9s la prestaci\u00f3 del seu consentiment mitjan\u00e7ant la casella addicional espec\u00edfica disposada a aquest efecte al formulari.<\/td><td>Totes les dades que ens proporcioneu seran tractades mentre no es doni de baixa de la newsletter, o fins que Fluidra pugui considerar que ja no t\u00e9 inter\u00e8s a rebre les comunicacions de la mateixa.<\/td><\/tr><\/tbody><\/table><\/figure>\n\n\n\n<figure class=\"wp-block-table\"><table class=\"has-fixed-layout\"><tbody><tr><td><strong>Carreras \u2013 P\u00e0gina d&#8217;ocupaci\u00f3<\/strong><\/td><td><br><\/td><td><br><\/td><\/tr><tr><td><strong>Finalitat<\/strong><\/td><td><strong>Base de legitimaci\u00f3<\/strong><\/td><td><strong>Termini de conservaci\u00f3<\/strong><\/td><\/tr><tr><td>Per a m\u00e9s informaci\u00f3 sobre el tractament de les vostres dades, si us plau dirigiu-vos a la Pol\u00edtica de Privadesa del nostre portal d&#8217;ocupaci\u00f3 a TeamTailor: <a href=\"https:\/\/fluidra.csod.com\/ux\/ats\/careersite\/1\/home?c=fluidra.\" target=\"_blank\" rel=\"noopener\">https:\/\/fluidra.csod.com\/ux\/ats\/careersite\/1\/home?c=fluidra.<\/a><br><br>Per a m\u00e9s informaci\u00f3 sobre el tractament de les vostres dades, si us plau dirigiu-vos a la Pol\u00edtica de Privadesa del nostre portal d&#8217;ocupaci\u00f3 a SAP: <a href=\"https:\/\/jobs.fluidra.com\/lp\/PRIVACY%20POLICY\/138837b782cdda84\/?locale=en_US\" target=\"_blank\" rel=\"noopener\">https:\/\/jobs.fluidra.com\/lp\/PRIVACY%20POLICY\/138837b782cdda84\/?locale=en_US<\/a><\/td><td><br><\/td><td><br><\/td><\/tr><\/tbody><\/table><\/figure>\n\n\n\n<figure class=\"wp-block-table\"><table class=\"has-fixed-layout\"><tbody><tr><td><strong>\u00das de Cookies<\/strong><\/td><td><br><\/td><td><br><\/td><\/tr><tr><td><strong>Finalitat<\/strong><\/td><td><strong>Base de legitimaci\u00f3<\/strong><\/td><td><strong>Termini de conservaci\u00f3<\/strong><\/td><\/tr><tr><td>Per millorar les nostres p\u00e0gines web, serveis, productes i oferir un millor servei i contingut.<\/td><td>La base de legitimaci\u00f3 de les cookies estrictament necess\u00e0ries \u00e9s l&#8217;inter\u00e8s leg\u00edtim de Fluidra a poder oferir-vos una millor experi\u00e8ncia de navegaci\u00f3 a la nostra p\u00e0gina web. El benefici que aix\u00f2 genera per a Fluidra \u00e9s oferir una bona qualitat del lloc web. El benefici per als interessats \u00e9s poder rebre una experi\u00e8ncia de qualitat mitjan\u00e7ant la seva navegaci\u00f3 a la p\u00e0gina web. Tingueu en compte que per valorar l&#8217;inter\u00e8s leg\u00edtim s&#8217;ha realitzat una ponderaci\u00f3 de l&#8217;inter\u00e8s leg\u00edtim en qu\u00e8 s&#8217;han analitzat els beneficis propis com a responsable del tractament, aix\u00ed com els beneficis de tercers, i en qu\u00e8 es conclou que el nostre inter\u00e8s leg\u00edtim sobre el tractament preval sobre els interessos, els drets i les llibertats dels usuaris. Podeu sol\u00b7licitar m\u00e9s informaci\u00f3 sobre la ponderaci\u00f3 de l&#8217;inter\u00e8s leg\u00edtim contactant amb el nostre Delegat de Protecci\u00f3 de Dades (DPO) a l&#8217;adre\u00e7a indicada a l&#8217;apartat final d&#8217;aquesta secci\u00f3. Aprofitem tamb\u00e9 per recordar-vos que teniu dret a oposar-vos als tractaments basats en l&#8217;inter\u00e8s leg\u00edtim. Aix\u00ed mateix, les bases de legitimaci\u00f3 de les galetes anal\u00edtiques i de publicitat \u00e9s la prestaci\u00f3 del seu consentiment. Per a m\u00e9s informaci\u00f3, consulteu la nostra Pol\u00edtica de Cookies.<\/td><td>Per a m\u00e9s informaci\u00f3 sobre la conservaci\u00f3 de les cookies, consulta la nostra <a href=\"https:\/\/www.fluidra.com\/ca\/politica-de-cookies\/\" data-type=\"link\" data-id=\"https:\/\/www.fluidra.com\/ca\/politica-de-cookies\/\">Pol\u00edtica de Cookies.<\/a><\/td><\/tr><\/tbody><\/table><\/figure>\n\n\n\n<p>Sense perjudici d&#8217;informar-vos les pol\u00edtiques de privadesa dels formularis de captaci\u00f3 de dades, en algunes ocasions pot ser necessari el tractament de les vostres dades personals per donar compliment a obligacions legals, a l&#8217;inter\u00e8s p\u00fablic, en base a l&#8217;inter\u00e8s leg\u00edtim de Fluidra, o en relaci\u00f3 amb qualsevol relaci\u00f3 contractual que puguem tenir amb vost\u00e8.<\/p>\n\n\n\n<p>En els altres sup\u00f2sits, i sempre que sigui oport\u00fa, us sol\u00b7licitarem el vostre consentiment per tractar les vostres dades personals.<\/p>\n\n\n\n<h3 class=\"wp-block-heading\">3. Comunicacions de dades<\/h3>\n\n\n\n<p>Les seves dades no seran cedides, venuts, llogats o posats a disposici\u00f3 de cap altra forma a cap tercer, llevat dels prove\u00efdors de serveis de Fluidra, que realitzen determinades activitats per a Fluidra, per\u00f2 que en cap cas tractaran les dades per a les seves finalitats pr\u00f2pies. Aix\u00ed mateix, pot ser que es comparteixin les seves dades amb altres entitats del Grup Fluidra si b\u00e9 es tractaran les dades amb les mateixes finalitats indicades, sens perjudici de la informaci\u00f3 addicional que cada companyia li pogu\u00e9s facilitar.<\/p>\n\n\n\n<p>Alguns d&#8217;aquests tercers es poden trobar fora de la Uni\u00f3 Europea, tal com s&#8217;indica a l&#8217;apartat \u201cTransfer\u00e8ncies Internacionals\u201d.<\/p>\n\n\n\n<h3 class=\"wp-block-heading\">4. Enviament de comunicacions comercials<\/h3>\n\n\n\n<p>Fluidra, en el marc de la seva activitat promocional, pot facilitar recursos de registre o subscripci\u00f3 a not\u00edcies o informaci\u00f3 comercial de la companyia. Aquests recursos estaran sempre subjectes al seu consentiment per remetre-les.<\/p>\n\n\n\n<p>En cas que ens h\u00e0giu autoritzat, Fluidra us enviar\u00e0 informaci\u00f3 sobre els vostres productes, activitats i serveis personalitzades per a vost\u00e8 d&#8217;acord amb els vostres gustos i prefer\u00e8ncies.<\/p>\n\n\n\n<p>Podreu revocar el vostre consentiment a rebre comunicacions comercials en qualsevol moment, mitjan\u00e7ant el link o bot\u00f3 a aquest efecte en cadascuna de les comunicacions, o comunicant la vostra voluntat de revocar el consentiment a trav\u00e9s de correu electr\u00f2nic que heu d&#8217;adre\u00e7ar a l&#8217;adre\u00e7a <a href=\"mailto:dataprivacy@fluidra.com\">dataprivacy@fluidra.com<\/a><\/p>\n\n\n\n<h3 class=\"wp-block-heading\">5. Durada del tractament i termini de conservaci\u00f3<\/h3>\n\n\n\n<p>A Fluidra tenim el comprom\u00eds de tractar les dades personals mentre realment ens siguin \u00fatils i puguem oferir-vos un Servei de qualitat mitjan\u00e7ant la seva explotaci\u00f3. Per aix\u00f2, farem tots els esfor\u00e7os oportuns i raonables per minimitzar el termini de tractament i conservaci\u00f3 de les dades personals.<\/p>\n\n\n\n<p>En aquest sentit, a cada formulari de captaci\u00f3 de dades us informarem del termini previst de tractament i\/o conservaci\u00f3 de les vostres dades de car\u00e0cter personal.<\/p>\n\n\n\n<p>En qualsevol cas, i encara que ens demani que eliminem les seves dades, podrem conservar-les i mantenir-les, sota el degut bloqueig, durant el termini necessari per complir les nostres obligacions legals i per a la posada a disposici\u00f3 de les Autoritats amb compet\u00e8ncia en les diferents mat\u00e8ries que siguin aplicables.<\/p>\n\n\n\n<h3 class=\"wp-block-heading\">6. Transfer\u00e8ncies internacionals<\/h3>\n\n\n\n<p>Fluidra, com a entitat de projecci\u00f3 internacional, t\u00e9 prove\u00efdors internacionals que poden prestar serveis des de fora de la UE, per la qual cosa \u00e9s possible que les seves dades es tractin fora de la Uni\u00f3 Europea o l&#8217;Espai Econ\u00f2mic Europeu.<\/p>\n\n\n\n<p>En qualsevol cas, Fluidra s&#8217;assegurar\u00e0 que aquests tractaments de dades es protegeixin sempre amb les garanties oportunes, que podran incloure:<\/p>\n\n\n\n<ul class=\"wp-block-list\">\n<li>Cl\u00e0usules Tipus aprovades per la UE: Es tracta de contractes aprovats pel regulador Europeu, i que proporcionen les garanties suficients per garantir que el tractament compleix els requisits establerts pel Reglament Europeu de Protecci\u00f3 de Dades.<\/li>\n\n\n\n<li>Certificacions dels tercers: Per exemple, acords marc entre la UE i tercers que estableixen un marc estandarditzat per al tractament de dades d&#8217;acord amb els requisits del Reglament Europeu de Protecci\u00f3 de Dades.<\/li>\n\n\n\n<li>Decisions d\u2019adequaci\u00f3 entre pa\u00efsos.<\/li>\n<\/ul>\n\n\n\n<h3 class=\"wp-block-heading\">7. Exercici de drets i reclamacions davant de l&#8217;AEPD<\/h3>\n\n\n\n<p>Com a conseq\u00fc\u00e8ncia del tractament de les vostres dades personals per part de Fluidra, la legislaci\u00f3 vigent us atorga una s\u00e8rie de drets. A continuaci\u00f3, us oferim una explicaci\u00f3 resumida de cada dret, per facilitar-vos l&#8217;exercici:<\/p>\n\n\n\n<ol class=\"wp-block-list\">\n<li><strong>Dret d&#8217;acc\u00e9s:<\/strong> Vost\u00e8 tindr\u00e0 dret a con\u00e8ixer les dades personals que tractem sobre vost\u00e8 i les finalitats amb qu\u00e8 els tractem.<\/li>\n\n\n\n<li><strong>Dret de rectificaci\u00f3:<\/strong> Les vostres dades sempre seran vostres, i com a tal, podeu sol\u00b7licitar-nos la rectificaci\u00f3 d&#8217;aquests en qualsevol moment si les que constessin als nostres registres fossin err\u00f2nies.<\/li>\n\n\n\n<li><strong>Dret de supressi\u00f3:<\/strong> Podr\u00e0 sol\u00b7licitar, en qualsevol moment, que les seves dades personals siguin suprimides dels nostres fitxers. Tanmateix, i tal com indiquem a l&#8217;apartat de conservaci\u00f3 de dades anterior, tingueu en compte que, en determinades circumst\u00e0ncies, el compliment de la legislaci\u00f3 vigent pot impedir l&#8217;efectiu exercici d&#8217;aquest dret.<\/li>\n\n\n\n<li><strong>Dret d&#8217;oposici\u00f3:<\/strong> Podeu oposar-vos al tractament de les vostres dades en relaci\u00f3 amb qualsevol de les finalitats amb qu\u00e8 tractem les vostres dades, d&#8217;acord amb les pol\u00edtiques de privadesa aplicables en cada cas.<\/li>\n\n\n\n<li><strong>Dret de limitaci\u00f3 del tractament:<\/strong> Vost\u00e8 podr\u00e0 sol\u00b7licitar la limitaci\u00f3 del tractament en els casos seg\u00fcents:\n<ol class=\"wp-block-list\">\n<li>Si considera que les dades que mantenim sobre vost\u00e8 no s\u00f3n correctes o exactes;<\/li>\n\n\n\n<li>Si, en cas que considereu que no estem tractant les vostres dades de forma leg\u00edtima, per\u00f2 preferiu que en limitem el tractament a la seva eliminaci\u00f3;<\/li>\n\n\n\n<li>Si les dades que mantenim ja no ens s\u00f3n necess\u00e0ries d&#8217;acord amb la finalitat per als qui les recaptem, per\u00f2 necessita que les conservem per interposar reclamacions legals;<\/li>\n\n\n\n<li>Si, havent exercit el dret d&#8217;oposici\u00f3 a algun tractament, est\u00e0 pendent de resposta sobre aix\u00f2 per part nostra.<\/li>\n<\/ol>\n<\/li>\n\n\n\n<li><strong>Dret a la portabilitat de les vostres dades:<\/strong> Vost\u00e8 tindr\u00e0 dret a, sempre que sigui possible t\u00e8cnicament i sigui raonable, sol\u00b7licitar que les dades personals que Vost\u00e8 ens hagi proporcionat directament siguin comunicades a un altre responsable del tractament. Si ens \u00e9s possible, facilitarem directament les vostres dades a aquest altre responsable del tractament, per\u00f2 si no ho fos, us les facilitarem a Vost\u00e8 en un format est\u00e0ndard.<\/li>\n<\/ol>\n\n\n\n<p>Sempre que tractem les vostres dades en base al consentiment, podreu revocar-lo en qualsevol moment, sense que tingueu conseq\u00fc\u00e8ncies per a V\u00f3s m\u00e9s enll\u00e0 de, segons el dret exercit, no poder prestar-vos determinats serveis.<\/p>\n\n\n\n<p>L&#8217;exercici dels drets que ostenta podr\u00e0 fer-ho efectiu adre\u00e7ant-se a Fluidra mitjan\u00e7ant correu electr\u00f2nic que haur\u00e0 d&#8217;adre\u00e7ar a l&#8217;adre\u00e7a dataprivacy@fluidra.com, amb refer\u00e8ncia \u201cDades Personals\u201d.<\/p>\n\n\n\n<p>A m\u00e9s, si ho consider\u00e9s necessari, podr\u00e0 posar-se en contacte amb el nostre Delegat de Protecci\u00f3 de Dades a l&#8217;adre\u00e7a electr\u00f2nica dataprivacy@fluidra.com, sota la refer\u00e8ncia \u201cDPO\u201d.<\/p>\n\n\n\n<p>Si tingu\u00e9ssiu qualsevol dubte o reclamaci\u00f3 sobre com tractem les vostres dades de car\u00e0cter personal, o qualsevol altra q\u00fcesti\u00f3 relacionada amb la mat\u00e8ria, podeu posar-vos en contacte amb el nostre DPO per correu electr\u00f2nic a l&#8217;adre\u00e7a dataprivacy@fluidra.com. En cas de no obtenir resposta en un per\u00edode de temps raonable, podreu interposar reclamaci\u00f3 davant l&#8217;Ag\u00e8ncia Espanyola de Protecci\u00f3 de Dades.<\/p>\n\n\n\n<h3 class=\"wp-block-heading\">8. Confidencialitat i Seguretat en el tractament de dades<\/h3>\n\n\n\n<p>Les vostres dades personals s\u00f3n molt importants per a nosaltres, i ens comprometem a tractar-les amb la m\u00e0xima confidencialitat i discreci\u00f3, aix\u00ed com a implementar totes les mesures de seguretat que considerem oportunes i raonables.<\/p>\n\n\n\n<p>En aquest sentit, Fluidra declara i garanteix que ha establert tots els mitjans t\u00e8cnics al seu abast per evitar la p\u00e8rdua, el mal \u00fas, l&#8217;alteraci\u00f3, l&#8217;acc\u00e9s no autoritzat i el robatori de les dades facilitades pels usuaris.<\/p>\n\n\n\n<h3 class=\"wp-block-heading\">9. Xarxes socials<\/h3>\n\n\n\n<p>Les Xarxes Socials formen part del dia a dia de molts usuaris d&#8217;Internet, i hi hem creat diferents perfils de Fluidra.<\/p>\n\n\n\n<p>Tots els usuaris tenen l&#8217;oportunitat d&#8217;unir-se a les p\u00e0gines o grups que Fluidra tingui a diferents xarxes socials.<\/p>\n\n\n\n<p>No obstant aix\u00f2, heu de tenir en compte que, llevat que us sol\u00b7licitem les vostres dades directament (per exemple, mitjan\u00e7ant accions de m\u00e0rqueting, concursos, promocions, o qualsevol altra forma v\u00e0lida), les vostres dades pertanyeran a la Xarxa Social corresponent, per la qual cosa us recomanem que llegiu detingudament les vostres condicions d&#8217;\u00fas i pol\u00edtiques de privadesa, aix\u00ed com s&#8217;asseguri de configurar les vostres prefer\u00e8ncies quant al tractament.<\/p>\n","protected":false},"excerpt":{"rendered":"<p>Pol\u00edtica de privacidad 1. Introducci\u00f3&nbsp;&nbsp; El dret a la intimitat, i en concret el dret a la protecci\u00f3 de dades personals \u00e9s un dels valors de FLUIDRA S.A., companyia matriu del Grup Fluidra, (d&#8217;ara endavant, Fluidra), el qual es troba recollit al nostre Codi \u00c8tic. L&#8217;objectiu d&#8217;aquesta pol\u00edtica \u00e9s explicar-li com Fluidra tractar\u00e0 aquelles dades [&hellip;]<\/p>\n","protected":false},"author":2,"featured_media":0,"parent":0,"menu_order":4,"comment_status":"closed","ping_status":"closed","template":"page-templates\/template-legals.php","meta":{"_acf_changed":false,"footnotes":""},"class_list":["post-52374","page","type-page","status-publish","hentry"],"acf":[],"_links":{"self":[{"href":"https:\/\/www.fluidra.com\/ca\/wp-json\/wp\/v2\/pages\/52374","targetHints":{"allow":["GET"]}}],"collection":[{"href":"https:\/\/www.fluidra.com\/ca\/wp-json\/wp\/v2\/pages"}],"about":[{"href":"https:\/\/www.fluidra.com\/ca\/wp-json\/wp\/v2\/types\/page"}],"author":[{"embeddable":true,"href":"https:\/\/www.fluidra.com\/ca\/wp-json\/wp\/v2\/users\/2"}],"replies":[{"embeddable":true,"href":"https:\/\/www.fluidra.com\/ca\/wp-json\/wp\/v2\/comments?post=52374"}],"version-history":[{"count":14,"href":"https:\/\/www.fluidra.com\/ca\/wp-json\/wp\/v2\/pages\/52374\/revisions"}],"predecessor-version":[{"id":62945,"href":"https:\/\/www.fluidra.com\/ca\/wp-json\/wp\/v2\/pages\/52374\/revisions\/62945"}],"wp:attachment":[{"href":"https:\/\/www.fluidra.com\/ca\/wp-json\/wp\/v2\/media?parent=52374"}],"curies":[{"name":"wp","href":"https:\/\/api.w.org\/{rel}","templated":true}]}}