{"id":52382,"date":"2024-11-11T08:24:33","date_gmt":"2024-11-11T07:24:33","guid":{"rendered":"https:\/\/www.fluidra.com\/careers\/our-teams\/"},"modified":"2025-10-14T16:44:21","modified_gmt":"2025-10-14T14:44:21","slug":"el-nostre-equip","status":"publish","type":"page","link":"https:\/\/www.fluidra.com\/ca\/uneix-te\/el-nostre-equip\/","title":{"rendered":"El nostre equip"},"content":{"rendered":"<div id=\"TopNavTabs-block_2e0a6f4f036f8534c7ce73f9073832c3\" class=\"TopNavTabs\">\r\n\r\n    <div class=\"container-fluid\">\r\n        <div class=\"row\">\r\n            <div class=\"col-12 px-0\">\r\n                <div class=\"subMenu\">\r\n                                            <div class=\"title\">\r\n                            CARRERAS                        <\/div>\r\n                                        <div class=\"arrowsMenus\">\r\n                        <button class=\"scroll-button left\">\r\n                            <img decoding=\"async\" alt=\"icon\" class=\"arrow\" src=\"https:\/\/www.fluidra.com\/wp-content\/themes\/fluidra\/assets\/images\/icons\/next-icon.svg\" title=\"\">\r\n                        <\/button>\r\n                        <button class=\"scroll-button right\">\r\n                            <img decoding=\"async\" alt=\"icon\" class=\"arrow\" src=\"https:\/\/www.fluidra.com\/wp-content\/themes\/fluidra\/assets\/images\/icons\/next-icon.svg\" title=\"\">\r\n                        <\/button>\r\n                        <div class=\"bodyMenu\">\r\n                            <div class=\"containerMenu\">\r\n                                <div class=\"menu\">\r\n                                    <nav class=\"menu-submenu-careers-catalan-container\"><ul id=\"menu-submenu-careers-catalan\" class=\"submenu\"><li id=\"menu-item-56250\" class=\"menu-item menu-item-type-post_type menu-item-object-page menu-item-56250\"><a href=\"https:\/\/www.fluidra.com\/ca\/uneix-te\/\">Treballa amb nosaltres<\/a><\/li>\n<li id=\"menu-item-56193\" class=\"menu-item menu-item-type-post_type menu-item-object-page menu-item-56193\"><a href=\"https:\/\/www.fluidra.com\/ca\/uneix-te\/el-nostre-equip\/\">El nostre equip<\/a><\/li>\n<li id=\"menu-item-56192\" class=\"menu-item menu-item-type-post_type menu-item-object-page menu-item-56192\"><a href=\"https:\/\/www.fluidra.com\/ca\/uneix-te\/impulsa-la-teva-carrera\/\">Impulsa la teva carrera<\/a><\/li>\n<li id=\"menu-item-56194\" class=\"menu-item menu-item-type-post_type menu-item-object-page menu-item-56194\"><a href=\"https:\/\/www.fluidra.com\/ca\/uneix-te\/creix-amb-nosaltres\/\">Creix amb nosaltres<\/a><\/li>\n<li id=\"menu-item-56191\" class=\"menu-item menu-item-type-post_type menu-item-object-page menu-item-56191\"><a href=\"https:\/\/www.fluidra.com\/ca\/uneix-te\/a-nosaltres\/\">Uneix-te a nosaltres<\/a><\/li>\n<\/ul><\/nav>                                <\/div>\r\n                            <\/div>\r\n                        <\/div>\r\n                    <\/div>\r\n                <\/div>\r\n            <\/div>\r\n        <\/div>\r\n    <\/div>\r\n    <style>\r\n    #TopNavTabs-block_2e0a6f4f036f8534c7ce73f9073832c3 {\r\n        margin-top:px;\r\n        margin-bottom:px;\r\n        padding-top:px;\r\n        padding-bottom:px\r\n    }\r\n    @media screen and (max-width: 768px) {\r\n    #TopNavTabs-block_2e0a6f4f036f8534c7ce73f9073832c3 {\r\n        margin-top:px;\r\n        margin-bottom:px;\r\n        padding-top:px;\r\n        padding-bottom:px;\r\n    }\r\n    }\r\n<\/style><\/div>\r\n\n\n<div id=\"InsightBullets-block_fce8e1d617c31b694b4a91c551a8087b\" class=\"InsightBullets light\">\r\n\r\n    <div class=\"container\">\r\n        <div class=\"row align-items-center mb-5\">\r\n            <div class=\"col-12 col-lg-6 fullWidth\">\r\n                <div class=\"title\"><h2 class=''><strong>El nostre Equip<\/strong><\/h2>\n<\/div>\r\n            <\/div>\r\n            <div class=\"col-12 col-lg-6\">\r\n                                    <div class=\"subtitle\"><p><span style=\"font-weight: 400;\">A Fluidra creiem que <strong>l&#8217;\u00e8xit es construeix amb equips diversos, apassionats i compromesos.<\/strong> Sempre estem buscant persones talentoses i motivades, a punt per cr\u00e9ixer.<\/span><\/p>\n<p><span style=\"font-weight: 400;\">Si ets una persona apassionada pel que fas i est\u00e0s desitj\u00f3s de contribuir a projectes innovadors en un entorn din\u00e0mic, ens encantaria que ens coneguessis millor.<\/span><\/p>\n<p><span style=\"font-weight: 400;\">Explora els diferents equips i departaments, estem segurs que trobar\u00e0s una oportunitat on puguis prosperar i cr\u00e9ixer. <strong>Uneix-te a Fluidra i forma part de la nostra hist\u00f2ria!<\/strong><\/span><\/p>\n<\/div>\r\n                                            <\/div>\r\n        <\/div>\r\n        <div class=\"row\">\r\n            <div class=\"col-12\">\r\n                            <\/div>\r\n        <\/div>\r\n        <div class=\"row\">\r\n            <div class=\"col-12\">\r\n                <div class=\"cards v02\">\r\n                                                                <div class=\"cardContent \">\r\n                                                            <img decoding=\"async\" width=\"328\" height=\"512\" src=\"https:\/\/www.fluidra.com\/wp-content\/uploads\/2025\/02\/1_Finanzas.jpg\" class=\"image\" alt=\"\" loading=\"lazy\" srcset=\"https:\/\/www.fluidra.com\/wp-content\/uploads\/2025\/02\/1_Finanzas.jpg 328w, https:\/\/www.fluidra.com\/wp-content\/uploads\/2025\/02\/1_Finanzas-192x300.jpg 192w\" sizes=\"auto, (max-width: 328px) 100vw, 328px\" title=\"\">                                                        <div class=\"texts\">\r\n                                                                    <div class=\"cardTitle\"><p><span style=\"font-weight: 400;\">Finances i Comptabilitat<\/span><\/p>\n<\/div>\r\n                                                                                            <\/div>\r\n                                                    <\/div>\r\n                                                                                        <div class=\"cardContent \">\r\n                                                            <img decoding=\"async\" width=\"328\" height=\"512\" src=\"https:\/\/www.fluidra.com\/wp-content\/uploads\/2025\/02\/2_Marketing.jpg\" class=\"image\" alt=\"\" loading=\"lazy\" srcset=\"https:\/\/www.fluidra.com\/wp-content\/uploads\/2025\/02\/2_Marketing.jpg 328w, https:\/\/www.fluidra.com\/wp-content\/uploads\/2025\/02\/2_Marketing-192x300.jpg 192w\" sizes=\"auto, (max-width: 328px) 100vw, 328px\" title=\"\">                                                        <div class=\"texts\">\r\n                                                                    <div class=\"cardTitle\"><p><span style=\"font-weight: 400;\">M\u00e0rqueting<\/span><\/p>\n<\/div>\r\n                                                                                            <\/div>\r\n                                                    <\/div>\r\n                                                                                        <div class=\"cardContent \">\r\n                                                            <img decoding=\"async\" width=\"328\" height=\"512\" src=\"https:\/\/www.fluidra.com\/wp-content\/uploads\/2025\/02\/3_Ventas.jpg\" class=\"image\" alt=\"\" loading=\"lazy\" srcset=\"https:\/\/www.fluidra.com\/wp-content\/uploads\/2025\/02\/3_Ventas.jpg 328w, https:\/\/www.fluidra.com\/wp-content\/uploads\/2025\/02\/3_Ventas-192x300.jpg 192w\" sizes=\"auto, (max-width: 328px) 100vw, 328px\" title=\"\">                                                        <div class=\"texts\">\r\n                                                                    <div class=\"cardTitle\"><p><span style=\"font-weight: 400;\">Vendes i Desenvolupament de Negocis<\/span><\/p>\n<\/div>\r\n                                                                                            <\/div>\r\n                                                    <\/div>\r\n                                                                                        <div class=\"cardContent \">\r\n                                                            <img decoding=\"async\" width=\"328\" height=\"512\" src=\"https:\/\/www.fluidra.com\/wp-content\/uploads\/2025\/02\/4_Operaciones.jpg\" class=\"image\" alt=\"\" loading=\"lazy\" srcset=\"https:\/\/www.fluidra.com\/wp-content\/uploads\/2025\/02\/4_Operaciones.jpg 328w, https:\/\/www.fluidra.com\/wp-content\/uploads\/2025\/02\/4_Operaciones-192x300.jpg 192w\" sizes=\"auto, (max-width: 328px) 100vw, 328px\" title=\"\">                                                        <div class=\"texts\">\r\n                                                                    <div class=\"cardTitle\"><p><span style=\"font-weight: 400;\">Operacions i Log\u00edstica<\/span><\/p>\n<\/div>\r\n                                                                                            <\/div>\r\n                                                    <\/div>\r\n                                                                                        <div class=\"cardContent \">\r\n                                                            <img decoding=\"async\" width=\"328\" height=\"512\" src=\"https:\/\/www.fluidra.com\/wp-content\/uploads\/2025\/02\/5_Tecnologia.jpg\" class=\"image\" alt=\"\" loading=\"lazy\" srcset=\"https:\/\/www.fluidra.com\/wp-content\/uploads\/2025\/02\/5_Tecnologia.jpg 328w, https:\/\/www.fluidra.com\/wp-content\/uploads\/2025\/02\/5_Tecnologia-192x300.jpg 192w\" sizes=\"auto, (max-width: 328px) 100vw, 328px\" title=\"\">                                                        <div class=\"texts\">\r\n                                                                    <div class=\"cardTitle\"><p><span style=\"font-weight: 400;\">Tecnologia i Innovaci\u00f3 (TI)<\/span><\/p>\n<\/div>\r\n                                                                                            <\/div>\r\n                                                    <\/div>\r\n                                                                                        <div class=\"cardContent \">\r\n                                                            <img decoding=\"async\" width=\"328\" height=\"512\" src=\"https:\/\/www.fluidra.com\/wp-content\/uploads\/2025\/02\/6_Investigacion.jpg\" class=\"image\" alt=\"\" loading=\"lazy\" srcset=\"https:\/\/www.fluidra.com\/wp-content\/uploads\/2025\/02\/6_Investigacion.jpg 328w, https:\/\/www.fluidra.com\/wp-content\/uploads\/2025\/02\/6_Investigacion-192x300.jpg 192w\" sizes=\"auto, (max-width: 328px) 100vw, 328px\" title=\"\">                                                        <div class=\"texts\">\r\n                                                                    <div class=\"cardTitle\"><p><span style=\"font-weight: 400;\">Investigaci\u00f3 i Desenvolupament (R+D)\u00a0<\/span><\/p>\n<\/div>\r\n                                                                                            <\/div>\r\n                                                    <\/div>\r\n                                                                                        <div class=\"cardContent hidden hiddenCard\">\r\n                                                            <img decoding=\"async\" width=\"328\" height=\"512\" src=\"https:\/\/www.fluidra.com\/wp-content\/uploads\/2025\/02\/7_Legal.jpg\" class=\"image\" alt=\"\" loading=\"lazy\" srcset=\"https:\/\/www.fluidra.com\/wp-content\/uploads\/2025\/02\/7_Legal.jpg 328w, https:\/\/www.fluidra.com\/wp-content\/uploads\/2025\/02\/7_Legal-192x300.jpg 192w\" sizes=\"auto, (max-width: 328px) 100vw, 328px\" title=\"\">                                                        <div class=\"texts\">\r\n                                                                    <div class=\"cardTitle\"><p><span style=\"font-weight: 400;\">Legal i Compliment<\/span><\/p>\n<\/div>\r\n                                                                                            <\/div>\r\n                                                    <\/div>\r\n                                                                                        <div class=\"cardContent hidden hiddenCard\">\r\n                                                            <img decoding=\"async\" width=\"328\" height=\"512\" src=\"https:\/\/www.fluidra.com\/wp-content\/uploads\/2025\/02\/8_ESG.jpg\" class=\"image\" alt=\"\" loading=\"lazy\" srcset=\"https:\/\/www.fluidra.com\/wp-content\/uploads\/2025\/02\/8_ESG.jpg 328w, https:\/\/www.fluidra.com\/wp-content\/uploads\/2025\/02\/8_ESG-192x300.jpg 192w\" sizes=\"auto, (max-width: 328px) 100vw, 328px\" title=\"\">                                                        <div class=\"texts\">\r\n                                                                    <div class=\"cardTitle\"><p>ESG<\/p>\n<\/div>\r\n                                                                                            <\/div>\r\n                                                    <\/div>\r\n                                                                                        <div class=\"cardContent hidden hiddenCard\">\r\n                                                            <img decoding=\"async\" width=\"328\" height=\"512\" src=\"https:\/\/www.fluidra.com\/wp-content\/uploads\/2025\/02\/9_Personas.jpg\" class=\"image\" alt=\"\" loading=\"lazy\" srcset=\"https:\/\/www.fluidra.com\/wp-content\/uploads\/2025\/02\/9_Personas.jpg 328w, https:\/\/www.fluidra.com\/wp-content\/uploads\/2025\/02\/9_Personas-192x300.jpg 192w\" sizes=\"auto, (max-width: 328px) 100vw, 328px\" title=\"\">                                                        <div class=\"texts\">\r\n                                                                    <div class=\"cardTitle\"><p><span style=\"font-weight: 400;\">Persones (RR. HH.)<\/span><\/p>\n<\/div>\r\n                                                                                            <\/div>\r\n                                                    <\/div>\r\n                                                                                    <div class=\"triggerButton d-flex d-lg-none\">\r\n                        Veure m\u00e9s                        <img decoding=\"async\" alt=\"icon\" src=\"https:\/\/www.fluidra.com\/wp-content\/themes\/fluidra\/assets\/images\/icons\/plus-primary.webp\" title=\"\">\r\n                    <\/div>\r\n                    <div class=\"hideTriggerButton d-none d-lg-none\">\r\n                        See Less                        <img decoding=\"async\" alt=\"icon\" src=\"https:\/\/www.fluidra.com\/wp-content\/themes\/fluidra\/assets\/images\/icons\/minor-primary.webp\" title=\"\">\r\n                    <\/div>\r\n                                    <\/div>\r\n            <\/div>\r\n        <\/div>\r\n    <\/div>\r\n\r\n    <style>\r\n        #InsightBullets-block_fce8e1d617c31b694b4a91c551a8087b { background: linear-gradient(0deg, rgba(255,255,255,0.2) 56.56%, rgba(43,180,211,0.2) 103.88%), #FFF; }\r\n        #InsightBullets-block_fce8e1d617c31b694b4a91c551a8087b .cards { grid-template-columns: repeat(3, 1fr); @media screen and (max-width: 1250px){ grid-template-columns: repeat(2, 1fr); }}\r\n    <\/style>\r\n    <style>\r\n    #InsightBullets-block_fce8e1d617c31b694b4a91c551a8087b {\r\n        margin-top:px;\r\n        margin-bottom:px;\r\n        padding-top:px;\r\n        padding-bottom:px\r\n    }\r\n    @media screen and (max-width: 768px) {\r\n    #InsightBullets-block_fce8e1d617c31b694b4a91c551a8087b {\r\n        margin-top:0px;\r\n        margin-bottom:px;\r\n        padding-top:px;\r\n        padding-bottom:px;\r\n    }\r\n    }\r\n<\/style><\/div>\r\n","protected":false},"excerpt":{"rendered":"","protected":false},"author":2,"featured_media":0,"parent":52379,"menu_order":0,"comment_status":"closed","ping_status":"closed","template":"","meta":{"_acf_changed":false,"footnotes":""},"class_list":["post-52382","page","type-page","status-publish","hentry"],"acf":[],"_links":{"self":[{"href":"https:\/\/www.fluidra.com\/ca\/wp-json\/wp\/v2\/pages\/52382","targetHints":{"allow":["GET"]}}],"collection":[{"href":"https:\/\/www.fluidra.com\/ca\/wp-json\/wp\/v2\/pages"}],"about":[{"href":"https:\/\/www.fluidra.com\/ca\/wp-json\/wp\/v2\/types\/page"}],"author":[{"embeddable":true,"href":"https:\/\/www.fluidra.com\/ca\/wp-json\/wp\/v2\/users\/2"}],"replies":[{"embeddable":true,"href":"https:\/\/www.fluidra.com\/ca\/wp-json\/wp\/v2\/comments?post=52382"}],"version-history":[{"count":8,"href":"https:\/\/www.fluidra.com\/ca\/wp-json\/wp\/v2\/pages\/52382\/revisions"}],"predecessor-version":[{"id":60509,"href":"https:\/\/www.fluidra.com\/ca\/wp-json\/wp\/v2\/pages\/52382\/revisions\/60509"}],"up":[{"embeddable":true,"href":"https:\/\/www.fluidra.com\/ca\/wp-json\/wp\/v2\/pages\/52379"}],"wp:attachment":[{"href":"https:\/\/www.fluidra.com\/ca\/wp-json\/wp\/v2\/media?parent=52382"}],"curies":[{"name":"wp","href":"https:\/\/api.w.org\/{rel}","templated":true}]}}