{"id":52464,"date":"2024-09-12T14:56:22","date_gmt":"2024-09-12T12:56:22","guid":{"rendered":"https:\/\/www.fluidra.com\/sustainability\/social\/"},"modified":"2025-10-08T12:50:51","modified_gmt":"2025-10-08T10:50:51","slug":"social","status":"publish","type":"page","link":"https:\/\/www.fluidra.com\/ca\/sostenibilitat\/social\/","title":{"rendered":"Social"},"content":{"rendered":"<div id=\"TopNavTabs-block_093e2335a6535f30390c3e2ee94c00e1\" class=\"TopNavTabs\">\r\n\r\n    <div class=\"container-fluid\">\r\n        <div class=\"row\">\r\n            <div class=\"col-12 px-0\">\r\n                <div class=\"subMenu\">\r\n                                            <div class=\"title\">\r\n                            SOSTENIBILIDAD                        <\/div>\r\n                                        <div class=\"arrowsMenus\">\r\n                        <button class=\"scroll-button left\">\r\n                            <img decoding=\"async\" alt=\"icon\" class=\"arrow\" src=\"https:\/\/www.fluidra.com\/wp-content\/themes\/fluidra\/assets\/images\/icons\/next-icon.svg\" title=\"\">\r\n                        <\/button>\r\n                        <button class=\"scroll-button right\">\r\n                            <img decoding=\"async\" alt=\"icon\" class=\"arrow\" src=\"https:\/\/www.fluidra.com\/wp-content\/themes\/fluidra\/assets\/images\/icons\/next-icon.svg\" title=\"\">\r\n                        <\/button>\r\n                        <div class=\"bodyMenu\">\r\n                            <div class=\"containerMenu\">\r\n                                <div class=\"menu\">\r\n                                    <nav class=\"menu-submenu-sustainability-catalan-container\"><ul id=\"menu-submenu-sustainability-catalan\" class=\"submenu\"><li id=\"menu-item-56246\" class=\"menu-item menu-item-type-post_type menu-item-object-page menu-item-56246\"><a href=\"https:\/\/www.fluidra.com\/ca\/sostenibilitat\/\">Sostenibilitat<\/a><\/li>\n<li id=\"menu-item-56233\" class=\"menu-item menu-item-type-post_type menu-item-object-page menu-item-56233\"><a href=\"https:\/\/www.fluidra.com\/ca\/sostenibilitat\/medi-ambient\/\">Medi Ambient<\/a><\/li>\n<li id=\"menu-item-56232\" class=\"menu-item menu-item-type-post_type menu-item-object-page menu-item-56232\"><a href=\"https:\/\/www.fluidra.com\/ca\/sostenibilitat\/social\/\">Social<\/a><\/li>\n<li id=\"menu-item-56231\" class=\"menu-item menu-item-type-post_type menu-item-object-page menu-item-56231\"><a href=\"https:\/\/www.fluidra.com\/ca\/sostenibilitat\/governanca\/\">Governan\u00e7a<\/a><\/li>\n<li id=\"menu-item-56200\" class=\"menu-item menu-item-type-post_type menu-item-object-page menu-item-56200\"><a href=\"https:\/\/www.fluidra.com\/ca\/inversors\/informe-anual-integrat\/\">Informe Anual Integrat<\/a><\/li>\n<\/ul><\/nav>                                <\/div>\r\n                            <\/div>\r\n                        <\/div>\r\n                    <\/div>\r\n                <\/div>\r\n            <\/div>\r\n        <\/div>\r\n    <\/div>\r\n    <style>\r\n    #TopNavTabs-block_093e2335a6535f30390c3e2ee94c00e1 {\r\n        margin-top:px;\r\n        margin-bottom:px;\r\n        padding-top:px;\r\n        padding-bottom:px\r\n    }\r\n    @media screen and (max-width: 768px) {\r\n    #TopNavTabs-block_093e2335a6535f30390c3e2ee94c00e1 {\r\n        margin-top:px;\r\n        margin-bottom:px;\r\n        padding-top:px;\r\n        padding-bottom:px;\r\n    }\r\n    }\r\n<\/style><\/div>\r\n\n\n<div id=\"ContentImage-block_3f8fed57a7e346a8295523cbc230efdf\" class=\"ContentImage no-wave v3 \">\r\n\r\n    <!-- DESKTOP -->\r\n\r\n    <div class=\"d-none d-lg-block\">\r\n        <div class=\"container-fluid\">\r\n            <div class=\"row\">\r\n                <div class=\"col-12 col-lg-6 ps-0\">\r\n                                            <div class=\"title normal\"><p class=''><span style=\"font-weight: 400;\">Comptem amb el millor equip<\/span><\/p>\n<\/div>\r\n                    \r\n                                                    <div class=\"imagesCont\">\r\n                                    <div class=\"leftImage\">\r\n                                        <svg xmlns=\"http:\/\/www.w3.org\/2000\/svg\" xmlns:xlink=\"http:\/\/www.w3.org\/1999\/xlink\" viewBox=\"0 0 661 531\" fill=\"none\">\r\n                                            <path fill-rule=\"evenodd\" clip-rule=\"evenodd\" d=\"M312.126 3.79503C425.337 17.8765 427.027 57.8889 497.907 112.152C561.564 160.886 653.828 197.815 660.538 270.528C667.437 345.289 595.781 406.515 529.631 455.95C468.5 501.634 393.385 532.968 312.126 530.903C233.072 528.894 159.984 495.436 107.212 445.216C57.2432 397.662 25.0876 343.95 3.0867 270.528C6.22311 209.611 -17.1573 113.041 29.9265 67.1391C81.3895 16.968 165.134 -8.84485 312.126 3.79503Z\" fill=\"url(#pattern0_5767_3916-d-ContentImage-block_3f8fed57a7e346a8295523cbc230efdf)\"\/>\r\n                                            <defs>\r\n                                                <pattern id=\"pattern0_5767_3916-d-ContentImage-block_3f8fed57a7e346a8295523cbc230efdf\" patternContentUnits=\"objectBoundingBox\" width=\"1\" height=\"1\">\r\n                                                    <use xlink:href=\"#image0_5767_3916-d-ContentImage-block_3f8fed57a7e346a8295523cbc230efdf\" transform=\"matrix(0.000293919 0 0 0.0003663 -0.101946 0)\"\/>\r\n                                                <\/pattern>\r\n                                                <image id=\"image0_5767_3916-d-ContentImage-block_3f8fed57a7e346a8295523cbc230efdf\" width=\"4096\" height=\"2730\" xlink:href=\"https:\/\/www.fluidra.com\/wp-content\/uploads\/2024\/07\/home-careers-1-scaled.webp\" \/>\r\n                                            <\/defs>\r\n                                        <\/svg>\r\n                                    <\/div>\r\n                                <\/div>\r\n                                            <\/div>\r\n\r\n                <div class=\"col-12 col-lg-5 offset-lg-1 pe-0 d-flex flex-column justify-content-between\">\r\n                    <div>\r\n                                                    <div class=\"text normal\"><p><span style=\"font-weight: 400;\">L&#8217;\u00e8xit de Fluidra no seria possible si no compt\u00e9ssim amb el millor equip, professionals capa\u00e7os de desenvolupar la seva tasca de manera segura i estable, amb una adequada progressi\u00f3 professional i personal a l\u2019empresa, i garantint la igualtat de tracte i d&#8217;oportunitats.<\/span><\/p>\n<p><span style=\"font-weight: 400;\">Amb aquesta finalitat, la nostra estrat\u00e8gia 2024-2026 es basa en tres pilars fonamentals.<\/span><\/p>\n<\/div>\r\n                                                                    <\/div>\r\n                                                    <div class=\"imagesCont\">\r\n                                    <div class=\"rightImage\">\r\n                                        <svg xmlns=\"http:\/\/www.w3.org\/2000\/svg\" viewBox=\"0 0 508 519\" fill=\"none\">\r\n                                            <path d=\"M194.765 320.391C56.4241 357.459 -26.2755 497.185 9.44862 632.72C46.1859 767.983 187.761 847.614 326.102 810.546C402.364 790.111 461.73 738.668 493.715 673.831C495.885 669.4 497.863 664.626 499.798 660.06C619.268 402.984 752.88 662.53 919.339 702.03C983.272 721.423 1053.6 723.801 1123.33 705.118C1318.5 652.823 1435.22 455.512 1384.59 264.349C1332.93 73.3657 1133.14 -38.9382 937.97 13.3574C868.247 32.0396 808.502 69.1725 762.831 117.934C638.307 235.304 652.485 526.951 420.458 363.959C416.499 360.973 412.423 357.919 408.213 355.099C348.161 314.825 270.96 300.073 194.698 320.508\" stroke=\"#334FAA\" stroke-miterlimit=\"10\"\/>\r\n                                        <\/svg>\r\n                                    <\/div>\r\n                                <\/div>\r\n                                                <\/div>\r\n            <\/div>\r\n        <\/div>\r\n    <\/div>\r\n\r\n    <div class=\"d-block d-lg-none\">\r\n        <div class=\"container\">\r\n            <div class=\"row\">\r\n                <div class=\"col-12 col-lg-6\">\r\n                                            <div class=\"title normal\"><p class=''><span style=\"font-weight: 400;\">Comptem amb el millor equip<\/span><\/p>\n<\/div>\r\n                                    <\/div>\r\n                <div class=\"col-12 col-lg-6\">\r\n                                            <div class=\"text normal\"><p><span style=\"font-weight: 400;\">L&#8217;\u00e8xit de Fluidra no seria possible si no compt\u00e9ssim amb el millor equip, professionals capa\u00e7os de desenvolupar la seva tasca de manera segura i estable, amb una adequada progressi\u00f3 professional i personal a l\u2019empresa, i garantint la igualtat de tracte i d&#8217;oportunitats.<\/span><\/p>\n<p><span style=\"font-weight: 400;\">Amb aquesta finalitat, la nostra estrat\u00e8gia 2024-2026 es basa en tres pilars fonamentals.<\/span><\/p>\n<\/div>\r\n                                                        <\/div>\r\n            <\/div>\r\n        <\/div>\r\n\r\n\r\n                            <div class=\"container-fluid imagesCont\">\r\n                        <div class=\"row\">\r\n                            <div class=\"col-12 col-lg-6 ps-0\">\r\n                                                                    <div class=\"leftImage\">\r\n                                        <svg xmlns=\"http:\/\/www.w3.org\/2000\/svg\" xmlns:xlink=\"http:\/\/www.w3.org\/1999\/xlink\" viewBox=\"0 0 661 531\" fill=\"none\">\r\n                                            <path fill-rule=\"evenodd\" clip-rule=\"evenodd\" d=\"M312.126 3.79503C425.337 17.8765 427.027 57.8889 497.907 112.152C561.564 160.886 653.828 197.815 660.538 270.528C667.437 345.289 595.781 406.515 529.631 455.95C468.5 501.634 393.385 532.968 312.126 530.903C233.072 528.894 159.984 495.436 107.212 445.216C57.2432 397.662 25.0876 343.95 3.0867 270.528C6.22311 209.611 -17.1573 113.041 29.9265 67.1391C81.3895 16.968 165.134 -8.84485 312.126 3.79503Z\" fill=\"url(#pattern0_5767_3916-ContentImage-block_3f8fed57a7e346a8295523cbc230efdf)\"\/>\r\n                                            <defs>\r\n                                                <pattern id=\"pattern0_5767_3916-ContentImage-block_3f8fed57a7e346a8295523cbc230efdf\" patternContentUnits=\"objectBoundingBox\" width=\"1\" height=\"1\">\r\n                                                    <use xlink:href=\"#image0_5767_3916-ContentImage-block_3f8fed57a7e346a8295523cbc230efdf\" transform=\"matrix(0.000293919 0 0 0.0003663 -0.101946 0)\"\/>\r\n                                                <\/pattern>\r\n                                                <image id=\"image0_5767_3916-ContentImage-block_3f8fed57a7e346a8295523cbc230efdf\" width=\"4096\" height=\"2730\" xlink:href=\"https:\/\/www.fluidra.com\/wp-content\/uploads\/2024\/07\/home-careers-1-scaled.webp\" \/>\r\n                                            <\/defs>\r\n                                        <\/svg>\r\n                                    <\/div>\r\n                                                            <\/div>\r\n                            <div class=\"col-12 col-lg-6 pe-0\">\r\n                                <div class=\"rightImage\">\r\n                                    <svg xmlns=\"http:\/\/www.w3.org\/2000\/svg\" viewBox=\"0 0 508 579\" fill=\"none\">\r\n                                        <path d=\"M194.765 320.391C56.4241 357.459 -26.2755 497.185 9.44862 632.72C46.1859 767.983 187.761 847.614 326.102 810.546C402.364 790.111 461.73 738.668 493.715 673.831C495.885 669.4 497.863 664.626 499.798 660.06C619.268 402.984 752.88 662.53 919.339 702.03C983.272 721.423 1053.6 723.801 1123.33 705.118C1318.5 652.823 1435.22 455.512 1384.59 264.349C1332.93 73.3657 1133.14 -38.9382 937.97 13.3574C868.247 32.0396 808.502 69.1725 762.831 117.934C638.307 235.304 652.485 526.951 420.458 363.959C416.499 360.973 412.423 357.919 408.213 355.099C348.161 314.825 270.96 300.073 194.698 320.508\" stroke=\"#334FAA\" stroke-miterlimit=\"10\"\/>\r\n                                    <\/svg>\r\n                                <\/div>\r\n                            <\/div>\r\n                        <\/div>\r\n                    <\/div>\r\n                        <\/div>\r\n\r\n        <style>\r\n    #ContentImage-block_3f8fed57a7e346a8295523cbc230efdf {\r\n        margin-top:px;\r\n        margin-bottom:px;\r\n        padding-top:px;\r\n        padding-bottom:px\r\n    }\r\n    @media screen and (max-width: 768px) {\r\n    #ContentImage-block_3f8fed57a7e346a8295523cbc230efdf {\r\n        margin-top:px;\r\n        margin-bottom:px;\r\n        padding-top:px;\r\n        padding-bottom:px;\r\n    }\r\n    }\r\n<\/style><\/div>\r\n\n\n<div id=\"Dropdowns-block_3a2547ebaac8a124db5475a955db3973\" class=\"Dropdowns image-left\" style=\"background-color: #D1E6FF\">\r\n\r\n    <div class=\"container bg\">\r\n        <div class=\"row\">\r\n            <div class=\"col-12 col-lg-7 order-lg-1\">\r\n                <div class=\"content\">\r\n                    <div class=\"superior\">\r\n                        <div class=\"title\"><p class=''><span style=\"font-weight: 400;\">Estrat\u00e8gia<\/span><\/p>\n<\/div>\r\n                                                    <div class=\"text\"><p><span style=\"font-weight: 400;\">El 2023 hem revisat la nostra estrat\u00e8gia de recursos humans per al per\u00edode 2024-2026, anomenada \u201cTu ens fas cr\u00e9ixer\u201d. Aquesta estrat\u00e8gia s&#8217;estructura en tres grans eixos que compten amb plans d&#8217;acci\u00f3, projectes i objectius connectats directament amb cadascun dels eixos estrat\u00e8gics de la societat, facilitant aix\u00ed la seva consecuci\u00f3.<\/span><\/p>\n<ul>\n<li style=\"font-weight: 400;\" aria-level=\"1\"><b>Cultura:\u00a0<\/b><span style=\"font-weight: 400;\">impulsar una cultura forta i \u00e0gil, potenciant el sentiment de pertinen\u00e7a i refor\u00e7ant els nostres valors i la identitat de marca.<\/span><\/li>\n<li style=\"font-weight: 400;\" aria-level=\"1\"><b>Talent:\u00a0<\/b><span style=\"font-weight: 400;\">impulsar el desenvolupament del talent i potenciar l&#8217;agilitat d&#8217;aprenentatge per garantir l&#8217;\u00e8xit del negoci.<\/span><\/li>\n<li style=\"font-weight: 400;\" aria-level=\"1\"><b>Resili\u00e8ncia:<\/b><span style=\"font-weight: 400;\"> donar suport al creixement i la transformaci\u00f3 del negoci creant una organitzaci\u00f3 eficient i flexible amb un s\u00f2lid model operatiu de recursos humans com a base.<\/span><\/li>\n<\/ul>\n<\/div>\r\n                                            <\/div>\r\n                                    <\/div>\r\n            <\/div>\r\n            <div class=\"col-12 col-lg-5 p-0\">\r\n                <div class=\"image\">\r\n                                            <img decoding=\"async\" width=\"2000\" height=\"2000\" src=\"https:\/\/www.fluidra.com\/wp-content\/uploads\/2024\/12\/Strategy.jpg\" class=\"\" alt=\"Persona se\u00f1alando notas adhesivas en un vidrio, ideal para ideas o planificaci\u00f3n colaborativa.\" loading=\"lazy\" srcset=\"https:\/\/www.fluidra.com\/wp-content\/uploads\/2024\/12\/Strategy.jpg 2000w, https:\/\/www.fluidra.com\/wp-content\/uploads\/2024\/12\/Strategy-300x300.jpg 300w, https:\/\/www.fluidra.com\/wp-content\/uploads\/2024\/12\/Strategy-1024x1024.jpg 1024w, https:\/\/www.fluidra.com\/wp-content\/uploads\/2024\/12\/Strategy-150x150.jpg 150w, https:\/\/www.fluidra.com\/wp-content\/uploads\/2024\/12\/Strategy-768x768.jpg 768w, https:\/\/www.fluidra.com\/wp-content\/uploads\/2024\/12\/Strategy-1536x1536.jpg 1536w\" sizes=\"auto, (max-width: 2000px) 100vw, 2000px\" title=\"\">                                    <\/div>\r\n            <\/div>\r\n        <\/div>\r\n\r\n        <div class=\"modals right\">\r\n                    <\/div>\r\n    <\/div>\r\n    <style>\r\n    #Dropdowns-block_3a2547ebaac8a124db5475a955db3973 {\r\n        margin-top:px;\r\n        margin-bottom:px;\r\n        padding-top:128px;\r\n        padding-bottom:0px\r\n    }\r\n    @media screen and (max-width: 768px) {\r\n    #Dropdowns-block_3a2547ebaac8a124db5475a955db3973 {\r\n        margin-top:px;\r\n        margin-bottom:px;\r\n        padding-top:px;\r\n        padding-bottom:px;\r\n    }\r\n    }\r\n<\/style><\/div>\r\n\n\n<div id=\"Dropdowns-block_005693fd1df40abba05ba8e1d91d8b5c\" class=\"Dropdowns image-right\" style=\"background-color: #D1E6FF\">\r\n\r\n    <div class=\"container bg\">\r\n        <div class=\"row\">\r\n            <div class=\"col-12 col-lg-7 order-lg-0\">\r\n                <div class=\"content\">\r\n                    <div class=\"superior\">\r\n                        <div class=\"title\"><p class=''><span style=\"font-weight: 400;\">Ocupaci\u00f3 de qualitat<\/span><\/p>\n<\/div>\r\n                                                    <div class=\"text\"><ul>\n<li style=\"font-weight: 400;\" aria-level=\"1\"><b>Plantilla: <\/b><span style=\"font-weight: 400;\">millorem l&#8217;experi\u00e8ncia dels empleats i empleades a trav\u00e9s d&#8217;enquestes anuals implementades a escala global. Les enquestes donen com a resultat plans d&#8217;acci\u00f3 concrets que ens permeten abordar els nostres punts febles i les oportunitats identificades.<\/span><\/li>\n<li><b>Drets humans: <\/b><span style=\"font-weight: 400;\">definirem un pla d&#8217;acci\u00f3 per prevenir i mitigar possibles impactes en mat\u00e8ria de drets humans a tota la nostra cadena de subministrament. Les accions cr\u00edtiques inclouran auditories per identificar-ne els riscos<\/span><\/li>\n<\/ul>\n<\/div>\r\n                                            <\/div>\r\n                                    <\/div>\r\n            <\/div>\r\n            <div class=\"col-12 col-lg-5 p-0\">\r\n                <div class=\"image\">\r\n                                            <img decoding=\"async\" width=\"2000\" height=\"2000\" src=\"https:\/\/www.fluidra.com\/wp-content\/uploads\/2024\/12\/Quality.jpg\" class=\"\" alt=\"Mujer sonriente en una reuni\u00f3n de trabajo, promoviendo conexi\u00f3n y colaboraci\u00f3n en equipo.\" loading=\"lazy\" srcset=\"https:\/\/www.fluidra.com\/wp-content\/uploads\/2024\/12\/Quality.jpg 2000w, https:\/\/www.fluidra.com\/wp-content\/uploads\/2024\/12\/Quality-300x300.jpg 300w, https:\/\/www.fluidra.com\/wp-content\/uploads\/2024\/12\/Quality-1024x1024.jpg 1024w, https:\/\/www.fluidra.com\/wp-content\/uploads\/2024\/12\/Quality-150x150.jpg 150w, https:\/\/www.fluidra.com\/wp-content\/uploads\/2024\/12\/Quality-768x768.jpg 768w, https:\/\/www.fluidra.com\/wp-content\/uploads\/2024\/12\/Quality-1536x1536.jpg 1536w\" sizes=\"auto, (max-width: 2000px) 100vw, 2000px\" title=\"\">                                    <\/div>\r\n            <\/div>\r\n        <\/div>\r\n\r\n        <div class=\"modals left\">\r\n                    <\/div>\r\n    <\/div>\r\n    <style>\r\n    #Dropdowns-block_005693fd1df40abba05ba8e1d91d8b5c {\r\n        margin-top:px;\r\n        margin-bottom:px;\r\n        padding-top:94px;\r\n        padding-bottom:0px\r\n    }\r\n    @media screen and (max-width: 768px) {\r\n    #Dropdowns-block_005693fd1df40abba05ba8e1d91d8b5c {\r\n        margin-top:px;\r\n        margin-bottom:px;\r\n        padding-top:px;\r\n        padding-bottom:px;\r\n    }\r\n    }\r\n<\/style><\/div>\r\n\n\n<div id=\"Dropdowns-block_75d553ea7ea95c3bbb3e7ba8494e7f8e\" class=\"Dropdowns image-left\" style=\"background-color: #D1E6FF\">\r\n\r\n    <div class=\"container bg\">\r\n        <div class=\"row\">\r\n            <div class=\"col-12 col-lg-7 order-lg-1\">\r\n                <div class=\"content\">\r\n                    <div class=\"superior\">\r\n                        <div class=\"title\"><p class=''><span style=\"font-weight: 400;\">Diversitat, equitat i inclusi\u00f3<\/span><\/p>\n<\/div>\r\n                                                    <div class=\"text\"><p><span style=\"font-weight: 400;\">A fi i efecte de garantir la igualtat, estem implementant mesures correctives per modificar les pol\u00edtiques i els processos de recursos humans actuals. Aquestes mesures posen principalment el focus en la selecci\u00f3, la contractaci\u00f3, la promoci\u00f3 i el desenvolupament del talent.<\/span><\/p>\n<p><span style=\"font-weight: 400;\">Hem decidit focalitzar-nos en la pres\u00e8ncia de dones en els plans de successi\u00f3 d&#8217;aquells llocs de feina amb un impacte m\u00e9s important en el negoci, pel seu nivell de contribuci\u00f3, el nivell de complexitat de gesti\u00f3, les habilitats i el coneixement espec\u00edfic, la gesti\u00f3 de grups d&#8217;inter\u00e8s i la dificultat de reempla\u00e7ament, tamb\u00e9 conegudes com a posicions clau (<\/span><i><span style=\"font-weight: 400;\">key positions<\/span><\/i><span style=\"font-weight: 400;\">).<\/span><\/p>\n<p><span style=\"font-weight: 400;\">D&#8217;altra banda, a Fluidra treballem per fomentar la pres\u00e8ncia de dones en posicions STEM (aquelles associades amb la ci\u00e8ncia, la tecnologia, l\u2019enginyeria o les matem\u00e0tiques), a trav\u00e9s de col\u00b7laboracions amb entitats com la Society of Women Engineers dels Estats Units d&#8217;Am\u00e8rica.<\/span><\/p>\n<\/div>\r\n                                            <\/div>\r\n                                    <\/div>\r\n            <\/div>\r\n            <div class=\"col-12 col-lg-5 p-0\">\r\n                <div class=\"image\">\r\n                                            <img decoding=\"async\" width=\"2000\" height=\"2000\" src=\"https:\/\/www.fluidra.com\/wp-content\/uploads\/2024\/12\/Diversity.jpg\" class=\"\" alt=\"Grupo diverso de j\u00f3venes colaborando y compartiendo ideas, fomentando creatividad e inclusi\u00f3n.\" loading=\"lazy\" srcset=\"https:\/\/www.fluidra.com\/wp-content\/uploads\/2024\/12\/Diversity.jpg 2000w, https:\/\/www.fluidra.com\/wp-content\/uploads\/2024\/12\/Diversity-300x300.jpg 300w, https:\/\/www.fluidra.com\/wp-content\/uploads\/2024\/12\/Diversity-1024x1024.jpg 1024w, https:\/\/www.fluidra.com\/wp-content\/uploads\/2024\/12\/Diversity-150x150.jpg 150w, https:\/\/www.fluidra.com\/wp-content\/uploads\/2024\/12\/Diversity-768x768.jpg 768w, https:\/\/www.fluidra.com\/wp-content\/uploads\/2024\/12\/Diversity-1536x1536.jpg 1536w\" sizes=\"auto, (max-width: 2000px) 100vw, 2000px\" title=\"\">                                    <\/div>\r\n            <\/div>\r\n        <\/div>\r\n\r\n        <div class=\"modals right\">\r\n                    <\/div>\r\n    <\/div>\r\n    <style>\r\n    #Dropdowns-block_75d553ea7ea95c3bbb3e7ba8494e7f8e {\r\n        margin-top:px;\r\n        margin-bottom:px;\r\n        padding-top:94px;\r\n        padding-bottom:0px\r\n    }\r\n    @media screen and (max-width: 768px) {\r\n    #Dropdowns-block_75d553ea7ea95c3bbb3e7ba8494e7f8e {\r\n        margin-top:px;\r\n        margin-bottom:px;\r\n        padding-top:px;\r\n        padding-bottom:px;\r\n    }\r\n    }\r\n<\/style><\/div>\r\n\n\n<div id=\"Dropdowns-block_4f9fa8ad693185966cb69ce98dee77ca\" class=\"Dropdowns image-right\" style=\"background-color: #D1E6FF\">\r\n\r\n    <div class=\"container bg\">\r\n        <div class=\"row\">\r\n            <div class=\"col-12 col-lg-7 order-lg-0\">\r\n                <div class=\"content\">\r\n                    <div class=\"superior\">\r\n                        <div class=\"title\"><p class=''><span style=\"font-weight: 400;\">Comprom\u00eds amb la comunitat<\/span><\/p>\n<\/div>\r\n                                                    <div class=\"text\"><p><span style=\"font-weight: 400;\">A trav\u00e9s de la Fundaci\u00f3 Fluidra, la nostra missi\u00f3 \u00e9s assegurar que totes les persones tinguin acc\u00e9s a piscines, a la nataci\u00f3 i als beneficis terap\u00e8utics que se\u2019n deriven, facilitar l&#8217;acc\u00e9s a l&#8217;aigua per al desenvolupament de regions desfavorides, i fomentar la cultura com a vertebradora social. Per aconseguir totes aquestes fites ens basem en els valors de la Fundaci\u00f3.<\/span><\/p>\n<p><span style=\"font-weight: 400;\">En aquest sentit, i per ampliar cada cop m\u00e9s el nostre \u00e0mbit, fins i tot m\u00e9s enll\u00e0 dels nostres contextos d&#8217;operaci\u00f3, l\u2019empresa dedica cada any part del pressupost a finan\u00e7ar la Fundaci\u00f3. En concret, el 2023 s&#8217;hi han destinat 750.000 euros (la mateixa xifra que el 2022).<\/span><\/p>\n<p><span style=\"font-weight: 400;\">Els \u00e0mbits d&#8217;actuaci\u00f3 principals s\u00f3n la piscina social i solid\u00e0ria, l&#8217;aigua i la m\u00fasica.<\/span><\/p>\n<\/div>\r\n                                            <\/div>\r\n                                    <\/div>\r\n            <\/div>\r\n            <div class=\"col-12 col-lg-5 p-0\">\r\n                <div class=\"image\">\r\n                                            <img decoding=\"async\" width=\"2000\" height=\"2000\" src=\"https:\/\/www.fluidra.com\/wp-content\/uploads\/2024\/12\/commitment.jpg\" class=\"\" alt=\"Gente hablando y compartiendo ideas\" loading=\"lazy\" srcset=\"https:\/\/www.fluidra.com\/wp-content\/uploads\/2024\/12\/commitment.jpg 2000w, https:\/\/www.fluidra.com\/wp-content\/uploads\/2024\/12\/commitment-300x300.jpg 300w, https:\/\/www.fluidra.com\/wp-content\/uploads\/2024\/12\/commitment-1024x1024.jpg 1024w, https:\/\/www.fluidra.com\/wp-content\/uploads\/2024\/12\/commitment-150x150.jpg 150w, https:\/\/www.fluidra.com\/wp-content\/uploads\/2024\/12\/commitment-768x768.jpg 768w, https:\/\/www.fluidra.com\/wp-content\/uploads\/2024\/12\/commitment-1536x1536.jpg 1536w\" sizes=\"auto, (max-width: 2000px) 100vw, 2000px\" title=\"\">                                    <\/div>\r\n            <\/div>\r\n        <\/div>\r\n\r\n        <div class=\"modals left\">\r\n                    <\/div>\r\n    <\/div>\r\n    <style>\r\n    #Dropdowns-block_4f9fa8ad693185966cb69ce98dee77ca {\r\n        margin-top:px;\r\n        margin-bottom:px;\r\n        padding-top:94px;\r\n        padding-bottom:128px\r\n    }\r\n    @media screen and (max-width: 768px) {\r\n    #Dropdowns-block_4f9fa8ad693185966cb69ce98dee77ca {\r\n        margin-top:px;\r\n        margin-bottom:px;\r\n        padding-top:px;\r\n        padding-bottom:px;\r\n    }\r\n    }\r\n<\/style><\/div>\r\n","protected":false},"excerpt":{"rendered":"","protected":false},"author":2,"featured_media":303,"parent":52457,"menu_order":27,"comment_status":"closed","ping_status":"closed","template":"","meta":{"_acf_changed":false,"footnotes":""},"class_list":["post-52464","page","type-page","status-publish","has-post-thumbnail","hentry"],"acf":[],"_links":{"self":[{"href":"https:\/\/www.fluidra.com\/ca\/wp-json\/wp\/v2\/pages\/52464","targetHints":{"allow":["GET"]}}],"collection":[{"href":"https:\/\/www.fluidra.com\/ca\/wp-json\/wp\/v2\/pages"}],"about":[{"href":"https:\/\/www.fluidra.com\/ca\/wp-json\/wp\/v2\/types\/page"}],"author":[{"embeddable":true,"href":"https:\/\/www.fluidra.com\/ca\/wp-json\/wp\/v2\/users\/2"}],"replies":[{"embeddable":true,"href":"https:\/\/www.fluidra.com\/ca\/wp-json\/wp\/v2\/comments?post=52464"}],"version-history":[{"count":5,"href":"https:\/\/www.fluidra.com\/ca\/wp-json\/wp\/v2\/pages\/52464\/revisions"}],"predecessor-version":[{"id":60475,"href":"https:\/\/www.fluidra.com\/ca\/wp-json\/wp\/v2\/pages\/52464\/revisions\/60475"}],"up":[{"embeddable":true,"href":"https:\/\/www.fluidra.com\/ca\/wp-json\/wp\/v2\/pages\/52457"}],"wp:featuredmedia":[{"embeddable":true,"href":"https:\/\/www.fluidra.com\/ca\/wp-json\/wp\/v2\/media\/303"}],"wp:attachment":[{"href":"https:\/\/www.fluidra.com\/ca\/wp-json\/wp\/v2\/media?parent=52464"}],"curies":[{"name":"wp","href":"https:\/\/api.w.org\/{rel}","templated":true}]}}