{"id":29171,"date":"2024-11-11T08:24:33","date_gmt":"2024-11-11T07:24:33","guid":{"rendered":"https:\/\/www.fluidra.com\/carrera\/our-teams\/"},"modified":"2025-11-21T11:10:41","modified_gmt":"2025-11-21T10:10:41","slug":"nuestro-equipo","status":"publish","type":"page","link":"https:\/\/www.fluidra.com\/es\/unete\/nuestro-equipo\/","title":{"rendered":"Nuestro equipo"},"content":{"rendered":"<div id=\"TopNavTabs-block_860827cbda566de3fe9fc8847382783f\" class=\"TopNavTabs\">\r\n\r\n    <div class=\"container-fluid\">\r\n        <div class=\"row\">\r\n            <div class=\"col-12 px-0\">\r\n                <div class=\"subMenu\">\r\n                                            <div class=\"title\">\r\n                            CARRERAS                        <\/div>\r\n                                        <div class=\"arrowsMenus\">\r\n                        <button class=\"scroll-button left\">\r\n                            <img decoding=\"async\" alt=\"icon\" class=\"arrow\" src=\"https:\/\/www.fluidra.com\/wp-content\/themes\/fluidra\/assets\/images\/icons\/next-icon.svg\" title=\"\">\r\n                        <\/button>\r\n                        <button class=\"scroll-button right\">\r\n                            <img decoding=\"async\" alt=\"icon\" class=\"arrow\" src=\"https:\/\/www.fluidra.com\/wp-content\/themes\/fluidra\/assets\/images\/icons\/next-icon.svg\" title=\"\">\r\n                        <\/button>\r\n                        <div class=\"bodyMenu\">\r\n                            <div class=\"containerMenu\">\r\n                                <div class=\"menu\">\r\n                                    <nav class=\"menu-submenu-unete-container\"><ul id=\"menu-submenu-unete\" class=\"submenu\"><li id=\"menu-item-59084\" class=\"menu-item menu-item-type-post_type menu-item-object-page menu-item-59084\"><a href=\"https:\/\/www.fluidra.com\/es\/unete\/\">Introducci\u00f3n<\/a><\/li>\n<li id=\"menu-item-38951\" class=\"menu-item menu-item-type-post_type menu-item-object-page menu-item-38951\"><a href=\"https:\/\/www.fluidra.com\/es\/unete\/nuestro-equipo\/\">Nuestro equipo<\/a><\/li>\n<li id=\"menu-item-38950\" class=\"menu-item menu-item-type-post_type menu-item-object-page menu-item-38950\"><a href=\"https:\/\/www.fluidra.com\/es\/unete\/impulsa-tu-carrera\/\">Impulsa tu carrera<\/a><\/li>\n<li id=\"menu-item-38952\" class=\"menu-item menu-item-type-post_type menu-item-object-page menu-item-38952\"><a href=\"https:\/\/www.fluidra.com\/es\/unete\/crece-con-nosotros\/\">Crece con nosotros<\/a><\/li>\n<li id=\"menu-item-59085\" class=\"menu-item menu-item-type-post_type menu-item-object-page menu-item-59085\"><a href=\"https:\/\/www.fluidra.com\/es\/unete\/unete-a-nosotros\/\">\u00danete a nosotros<\/a><\/li>\n<\/ul><\/nav>                                <\/div>\r\n                            <\/div>\r\n                        <\/div>\r\n                    <\/div>\r\n                <\/div>\r\n            <\/div>\r\n        <\/div>\r\n    <\/div>\r\n    <style>\r\n    #TopNavTabs-block_860827cbda566de3fe9fc8847382783f {\r\n        margin-top:px;\r\n        margin-bottom:px;\r\n        padding-top:px;\r\n        padding-bottom:px\r\n    }\r\n    @media screen and (max-width: 768px) {\r\n    #TopNavTabs-block_860827cbda566de3fe9fc8847382783f {\r\n        margin-top:px;\r\n        margin-bottom:px;\r\n        padding-top:px;\r\n        padding-bottom:px;\r\n    }\r\n    }\r\n<\/style><\/div>\r\n\n\n<div id=\"InsightBullets-block_b083e291659584d01a6763b46f20d503\" class=\"InsightBullets light\">\r\n\r\n    <div class=\"container\">\r\n        <div class=\"row align-items-center mb-5\">\r\n            <div class=\"col-12 col-lg-6 fullWidth\">\r\n                <div class=\"title\"><h2 class=''>Nuestro Equipo<\/h2>\n<\/div>\r\n            <\/div>\r\n            <div class=\"col-12 col-lg-6\">\r\n                                    <div class=\"subtitle\"><p>En Fluidra, creemos que <strong>el \u00e9xito se construye con equipos diversos, apasionados y comprometidos.<\/strong> Siempre estamos buscando personas talentosas y motivadas, listas para crecer.<\/p>\n<p>Si eres una persona apasionada por lo que haces y est\u00e1s deseoso de contribuir a proyectos innovadores en un entorno din\u00e1mico, nos encantar\u00eda que nos conocieras mejor.<br \/>\nExplora los diferentes equipos y departamentos, estamos seguros de que encontrar\u00e1s una oportunidad donde puedas prosperar y crecer. <strong>\u00a1\u00danete a Fluidra y forma parte de nuestra historia!<\/strong><\/p>\n<\/div>\r\n                                            <\/div>\r\n        <\/div>\r\n        <div class=\"row\">\r\n            <div class=\"col-12\">\r\n                            <\/div>\r\n        <\/div>\r\n        <div class=\"row\">\r\n            <div class=\"col-12\">\r\n                <div class=\"cards v02\">\r\n                                                                <div class=\"cardContent \">\r\n                                                            <img decoding=\"async\" width=\"328\" height=\"512\" src=\"https:\/\/www.fluidra.com\/wp-content\/uploads\/2025\/02\/1_Finanzas.jpg\" class=\"image\" alt=\"\" loading=\"lazy\" srcset=\"https:\/\/www.fluidra.com\/wp-content\/uploads\/2025\/02\/1_Finanzas.jpg 328w, https:\/\/www.fluidra.com\/wp-content\/uploads\/2025\/02\/1_Finanzas-192x300.jpg 192w\" sizes=\"auto, (max-width: 328px) 100vw, 328px\" title=\"\">                                                        <div class=\"texts\">\r\n                                                                    <div class=\"cardTitle\"><p>Finanzas y Contabilidad<\/p>\n<\/div>\r\n                                                                                            <\/div>\r\n                                                    <\/div>\r\n                                                                                        <div class=\"cardContent \">\r\n                                                            <img decoding=\"async\" width=\"328\" height=\"512\" src=\"https:\/\/www.fluidra.com\/wp-content\/uploads\/2025\/02\/2_Marketing.jpg\" class=\"image\" alt=\"\" loading=\"lazy\" srcset=\"https:\/\/www.fluidra.com\/wp-content\/uploads\/2025\/02\/2_Marketing.jpg 328w, https:\/\/www.fluidra.com\/wp-content\/uploads\/2025\/02\/2_Marketing-192x300.jpg 192w\" sizes=\"auto, (max-width: 328px) 100vw, 328px\" title=\"\">                                                        <div class=\"texts\">\r\n                                                                    <div class=\"cardTitle\"><p>Marketing<\/p>\n<\/div>\r\n                                                                                            <\/div>\r\n                                                    <\/div>\r\n                                                                                        <div class=\"cardContent \">\r\n                                                            <img decoding=\"async\" width=\"328\" height=\"512\" src=\"https:\/\/www.fluidra.com\/wp-content\/uploads\/2025\/02\/3_Ventas.jpg\" class=\"image\" alt=\"\" loading=\"lazy\" srcset=\"https:\/\/www.fluidra.com\/wp-content\/uploads\/2025\/02\/3_Ventas.jpg 328w, https:\/\/www.fluidra.com\/wp-content\/uploads\/2025\/02\/3_Ventas-192x300.jpg 192w\" sizes=\"auto, (max-width: 328px) 100vw, 328px\" title=\"\">                                                        <div class=\"texts\">\r\n                                                                    <div class=\"cardTitle\"><p>Ventas y Desarrollo de Negocios<\/p>\n<\/div>\r\n                                                                                            <\/div>\r\n                                                    <\/div>\r\n                                                                                        <div class=\"cardContent \">\r\n                                                            <img decoding=\"async\" width=\"328\" height=\"512\" src=\"https:\/\/www.fluidra.com\/wp-content\/uploads\/2025\/02\/4_Operaciones.jpg\" class=\"image\" alt=\"\" loading=\"lazy\" srcset=\"https:\/\/www.fluidra.com\/wp-content\/uploads\/2025\/02\/4_Operaciones.jpg 328w, https:\/\/www.fluidra.com\/wp-content\/uploads\/2025\/02\/4_Operaciones-192x300.jpg 192w\" sizes=\"auto, (max-width: 328px) 100vw, 328px\" title=\"\">                                                        <div class=\"texts\">\r\n                                                                    <div class=\"cardTitle\"><p>Operaciones y Log\u00edstica<\/p>\n<\/div>\r\n                                                                                            <\/div>\r\n                                                    <\/div>\r\n                                                                                        <div class=\"cardContent \">\r\n                                                            <img decoding=\"async\" width=\"328\" height=\"512\" src=\"https:\/\/www.fluidra.com\/wp-content\/uploads\/2025\/02\/5_Tecnologia.jpg\" class=\"image\" alt=\"\" loading=\"lazy\" srcset=\"https:\/\/www.fluidra.com\/wp-content\/uploads\/2025\/02\/5_Tecnologia.jpg 328w, https:\/\/www.fluidra.com\/wp-content\/uploads\/2025\/02\/5_Tecnologia-192x300.jpg 192w\" sizes=\"auto, (max-width: 328px) 100vw, 328px\" title=\"\">                                                        <div class=\"texts\">\r\n                                                                    <div class=\"cardTitle\"><p>Tecnolog\u00eda e Innovaci\u00f3n (TI)<\/p>\n<\/div>\r\n                                                                                            <\/div>\r\n                                                    <\/div>\r\n                                                                                        <div class=\"cardContent \">\r\n                                                            <img decoding=\"async\" width=\"328\" height=\"512\" src=\"https:\/\/www.fluidra.com\/wp-content\/uploads\/2025\/02\/6_Investigacion.jpg\" class=\"image\" alt=\"\" loading=\"lazy\" srcset=\"https:\/\/www.fluidra.com\/wp-content\/uploads\/2025\/02\/6_Investigacion.jpg 328w, https:\/\/www.fluidra.com\/wp-content\/uploads\/2025\/02\/6_Investigacion-192x300.jpg 192w\" sizes=\"auto, (max-width: 328px) 100vw, 328px\" title=\"\">                                                        <div class=\"texts\">\r\n                                                                    <div class=\"cardTitle\"><p>Investigaci\u00f3n y Desarrollo (I+D)<\/p>\n<\/div>\r\n                                                                                            <\/div>\r\n                                                    <\/div>\r\n                                                                                        <div class=\"cardContent hidden hiddenCard\">\r\n                                                            <img decoding=\"async\" width=\"328\" height=\"512\" src=\"https:\/\/www.fluidra.com\/wp-content\/uploads\/2025\/02\/7_Legal.jpg\" class=\"image\" alt=\"\" loading=\"lazy\" srcset=\"https:\/\/www.fluidra.com\/wp-content\/uploads\/2025\/02\/7_Legal.jpg 328w, https:\/\/www.fluidra.com\/wp-content\/uploads\/2025\/02\/7_Legal-192x300.jpg 192w\" sizes=\"auto, (max-width: 328px) 100vw, 328px\" title=\"\">                                                        <div class=\"texts\">\r\n                                                                    <div class=\"cardTitle\"><p>Legal y Cumplimiento<\/p>\n<\/div>\r\n                                                                                            <\/div>\r\n                                                    <\/div>\r\n                                                                                        <div class=\"cardContent hidden hiddenCard\">\r\n                                                            <img decoding=\"async\" width=\"328\" height=\"512\" src=\"https:\/\/www.fluidra.com\/wp-content\/uploads\/2025\/02\/8_ESG.jpg\" class=\"image\" alt=\"\" loading=\"lazy\" srcset=\"https:\/\/www.fluidra.com\/wp-content\/uploads\/2025\/02\/8_ESG.jpg 328w, https:\/\/www.fluidra.com\/wp-content\/uploads\/2025\/02\/8_ESG-192x300.jpg 192w\" sizes=\"auto, (max-width: 328px) 100vw, 328px\" title=\"\">                                                        <div class=\"texts\">\r\n                                                                    <div class=\"cardTitle\"><p>ESG<\/p>\n<\/div>\r\n                                                                                            <\/div>\r\n                                                    <\/div>\r\n                                                                                        <div class=\"cardContent hidden hiddenCard\">\r\n                                                            <img decoding=\"async\" width=\"328\" height=\"512\" src=\"https:\/\/www.fluidra.com\/wp-content\/uploads\/2025\/02\/9_Personas.jpg\" class=\"image\" alt=\"\" loading=\"lazy\" srcset=\"https:\/\/www.fluidra.com\/wp-content\/uploads\/2025\/02\/9_Personas.jpg 328w, https:\/\/www.fluidra.com\/wp-content\/uploads\/2025\/02\/9_Personas-192x300.jpg 192w\" sizes=\"auto, (max-width: 328px) 100vw, 328px\" title=\"\">                                                        <div class=\"texts\">\r\n                                                                    <div class=\"cardTitle\"><p>Personas (RR. HH.)<\/p>\n<\/div>\r\n                                                                                            <\/div>\r\n                                                    <\/div>\r\n                                                                                    <div class=\"triggerButton d-flex d-lg-none\">\r\n                        See More                        <img decoding=\"async\" alt=\"icon\" src=\"https:\/\/www.fluidra.com\/wp-content\/themes\/fluidra\/assets\/images\/icons\/plus-primary.webp\" title=\"\">\r\n                    <\/div>\r\n                    <div class=\"hideTriggerButton d-none d-lg-none\">\r\n                        See Less                        <img decoding=\"async\" alt=\"icon\" src=\"https:\/\/www.fluidra.com\/wp-content\/themes\/fluidra\/assets\/images\/icons\/minor-primary.webp\" title=\"\">\r\n                    <\/div>\r\n                                    <\/div>\r\n            <\/div>\r\n        <\/div>\r\n    <\/div>\r\n\r\n    <style>\r\n        #InsightBullets-block_b083e291659584d01a6763b46f20d503 { background: linear-gradient(0deg, rgba(255,255,255,0.2) 56.56%, rgba(43,180,211,0.2) 103.88%), #FFF; }\r\n        #InsightBullets-block_b083e291659584d01a6763b46f20d503 .cards { grid-template-columns: repeat(3, 1fr); @media screen and (max-width: 1250px){ grid-template-columns: repeat(2, 1fr); }}\r\n    <\/style>\r\n    <style>\r\n    #InsightBullets-block_b083e291659584d01a6763b46f20d503 {\r\n        margin-top:px;\r\n        margin-bottom:px;\r\n        padding-top:px;\r\n        padding-bottom:px\r\n    }\r\n    @media screen and (max-width: 768px) {\r\n    #InsightBullets-block_b083e291659584d01a6763b46f20d503 {\r\n        margin-top:0px;\r\n        margin-bottom:px;\r\n        padding-top:px;\r\n        padding-bottom:px;\r\n    }\r\n    }\r\n<\/style><\/div>\r\n","protected":false},"excerpt":{"rendered":"","protected":false},"author":2,"featured_media":0,"parent":29032,"menu_order":0,"comment_status":"closed","ping_status":"closed","template":"","meta":{"_acf_changed":false,"footnotes":""},"class_list":["post-29171","page","type-page","status-publish","hentry"],"acf":[],"_links":{"self":[{"href":"https:\/\/www.fluidra.com\/es\/wp-json\/wp\/v2\/pages\/29171","targetHints":{"allow":["GET"]}}],"collection":[{"href":"https:\/\/www.fluidra.com\/es\/wp-json\/wp\/v2\/pages"}],"about":[{"href":"https:\/\/www.fluidra.com\/es\/wp-json\/wp\/v2\/types\/page"}],"author":[{"embeddable":true,"href":"https:\/\/www.fluidra.com\/es\/wp-json\/wp\/v2\/users\/2"}],"replies":[{"embeddable":true,"href":"https:\/\/www.fluidra.com\/es\/wp-json\/wp\/v2\/comments?post=29171"}],"version-history":[{"count":5,"href":"https:\/\/www.fluidra.com\/es\/wp-json\/wp\/v2\/pages\/29171\/revisions"}],"predecessor-version":[{"id":39119,"href":"https:\/\/www.fluidra.com\/es\/wp-json\/wp\/v2\/pages\/29171\/revisions\/39119"}],"up":[{"embeddable":true,"href":"https:\/\/www.fluidra.com\/es\/wp-json\/wp\/v2\/pages\/29032"}],"wp:attachment":[{"href":"https:\/\/www.fluidra.com\/es\/wp-json\/wp\/v2\/media?parent=29171"}],"curies":[{"name":"wp","href":"https:\/\/api.w.org\/{rel}","templated":true}]}}