{"id":40615,"date":"2024-07-30T14:09:34","date_gmt":"2024-07-30T12:09:34","guid":{"rendered":"https:\/\/www.fluidra.com\/legal-notice\/"},"modified":"2025-04-10T13:26:38","modified_gmt":"2025-04-10T11:26:38","slug":"aviso-legal","status":"publish","type":"page","link":"https:\/\/www.fluidra.com\/es\/aviso-legal\/","title":{"rendered":"Aviso legal"},"content":{"rendered":"\n<h2 class=\"wp-block-heading\">Aviso legal y condiciones de uso a la web<\/h2>\n\n\n\n<p>Los derechos de uso y explotaci\u00f3n del portal web del canal Profesional (en adelante, el \u201cPortal\u201d) corresponden a FLUIDRA S.A. con CIF A17728593&nbsp;&nbsp;sita en Avda. Alcalde Barnils, 69, 08174, Sant Cugat del Vall\u00e8s (Barcelona) (en adelante \u201cFLUIDRA\u201d).<\/p>\n\n\n\n<p>Vd. Puede contactarnos en&nbsp;<a href=\"mailto:info@fluidra.com\">info@fluidra.com<\/a><\/p>\n\n\n\n<h3 class=\"wp-block-heading\"><strong>1. Objeto y alcance<\/strong><\/h3>\n\n\n\n<p>El portal web tiene el prop\u00f3sito de facilitar al usuario informaci\u00f3n relativa a FLUIDRA, en cuanto a sus actividades, \u00e1reas de negocio, marcas, proyectos, noticias publicadas, vacantes, informaci\u00f3n burs\u00e1til, informaci\u00f3n corporativa y cualesquiera otras informaciones de inter\u00e9s (en adelante el \u201cPortal\u201d)<\/p>\n\n\n\n<p>El Portal tiene car\u00e1cter informativo.<\/p>\n\n\n\n<h3 class=\"wp-block-heading\">2. Condiciones de uso<\/h3>\n\n\n\n<p>Estas Condiciones de Uso regulan el acceso y utilizaci\u00f3n del Portal. El acceso al mismo implica la aceptaci\u00f3n sin reservas de las presentes Condiciones de Uso.<\/p>\n\n\n\n<p>El usuario es el \u00fanico responsable por el uso que pueda dar al Portal, por todo contenido que reproduzca en o a trav\u00e9s de la Portal y por cualquier consecuencia que de ello se derive.<\/p>\n\n\n\n<p>El usuario se compromete a utilizar el presente Portal, sus contenidos y servicios de conformidad con la Ley, las presentes Condiciones de Uso, las buenas costumbres y el orden p\u00fablico. Del mismo modo se obliga a no utilizar el Portal, sus contenidos o los servicios que se presten a trav\u00e9s de \u00e9ste con fines o efectos il\u00edcitos o contrarios al contenido de las presentes Condiciones de Uso, lesivos de los intereses o derechos de terceros, o que de cualquier forma pueda da\u00f1ar, inutilizar, hacer inaccesibles o deteriorar el Portal, sus contenidos o sus servicios o impedir un normal disfrute de este por otros usuarios.<\/p>\n\n\n\n<p>Asimismo, el usuario se compromete expresamente a no destruir, alterar, inutilizar o, de cualquier otra forma, da\u00f1ar los datos, programas o documentos electr\u00f3nicos que se encuentren en el Portal, y a no obstaculizar el acceso de otros usuarios mediante el consumo masivo de los recursos inform\u00e1ticos a trav\u00e9s del cual FLUIDRA presta el servicio, as\u00ed como realizar acciones que da\u00f1en, interrumpan o generen errores en dichos sistemas o servicios.<\/p>\n\n\n\n<p>Del mismo modo, se compromete a no introducir programas, virus, macros, applets, controles ActiveX o cualquier otro dispositivo l\u00f3gico o secuencia de caracteres que causen o sean susceptibles de causar cualquier tipo de alteraci\u00f3n en los sistemas inform\u00e1ticos de FLUIDRA o de terceros.<\/p>\n\n\n\n<p>Los documentos y gr\u00e1ficos publicados en este servidor podr\u00edan incluir incorrecciones t\u00e9cnicas y errores tipogr\u00e1ficos. Los cambios son peri\u00f3dicamente a\u00f1adidos a la informaci\u00f3n disponible. FLUIDRA y\/o su respectivo suministrador pueden realizar mejoras y\/o cambios en el programa en cualquier momento.<\/p>\n\n\n\n<p>FLUIDRA se reserva el derecho a deshabilitar o bloquear el acceso al Portal al Profesional en caso de que infrinja las presentes Condiciones de Uso, los derechos de terceros o la legislaci\u00f3n aplicable.<\/p>\n\n\n\n<p>FLUIDRA no se hace responsable de los posibles errores de seguridad que se puedan producir ni de los posibles da\u00f1os que puedan causarse al dispositivo del cliente\/usuario (hardware y software) y los ficheros o documentos almacenados en el mismo, como consecuencia de la presencia de virus en el dispositivo del cliente\/usuario utilizado para la conexi\u00f3n a los servicios y contenidos del Portal, de un mal funcionamiento de Internet, de aver\u00edas telef\u00f3nicas, interferencias, omisiones o desconexiones en el funcionamiento operativo del Portal motivados por causas ajenas a FLUIDRA.<\/p>\n\n\n\n<h3 class=\"wp-block-heading\">3. Licencia de Uso del Portal<\/h3>\n\n\n\n<p>FLUIDRA es el propietario y titular de todos los derechos sobre el Portal y, en este sentido, otorga al cliente\/usuario una licencia de uso gratuita, para utilizar el contenido y las funcionalidades disponibles en el Portal conforme a los usos para los que ha sido dise\u00f1ado y, en particular, conforme a lo previsto en el presente&nbsp;documento y\/o en la ley aplicable.<\/p>\n\n\n\n<p>La licencia de uso del Portal se limita al \u00e1mbito territorial europeo, por lo que pese a que el Profesional pueda acceder al Portal desde fuera de Europa, su uso est\u00e1 \u00fanicamente autorizado dentro de Europa.<\/p>\n\n\n\n<h3 class=\"wp-block-heading\">4. Propiedad intelectual e industrial<\/h3>\n\n\n\n<p>Todos los derechos de Propiedad Intelectual e Industrial sobre la informaci\u00f3n, datos, gr\u00e1ficos, dise\u00f1os, software, marcas y otros contenidos del Portal son propiedad de FLUIDRA y\/o de sus licenciantes, por lo que queda prohibida su utilizaci\u00f3n, reproducci\u00f3n, transmisi\u00f3n, transformaci\u00f3n, distribuci\u00f3n, o explotaci\u00f3n de cualquier modo por parte del cliente\/usuario, salvo como parte del servicio en el que se encuentra integrada el Portal y con fines exclusivamente privados.&nbsp;&nbsp;El incumplimiento podr\u00e1 dar lugar al ejercicio de cuantas acciones judiciales o extrajudiciales les pudieran corresponder en el ejercicio de sus derechos.r un uso distinto de los contenidos entre ellos cat\u00e1logos de productos, cat\u00e1logos de precios entre otros.<\/p>\n\n\n\n<p>Fluidra proh\u00edbe cualquier acci\u00f3n contraria a la legislaci\u00f3n vigente, de la documentaci\u00f3n\/contenidos que pueda ser descargado desde el Portal, en concreto no se permite manipular ni realizar un uso distinto de los contenidos entre ellos cat\u00e1logos de productos, cat\u00e1logos de precios entre otros.<\/p>\n\n\n\n<h3 class=\"wp-block-heading\">5. Pol\u00edtica de Privacidad<\/h3>\n\n\n\n<p>Si desea m\u00e1s informaci\u00f3n sobre el tratamiento de sus datos, dir\u00edjase a nuestra\u00a0<a href=\"https:\/\/www.fluidra.com\/es\/politica-de-privacidad\/?_gl=1%2Ailbq1n%2A_up%2AMQ..%2A_ga%2ANTI2MTA2ODI3LjE3NDM3NjIxNTE.%2A_ga_6CPK6086Q4%2AMTc0Mzc2Njg2Mi4yLjEuMTc0Mzc2NzIxMS4wLjAuMA..\" target=\"_blank\" rel=\"noreferrer noopener\">Pol\u00edtica General de Privacidad<\/a>.<\/p>\n\n\n\n<h3 class=\"wp-block-heading\">6. Uso de cookies<\/h3>\n\n\n\n<p>Si desea m\u00e1s informaci\u00f3n sobre el de las cookies en este Sitio Web, dir\u00edjase a nuestra\u00a0<a href=\"https:\/\/www.fluidra.com\/es\/politica-de-cookies\/?_gl=1%2A10ajsmb%2A_up%2AMQ..%2A_ga%2ANTI2MTA2ODI3LjE3NDM3NjIxNTE.%2A_ga_6CPK6086Q4%2AMTc0Mzc2Njg2Mi4yLjEuMTc0Mzc2NzE2My4wLjAuMA..\">Pol\u00edtica de Cookies<\/a>.<\/p>\n\n\n\n<h3 class=\"wp-block-heading\">7. Interrupciones y modificaciones<\/h3>\n\n\n\n<p>Los servicios del Portal pueden verse interrumpidos debido a trabajos de mantenimiento o fallos ajenos al control de FLUIDRA, que ser\u00e1n solventados en un periodo de tiempo razonable.<\/p>\n\n\n\n<p>FLUIDRA, se reserva el derecho de modificar en cualquier momento y sin previo aviso las caracter\u00edsticas, funciones o el alcance de los servicios del Portal, as\u00ed como cualquier informaci\u00f3n aqu\u00ed recogida. El usuario ser\u00e1 informado en un plazo razonable, sobre dichas modificaciones.<\/p>\n\n\n\n<h3 class=\"wp-block-heading\">8. Jurisdicci\u00f3n y Ley aplicable<\/h3>\n\n\n\n<p>El Portal se regir\u00e1 e interpretar\u00e1 de conformidad con la legislaci\u00f3n espa\u00f1ola. En el supuesto que surja alguna discrepancia o conflicto, ambas partes se subscriben a los Juzgados y Tribunales de Barcelona.<\/p>\n","protected":false},"excerpt":{"rendered":"<p>Aviso legal y condiciones de uso a la web Los derechos de uso y explotaci\u00f3n del portal web del canal Profesional (en adelante, el \u201cPortal\u201d) corresponden a FLUIDRA S.A. con CIF A17728593&nbsp;&nbsp;sita en Avda. Alcalde Barnils, 69, 08174, Sant Cugat del Vall\u00e8s (Barcelona) (en adelante \u201cFLUIDRA\u201d). Vd. Puede contactarnos en&nbsp;info@fluidra.com 1. Objeto y alcance El [&hellip;]<\/p>\n","protected":false},"author":2,"featured_media":0,"parent":0,"menu_order":3,"comment_status":"closed","ping_status":"closed","template":"page-templates\/template-legals.php","meta":{"_acf_changed":false,"footnotes":""},"class_list":["post-40615","page","type-page","status-publish","hentry"],"acf":[],"_links":{"self":[{"href":"https:\/\/www.fluidra.com\/es\/wp-json\/wp\/v2\/pages\/40615","targetHints":{"allow":["GET"]}}],"collection":[{"href":"https:\/\/www.fluidra.com\/es\/wp-json\/wp\/v2\/pages"}],"about":[{"href":"https:\/\/www.fluidra.com\/es\/wp-json\/wp\/v2\/types\/page"}],"author":[{"embeddable":true,"href":"https:\/\/www.fluidra.com\/es\/wp-json\/wp\/v2\/users\/2"}],"replies":[{"embeddable":true,"href":"https:\/\/www.fluidra.com\/es\/wp-json\/wp\/v2\/comments?post=40615"}],"version-history":[{"count":3,"href":"https:\/\/www.fluidra.com\/es\/wp-json\/wp\/v2\/pages\/40615\/revisions"}],"predecessor-version":[{"id":59886,"href":"https:\/\/www.fluidra.com\/es\/wp-json\/wp\/v2\/pages\/40615\/revisions\/59886"}],"wp:attachment":[{"href":"https:\/\/www.fluidra.com\/es\/wp-json\/wp\/v2\/media?parent=40615"}],"curies":[{"name":"wp","href":"https:\/\/api.w.org\/{rel}","templated":true}]}}