{"id":40618,"date":"2024-07-30T14:09:19","date_gmt":"2024-07-30T12:09:19","guid":{"rendered":"https:\/\/www.fluidra.com\/privacy-policy\/"},"modified":"2026-03-25T17:17:23","modified_gmt":"2026-03-25T16:17:23","slug":"politica-de-privacidad","status":"publish","type":"page","link":"https:\/\/www.fluidra.com\/es\/politica-de-privacidad\/","title":{"rendered":"Pol\u00edtica de privacidad"},"content":{"rendered":"\n<h3 class=\"wp-block-heading\"><strong>Pol\u00edtica de privacidad<\/strong><\/h3>\n\n\n\n<p><strong>1. Introducci\u00f3n&nbsp;&nbsp;<\/strong><\/p>\n\n\n\n<p>El derecho a la intimidad, y en concreto el derecho a la protecci\u00f3n de datos personales es uno de los valores de FLUIDRA S.A., compa\u00f1\u00eda matriz del Grupo Fluidra, (en adelante, Fluidra), el cual se encuentra recogido en nuestro C\u00f3digo \u00c9tico.<\/p>\n\n\n\n<p>El objetivo de esta pol\u00edtica es explicarle como Fluidra tratar\u00e1 aquellos datos personales que puedan ser recabados a trav\u00e9s de los distintos formularios que puedan encontrarse en la p\u00e1gina Web de www.fluidra.com. Sus datos personales ser\u00e1n tratados de forma confidencial y solo para aquellas finalidades que Usted haya sido informado, tal y como se explica a continuaci\u00f3n en la presente Pol\u00edtica General de Privacidad y en cada una de las pol\u00edticas de privacidad espec\u00edficas para cada uno de los distintos formularios.<\/p>\n\n\n\n<p><strong>2. Compromiso con la privacidad<\/strong><\/p>\n\n\n\n<p>Fluidra est\u00e1 plenamente comprometida con el cumplimiento de la normativa y Reglamento General de Protecci\u00f3n de Datos de la Uni\u00f3n Europea y la normativa relativa a la protecci\u00f3n de datos de car\u00e1cter personal vigente en cada momento, siendo un objetivo prioritario para Fluidra.<\/p>\n\n\n\n<p>Por ello, Fluidra ha tomado la determinaci\u00f3n de implementar los siguientes principios, siendo la privacidad la base en la que se configuran todos los tratamientos.<\/p>\n\n\n\n<ul class=\"wp-block-list\">\n<li>La transparencia en el tratamiento de datos es una de nuestras prioridades, por lo que siempre que captemos datos personales acerca de Usted, lo informaremos debidamente en la pol\u00edtica de privacidad correspondiente de las finalidades de dicho tratamiento.<\/li>\n\n\n\n<li>Siempre trataremos los datos que sean estrictamente necesarios para llevar a cabo el tratamiento informado.<\/li>\n\n\n\n<li>Nunca le obligaremos a proporcionar datos personales, salvo que realmente sean necesarios para prestarle el servicio que en su caso nos solicite.<\/li>\n\n\n\n<li>Siempre que nos sea posible, pondremos a su disposici\u00f3n medios sencillos para que pueda controlar sus datos personales.<\/li>\n\n\n\n<li>Sus datos no ser\u00e1n cedidos, vendidos, alquilados o puestos a disposici\u00f3n de ninguna otra forma a ning\u00fan tercero, salvo a aquellos proveedores de servicios de Fluidra, quienes realizan determinadas actividades para Fluidra, pero que en ning\u00fan caso trataran los datos para sus finalidades propias. Algunos de estos proveedores pueden encontrarse fuera de la Uni\u00f3n Europea, tal y como se indica en el apartado de \u201cTransferencias Internacionales\u00bb.<\/li>\n<\/ul>\n\n\n\n<p><strong>FINALIDADES DE LOS TRATAMIENTOS, BASES DE LEGITIMACI\u00d3N Y PLAZOS DE CONSERVACI\u00d3N<\/strong><\/p>\n\n\n\n<p>Fluidra recaba sus datos personales para poder gestionar sus solicitudes y ofrecerle los servicios y productos que Usted pueda estar interesado.<\/p>\n\n\n\n<p>Dependiendo de su interacci\u00f3n en la p\u00e1gina sus datos personales ser\u00e1n tratados para las siguientes finalidades y de acuerdo con las bases de legitimaci\u00f3n a continuaci\u00f3n indicadas<\/p>\n\n\n\n<figure class=\"wp-block-table\"><table class=\"has-fixed-layout\"><tbody><tr><td><strong>Formulario de contacto: \u201cRelaciones con Inversores\u201d, \u201cPrensa\u201d, \u201cRecursos Humanos\u201d u \u201cOtros\u201d<\/strong><\/td><td><br><\/td><td><br><\/td><\/tr><tr><td><strong>Finalidad<\/strong><\/td><td><strong>Base de legitimaci\u00f3n<\/strong><\/td><td><strong>Plazo de conservaci\u00f3n<\/strong><\/td><\/tr><tr><td>En funci\u00f3n del \u00e1rea de inter\u00e9s seleccionada por Vd. (\u201cRelaciones con los inversores\u201d, \u201cPrensa\u201d, \u201cRecursos Humanos\u201d u \u201cotros\u201d), le informamos que sus datos ser\u00e1n tratados por FLUIDRA S.A., para las siguientes finalidades: (i) Redirigir el mensaje al departamento correspondiente en funci\u00f3n del \u00e1rea de inter\u00e9s seleccionada (Relaciones con los inversores, Prensa, Recursos Humanos, o cualquier otro departamento de Fluidra, S.A. que pueda dar respuesta a la consulta planteada) y; (ii) Responder a las dudas o consultas que pueda plantear, en base al \u00e1rea de inter\u00e9s seleccionada<\/td><td>La base de legitimaci\u00f3n es el inter\u00e9s leg\u00edtimo de Fluidra en dar respuesta a sus preguntas o solicitudes efectuadas a trav\u00e9s de las opciones de \u201cRelaciones con Inversores\u201d, \u201cPrensa\u201d, \u201cRecursos Humanos\u201d u \u201cOtros\u201d. El beneficio que ello genera para Fluidra es conocer con precisi\u00f3n las necesidades de los interesados y as\u00ed mejorar la calidad de los servicios prestados. El beneficio para los interesados es poder recibir una informaci\u00f3n clara y concisa al respecto de sus consultas o peticiones planteadas. Tenga en cuenta que para valorar el inter\u00e9s leg\u00edtimo se ha realizado una ponderaci\u00f3n del inter\u00e9s leg\u00edtimo en la que se han analizado los beneficios propios como responsable del tratamiento, as\u00ed como los beneficios de terceros, y en la que se concluye que nuestro inter\u00e9s leg\u00edtimo sobre el tratamiento prevalece sobre los intereses, derechos y libertades de los usuarios. Puede solicitar m\u00e1s informaci\u00f3n acerca de la ponderaci\u00f3n del inter\u00e9s leg\u00edtimo contactando con nuestro Delegado de Protecci\u00f3n de Datos (DPO) a la direcci\u00f3n indicada en el apartado final de esta secci\u00f3n. Aprovechamos tambi\u00e9n para recordarle que tiene derecho a oponerse a los tratamientos basados en el inter\u00e9s leg\u00edtimo.<\/td><td>Todos los datos que nos proporcione cuando haya seleccionado las opciones de \u201cRelaciones con Inversores\u201d, \u201cPrensa\u201d, \u201cRecursos Humanos\u201d u \u201cOtros\u201d ser\u00e1n tratados mientras sean necesarios para resolver su solicitud o consulta.<\/td><\/tr><\/tbody><\/table><\/figure>\n\n\n\n<figure class=\"wp-block-table\"><table class=\"has-fixed-layout\"><tbody><tr><td><strong>Formulario Newsletter para inversores, analistas y\/o accionistas<\/strong><\/td><td><br><\/td><td><br><\/td><\/tr><tr><td><strong>Finalidad<\/strong><\/td><td><strong>Base de legitimaci\u00f3n<\/strong><\/td><td><strong>Plazo de conservaci\u00f3n<\/strong><\/td><\/tr><tr><td>Facilitarle comunicaciones en relaci\u00f3n con las novedades e informaciones burs\u00e1tiles o financieras de inter\u00e9s para inversores, analistas y\/o accionistas.<\/td><td>La base de legitimaci\u00f3n es la prestaci\u00f3n de su consentimiento mediante la casilla adicional dispuesta a tal efecto en el formulario. Adicionalmente, le informamos que podr\u00e1 revocar su consentimiento en cualquier momento, y en cada comunicaci\u00f3n.<\/td><td>Todos los datos que nos proporcione ser\u00e1n tratados mientras no se d\u00e9 de baja de la newsletter, o hasta que Fluidra pueda considerar que ya no tiene inter\u00e9s en recibir las comunicaciones de la misma.<\/td><\/tr><\/tbody><\/table><\/figure>\n\n\n\n<figure class=\"wp-block-table\"><table class=\"has-fixed-layout\"><tbody><tr><td><strong>Formulario de contacto: fluidra.com\/projects<\/strong><\/td><td><br><\/td><td><br><\/td><\/tr><tr><td><strong>Finalidad<\/strong><\/td><td><strong>Base de legitimaci\u00f3n<\/strong><\/td><td><strong>Plazo de conservaci\u00f3n<\/strong><\/td><\/tr><tr><td>En funci\u00f3n del pa\u00eds, sectores de inter\u00e9s y las necesidades seleccionadas en el formulario, le informamos que sus datos ser\u00e1n tratados por FLUIDRA S.A., para las siguientes finalidades: Redirigir el mensaje al departamento o sociedad de Grupo Fluidra correspondiente en funci\u00f3n de laspreferencias que Vd.hubiera seleccionadopara que pueda darrespuesta a laconsulta planteada; y Responder a las dudas o consultas que pueda plantear, en base a los intereses mostrados.<\/td><td>TLa base de legitimaci\u00f3n es el inter\u00e9s leg\u00edtimo de Fluidra en dar respuesta a sus preguntas o solicitudes efectuadas a trav\u00e9s del formulario de contacto de fluidra.com\/projects. El beneficio que ello genera para Fluidra es conocer con precisi\u00f3n las necesidades de los interesados y as\u00ed mejorar la calidad de los servicios prestados. El beneficio para los interesados es poder recibir una informaci\u00f3n clara y concisa al respecto de sus consultas o peticiones planteadas. Tenga en cuenta que para valorar el inter\u00e9s leg\u00edtimo se ha realizado una ponderaci\u00f3n del inter\u00e9s leg\u00edtimo en la que se han analizado los beneficios propios como responsable del tratamiento, as\u00ed como los beneficios de terceros, y en la que se concluye que nuestro inter\u00e9s leg\u00edtimo sobre el tratamiento prevalece sobre los intereses, derechos y libertades de los usuarios. Puede solicitar m\u00e1s informaci\u00f3n acerca de la ponderaci\u00f3n del inter\u00e9s leg\u00edtimo contactando con nuestro Delegado de Protecci\u00f3n de Datos (DPO) a la direcci\u00f3n indicada en el apartado final de esta secci\u00f3n. Aprovechamos tambi\u00e9n para recordarle que tiene derecho a oponerse a los tratamientos basados en el inter\u00e9s leg\u00edtimo.<\/td><td>Todos los datos que nos proporcione cuando cumplimente el formulario de contacto de fluidra.com\/projects ser\u00e1n tratados mientras sean necesarios para resolver su solicitud o consulta.<\/td><\/tr><tr><td>Gestionar el env\u00edo de la newletter informativa de la Fluidra Commercial Pool &amp; Wellness Division adaptada a sus intereses.<\/td><td>La base de legitimaci\u00f3n es la prestaci\u00f3n de su consentimiento mediante la casilla adicional espec\u00edfica dispuesta a tal efecto en el formulario.<\/td><td>Todos los datos que nos proporcione ser\u00e1n tratados mientras no se d\u00e9 de baja de la newsletter, o hasta que Fluidra pueda considerar que ya no tiene inter\u00e9s en recibir las comunicaciones de la misma.<\/td><\/tr><tr><td>Remitirle comunicaciones comerciales personalizadas acerca productos y servicios de la Fluidra Commercial Pool &amp; Wellness Division que pudieran resultar de su inter\u00e9s.<\/td><td>La base de legitimaci\u00f3n es la prestaci\u00f3n de su consentimiento mediante la casilla adicional espec\u00edfica dispuesta a tal efecto en el formulario.<\/td><td>Todos los datos que nos proporcione ser\u00e1n tratados mientras no se d\u00e9 de baja de la newsletter, o hasta que Fluidra pueda considerar que ya no tiene inter\u00e9s en recibir las comunicaciones de la misma.<\/td><\/tr><\/tbody><\/table><\/figure>\n\n\n\n<figure class=\"wp-block-table\"><table class=\"has-fixed-layout\"><tbody><tr><td><strong>Carreras \u2013 P\u00e1gina de empleo<\/strong><\/td><td><br><\/td><td><br><\/td><\/tr><tr><td><strong>Finalidad<\/strong><\/td><td><strong>Base de legitimaci\u00f3n<\/strong><\/td><td><strong>Plazo de conservaci\u00f3n<\/strong><\/td><\/tr><tr><td>Para m\u00e1s informaci\u00f3n sobre el tratamiento de sus datos a este respecto, por favor dir\u00edjase a la Pol\u00edtica de Privacidad de nuestro portal de empleo en TeamTailor:\u00a0<a href=\"https:\/\/fluidra.csod.com\/ux\/ats\/careersite\/1\/home?c=fluidra\" target=\"_blank\" rel=\"noopener\">https:\/\/fluidra.csod.com\/ux\/ats\/careersite\/1\/home?c=fluidra<\/a>.<br><br>Para m\u00e1s informaci\u00f3n sobre el tratamiento de sus datos a este respecto, por favor dir\u00edjase a la Pol\u00edtica de Privacidad de nuestro portal de empleo en SAP: <a href=\"https:\/\/jobs.fluidra.com\/lp\/PRIVACY%20POLICY\/138837b782cdda84\/?locale=en_US\" target=\"_blank\" rel=\"noopener\">https:\/\/jobs.fluidra.com\/lp\/PRIVACY%20POLICY\/138837b782cdda84\/?locale=en_US<\/a><\/td><td><br><\/td><td><br><\/td><\/tr><\/tbody><\/table><\/figure>\n\n\n\n<figure class=\"wp-block-table\"><table class=\"has-fixed-layout\"><tbody><tr><td><strong>Uso de Cookies<\/strong><\/td><td><br><\/td><td><br><\/td><\/tr><tr><td><strong>Finalidad<\/strong><\/td><td><strong>Base de legitimaci\u00f3n<\/strong><\/td><td><strong>Plazo de conservaci\u00f3n<\/strong><\/td><\/tr><tr><td>Para mejorar nuestras p\u00e1ginas web, servicios, productos, y ofrecer un mejor servicio y contenido.<\/td><td>La base de legitimaci\u00f3n de las cookies estrictamente necesarias es el inter\u00e9s leg\u00edtimo de Fluidra en poder ofrecerle una mejor experiencia de navegaci\u00f3n en nuestra p\u00e1gina web. El beneficio que ello genera para Fluidra es ofrecer una buena calidad del sitio web. El beneficio para los interesados es poder recibir una experiencia de calidad mediante su navegaci\u00f3n en la p\u00e1gina web. Tenga en cuenta que para valorar el inter\u00e9s leg\u00edtimo se ha realizado una ponderaci\u00f3n del inter\u00e9s leg\u00edtimo en la que se han analizado los beneficios propios como responsable del tratamiento, as\u00ed como los beneficios de terceros, y en la que se concluye que nuestro inter\u00e9s leg\u00edtimo sobre el tratamiento prevalece sobre los intereses, derechos y libertades de los usuarios. Puede solicitar m\u00e1s informaci\u00f3n acerca de la ponderaci\u00f3n del inter\u00e9s leg\u00edtimo contactando con nuestro Delegado de Protecci\u00f3n de Datos (DPO) a la direcci\u00f3n indicada en el apartado final de esta secci\u00f3n. Aprovechamos tambi\u00e9n para recordarle que tiene derecho a oponerse a los tratamientos basados en el inter\u00e9s leg\u00edtimo. Asimismo, las bases de legitimaci\u00f3n de las cookies anal\u00edticas y de publicidad es la prestaci\u00f3n de su consentimiento. Para m\u00e1s informaci\u00f3n, consulte nuestra&nbsp;<a href=\"https:\/\/www.fluidra.com\/es\/politica-de-cookies\/?_gl=1%2A10ajsmb%2A_up%2AMQ..%2A_ga%2ANTI2MTA2ODI3LjE3NDM3NjIxNTE.%2A_ga_6CPK6086Q4%2AMTc0Mzc2Njg2Mi4yLjEuMTc0Mzc2NzE2My4wLjAuMA..\">Pol\u00edtica de Cookies<\/a>.<\/td><td>Para m\u00e1s informaci\u00f3n sobre la conservaci\u00f3n de las cookies, consulte nuestra&nbsp;<a href=\"https:\/\/www.fluidra.com\/es\/politica-de-cookies\/?_gl=1%2A10ajsmb%2A_up%2AMQ..%2A_ga%2ANTI2MTA2ODI3LjE3NDM3NjIxNTE.%2A_ga_6CPK6086Q4%2AMTc0Mzc2Njg2Mi4yLjEuMTc0Mzc2NzE2My4wLjAuMA..\">Pol\u00edtica de Cookies<\/a>.<\/td><\/tr><\/tbody><\/table><\/figure>\n\n\n\n<p>Sin perjuicio de informarle de ello las pol\u00edticas de privacidad de los formularios de captaci\u00f3n de datos, en algunas ocasiones puede ser necesario el tratamiento de sus datos personales para dar cumplimiento a obligaciones legales, al inter\u00e9s p\u00fablico, en base al inter\u00e9s leg\u00edtimo de Fluidra, o en relaci\u00f3n con cualquier relaci\u00f3n contractual que podamos tener con Usted.<\/p>\n\n\n\n<p>En los dem\u00e1s supuestos, y siempre que sea oportuno, le solicitaremos su consentimiento para tratar sus datos personales.<\/p>\n\n\n\n<h3 class=\"wp-block-heading\">3. Comunicaciones de datos.<\/h3>\n\n\n\n<p>Sus datos no ser\u00e1n cedidos, vendidos, alquilados o puestos a disposici\u00f3n de ninguna otra forma a ning\u00fan tercero, salvo a aquellos proveedores de servicios de Fluidra, quienes realizan determinadas actividades para Fluidra, pero que en ning\u00fan caso tratar\u00e1n los datos para sus finalidades propias. Asimismo, puede que se compartan sus datos con otras entidades del Grupo Fluidra si bien se tratar\u00e1n los datos con los mismos fines indicados, sin perjuicio de la informaci\u00f3n adicional que cada compa\u00f1\u00eda le pudiera facilitar.<\/p>\n\n\n\n<p>Algunos de estos terceros pueden encontrarse fuera de la Uni\u00f3n Europea, tal y como se indica en el apartado de \u201cTransferencias Internacionales\u201d.<\/p>\n\n\n\n<h3 class=\"wp-block-heading\">4. Env\u00edo de comunicaciones comerciales.<\/h3>\n\n\n\n<p>Fluidra, en el marco de su actividad promocional, puede facilitarle recursos de registro o suscripci\u00f3n a noticias o informaci\u00f3n comercial de la compa\u00f1\u00eda. Dichos recursos estar\u00e1n siempre sujetos a su consentimiento para remitirlas.<\/p>\n\n\n\n<p>En el supuesto que nos haya autorizado, Fluidra le enviar\u00e1 informaci\u00f3n sobre sus productos, actividades y servicios personalizadas para Usted de acuerdo con sus gustos y preferencias.<\/p>\n\n\n\n<p>Podr\u00e1 revocar su consentimiento a recibir comunicaciones comerciales en cualquier momento, mediante el link o bot\u00f3n al efecto en cada una de las comunicaciones, o comunicando su voluntad de revocar el consentimiento a trav\u00e9s de correo electr\u00f3nico que deber\u00e1 dirigir a la direcci\u00f3n&nbsp;<a href=\"mailto:dataprivacy@fluidra.com\">dataprivacy@fluidra.com<\/a><\/p>\n\n\n\n<h3 class=\"wp-block-heading\">5. Duraci\u00f3n del tratamiento y plazo de conservaci\u00f3n<\/h3>\n\n\n\n<p>En Fluidra tenemos el compromiso de tratar los datos personales mientras realmente nos sean \u00fatiles y podamos ofrecerle un Servicio de calidad mediante su explotaci\u00f3n. Por ello, realizaremos todos los esfuerzos oportunos y razonables para minimizar el plazo de tratamiento y conservaci\u00f3n de los datos personales.<\/p>\n\n\n\n<p>En este sentido, en cada formulario de captaci\u00f3n de datos le informaremos del plazo previsto de tratamiento y\/o conservaci\u00f3n de sus datos de car\u00e1cter personal.<\/p>\n\n\n\n<p>En cualquier caso, y aunque nos solicite que eliminemos sus datos, podremos conservarlos y mantenerlos, bajo el debido bloqueo, durante el plazo necesario para cumplir con nuestras obligaciones legales y para su puesta a disposici\u00f3n de las Autoridades con competencia en las distintas materias que sean de aplicaci\u00f3n.<\/p>\n\n\n\n<h3 class=\"wp-block-heading\">6. Transferencias internacionales<\/h3>\n\n\n\n<p>Fluidra, como entidad de proyecci\u00f3n internacional, tiene proveedores internacionales que pueden prestar sus servicios desde fuera de la UE, por lo que es posible que sus datos se traten fuera de la Uni\u00f3n Europea o el Espacio Econ\u00f3mico Europeo.<\/p>\n\n\n\n<p>En cualquier caso, Fluidra se asegurar\u00e1 de que dichos tratamientos de datos se protejan siempre con las garant\u00edas oportunas, que podr\u00e1n incluir:<\/p>\n\n\n\n<ul class=\"wp-block-list\">\n<li>Cl\u00e1usulas Tipo aprobadas por la UE: Se trata de contratos aprobados por el regulador Europeo, y que proporcionan las garant\u00edas suficientes para garantizar que el tratamiento cumple con los requisitos establecidos por el Reglamento Europeo de Protecci\u00f3n de Datos.<\/li>\n\n\n\n<li>Certificaciones de los terceros: Por ejemplo, acuerdos marco entre la UE y terceros que establecen un marco estandarizado para el tratamiento de datos acorde a los requisitos del Reglamento Europeo de Protecci\u00f3n de Datos.<\/li>\n\n\n\n<li>Decisiones de adecuaci\u00f3n entre pa\u00edses.<\/li>\n<\/ul>\n\n\n\n<h3 class=\"wp-block-heading\">7. Ejercicio de derechos y reclamaciones ante la AEPD<\/h3>\n\n\n\n<p>Como consecuencia del tratamiento de sus datos personales por parte de Fluidra, la legislaci\u00f3n vigente le otorga una serie de derechos. A continuaci\u00f3n, le ofrecemos una explicaci\u00f3n resumida de cada derecho, para facilitarle su ejercicio:<\/p>\n\n\n\n<ol class=\"wp-block-list\">\n<li><strong>Derecho de acceso<\/strong>: Usted tendr\u00e1 derecho a conocer los datos personales que tratamos sobre Usted y las finalidades con las que los tratamos.<\/li>\n\n\n\n<li><strong>Derecho de rectificaci\u00f3n<\/strong>: Sus datos siempre ser\u00e1n suyos, y como tal, puede solicitarnos la rectificaci\u00f3n de estos en cualquier momento si los que constaran en nuestros registros fueran err\u00f3neos.<\/li>\n\n\n\n<li><strong>Derecho de supresi\u00f3n<\/strong>: Podr\u00e1 solicitar, en cualquier momento, que sus datos personales sean suprimidos de nuestros ficheros. Sin embargo, y tal y como indicamos en el apartado de conservaci\u00f3n de datos anterior, tenga en cuenta que, en determinadas circunstancias, el cumplimiento de la legislaci\u00f3n vigente puede impedir el efectivo ejercicio de este derecho.<\/li>\n\n\n\n<li><strong>Derecho de oposici\u00f3n<\/strong>: Usted podr\u00e1 oponerse al tratamiento de sus datos en relaci\u00f3n con cualesquiera de las finalidades con las que tratemos sus datos, de acuerdo con las pol\u00edticas de privacidad aplicables en cada caso.<\/li>\n\n\n\n<li><strong>Derecho de limitaci\u00f3n del tratamiento<\/strong>: Usted podr\u00e1 solicitar la limitaci\u00f3n del tratamiento en los siguientes casos:\n<ol class=\"wp-block-list\">\n<li>Si considera que los datos que mantenemos acerca de Usted no son correctos o exactos;<\/li>\n\n\n\n<li>Si, en caso de que Usted considere que no estamos tratando sus datos de forma leg\u00edtima, pero prefiere que limitemos el tratamiento de los mismos a su eliminaci\u00f3n;<\/li>\n\n\n\n<li>Si los datos que mantenemos ya no nos son necesarios conforme a la finalidad para los que los recabamos, pero necesita que los conservemos para interponer reclamaciones legales;<\/li>\n\n\n\n<li>Si, habiendo ejercido el derecho de oposici\u00f3n a alg\u00fan tratamiento, est\u00e1 pendiente de respuesta al respecto por nuestra parte.<\/li>\n<\/ol>\n<\/li>\n\n\n\n<li><strong>Derecho a la portabilidad de sus datos<\/strong>: Usted tendr\u00e1 derecho a, siempre que sea posible t\u00e9cnicamente y sea razonable, solicitar que los datos personales que Usted nos haya proporcionado directamente sean comunicados a otro responsable del tratamiento. Si nos es posible, facilitaremos directamente sus datos a dicho otro responsable del tratamiento, pero si no lo fuera, se los facilitaremos a Usted en un formato est\u00e1ndar.<\/li>\n<\/ol>\n\n\n\n<p>Siempre que tratemos sus datos en base al consentimiento, podr\u00e1 revocarlo en cualquier momento, sin que tenga consecuencias para Usted m\u00e1s all\u00e1 de, seg\u00fan el derecho ejercido, no poder prestarle determinados servicios.<\/p>\n\n\n\n<p>El ejercicio de los derechos que ostenta podr\u00e1 hacerlo efectivo dirigi\u00e9ndose a Fluidra mediante correo electr\u00f3nico que deber\u00e1 dirigir a la direcci\u00f3n&nbsp;<a href=\"mailto:dataprivacy@fluidra.com\">dataprivacy@fluidra.com<\/a>, con la referencia \u201cDatos Personales\u201d.<\/p>\n\n\n\n<p>Adem\u00e1s, si lo considerara necesario, podr\u00e1 ponerse en contacto con nuestro Delegado de Protecci\u00f3n de Datos a la direcci\u00f3n de correo electr\u00f3nico&nbsp;<a href=\"mailto:dataprivacy@fluidra.com\">dataprivacy@fluidra.com<\/a>, bajo la referencia \u201cDPO\u201d.<\/p>\n\n\n\n<p>Si tuviera cualquier duda o reclamaci\u00f3n acerca de c\u00f3mo tratamos sus datos de car\u00e1cter personal, o cualquier otra cuesti\u00f3n relacionada con la materia, puede ponerse en contacto con nuestro DPO por correo electr\u00f3nico a la direcci\u00f3n&nbsp;<a href=\"mailto:dataprivacy@fluidra.com\">dataprivacy@fluidra.com<\/a>. En caso de no obtener respuesta en un per\u00edodo de tiempo razonable, podr\u00e1 interponer reclamaci\u00f3n ante la Agencia Espa\u00f1ola de Protecci\u00f3n de Datos.<\/p>\n\n\n\n<h3 class=\"wp-block-heading\">8. Confidencialidad y Seguridad en el tratamiento de datos<\/h3>\n\n\n\n<p>Sus datos personales son muy importantes para nosotros, y nos comprometemos a tratarlos con la m\u00e1xima confidencialidad y discreci\u00f3n, as\u00ed como a implementar todas las medidas de seguridad que consideremos oportunas y razonables.<\/p>\n\n\n\n<p>En este sentido, Fluidra declara y garantiza que ha establecido todos los medios t\u00e9cnicos a su alcance para evitar la p\u00e9rdida, mal uso, alteraci\u00f3n, acceso no autorizado y robo de los datos facilitados por los usuarios.<\/p>\n\n\n\n<h3 class=\"wp-block-heading\">9. Redes sociales<\/h3>\n\n\n\n<p>Las Redes Sociales forman parte del d\u00eda a d\u00eda de muchos usuarios de Internet, y para ellos hemos creado distintos perfiles de Fluidra en ellas.<\/p>\n\n\n\n<p>Todos los usuarios tienen la oportunidad de unirse a las p\u00e1ginas o grupos que Fluidra tenga en distintas redes sociales.<\/p>\n\n\n\n<p>Sin embargo, debe tener en cuenta que, salvo que le solicitemos sus datos directamente (por ejemplo, mediante acciones de marketing, concursos, promociones, o cualquier otra forma v\u00e1lida), sus datos pertenecer\u00e1n a la Red Social correspondiente, por lo que le recomendamos que lea detenidamente sus condiciones de uso y pol\u00edticas de privacidad, as\u00ed como se asegure de configurar sus preferencias en cuanto al tratamiento de los datos.<\/p>\n","protected":false},"excerpt":{"rendered":"<p>Pol\u00edtica de privacidad 1. Introducci\u00f3n&nbsp;&nbsp; El derecho a la intimidad, y en concreto el derecho a la protecci\u00f3n de datos personales es uno de los valores de FLUIDRA S.A., compa\u00f1\u00eda matriz del Grupo Fluidra, (en adelante, Fluidra), el cual se encuentra recogido en nuestro C\u00f3digo \u00c9tico. El objetivo de esta pol\u00edtica es explicarle como Fluidra [&hellip;]<\/p>\n","protected":false},"author":2,"featured_media":0,"parent":0,"menu_order":4,"comment_status":"closed","ping_status":"closed","template":"page-templates\/template-legals.php","meta":{"_acf_changed":false,"footnotes":""},"class_list":["post-40618","page","type-page","status-publish","hentry"],"acf":[],"_links":{"self":[{"href":"https:\/\/www.fluidra.com\/es\/wp-json\/wp\/v2\/pages\/40618","targetHints":{"allow":["GET"]}}],"collection":[{"href":"https:\/\/www.fluidra.com\/es\/wp-json\/wp\/v2\/pages"}],"about":[{"href":"https:\/\/www.fluidra.com\/es\/wp-json\/wp\/v2\/types\/page"}],"author":[{"embeddable":true,"href":"https:\/\/www.fluidra.com\/es\/wp-json\/wp\/v2\/users\/2"}],"replies":[{"embeddable":true,"href":"https:\/\/www.fluidra.com\/es\/wp-json\/wp\/v2\/comments?post=40618"}],"version-history":[{"count":6,"href":"https:\/\/www.fluidra.com\/es\/wp-json\/wp\/v2\/pages\/40618\/revisions"}],"predecessor-version":[{"id":62944,"href":"https:\/\/www.fluidra.com\/es\/wp-json\/wp\/v2\/pages\/40618\/revisions\/62944"}],"wp:attachment":[{"href":"https:\/\/www.fluidra.com\/es\/wp-json\/wp\/v2\/media?parent=40618"}],"curies":[{"name":"wp","href":"https:\/\/api.w.org\/{rel}","templated":true}]}}