{"id":7427,"date":"2024-07-31T13:34:10","date_gmt":"2024-07-31T11:34:10","guid":{"rendered":"https:\/\/www.fluidra.com\/contact\/"},"modified":"2025-07-10T09:05:15","modified_gmt":"2025-07-10T07:05:15","slug":"contacto","status":"publish","type":"page","link":"https:\/\/www.fluidra.com\/es\/contacto\/","title":{"rendered":"Contacto"},"content":{"rendered":"<div id=\"Headers-block_952556decad562b8f95ae1c95014504a\" class=\"Headers\"  >\r\n\r\n    <div class=\"sectionCont v02 rounded-borders\">\r\n                    <div class=\"layerImage\"><\/div>\r\n            <div class=\"background image\" style=\"background-image:url(https:\/\/www.fluidra.com\/wp-content\/uploads\/2024\/08\/fondo-header-about-fluidra.webp)\"><\/div>\r\n        \r\n                        <div class=\"container textContainer\">\r\n                                        <div class=\"row align-items-end\">\r\n                        <div class=\"col-12 col-lg-7 \">\r\n                            <div class=\"title  big\" style=\"color:#ffffff\">\r\n                                <h1>Contacto<\/h1>\n                            <\/div>\r\n                        <\/div>\r\n                                                <div class=\"col-12 col-lg-5\">\r\n                                                        <div class=\"text\" style=\"color:#ffffff\">\r\n                                <p>Hola, es un placer tenerle aqu\u00ed. \u00bfNecesita ponerse en contacto con nosotros?<\/p>\n                            <\/div>\r\n                        <\/div>\r\n                                            <\/div>\r\n                <\/div>\r\n                <\/div>\r\n    <style>\r\n            <\/style>\r\n    <style>\r\n    #Headers-block_952556decad562b8f95ae1c95014504a {\r\n        margin-top:px;\r\n        margin-bottom:px;\r\n        padding-top:px;\r\n        padding-bottom:px\r\n    }\r\n    @media screen and (max-width: 768px) {\r\n    #Headers-block_952556decad562b8f95ae1c95014504a {\r\n        margin-top:px;\r\n        margin-bottom:px;\r\n        padding-top:px;\r\n        padding-bottom:px;\r\n    }\r\n    }\r\n<\/style><\/div>\r\n\n\n<div id=\"Container-block_a36591ccbf007d1219d596d4c0b81961\" class=\"Container\" style=\"background-image:url(); background-color: \">\r\n    <div class=\"container\">\r\n        <div class=\"acf-innerblocks-container\">\n<div id=\"Text-block_2b9397ca08a93f124a89b553d4d2741f\" class=\"Text normal listItemMargin-normal\" style=\"color: #22377b\">\r\n    <p>Nuestro objetivo es proporcionarle la mejor experiencia posible. No dude en ponerse en contacto con nuestros equipo siempre que necesite ayuda.<\/p>\n    <style>\r\n    #Text-block_2b9397ca08a93f124a89b553d4d2741f {\r\n        margin-top:px;\r\n        margin-bottom:px;\r\n        padding-top:px;\r\n        padding-bottom:px\r\n    }\r\n    @media screen and (max-width: 768px) {\r\n    #Text-block_2b9397ca08a93f124a89b553d4d2741f {\r\n        margin-top:px;\r\n        margin-bottom:px;\r\n        padding-top:px;\r\n        padding-bottom:px;\r\n    }\r\n    }\r\n<\/style><\/div>\r\n\n<\/div>\r\n    <\/div>\r\n    <style>\r\n    #Container-block_a36591ccbf007d1219d596d4c0b81961 {\r\n        margin-top:px;\r\n        margin-bottom:px;\r\n        padding-top:px;\r\n        padding-bottom:px\r\n    }\r\n    @media screen and (max-width: 768px) {\r\n    #Container-block_a36591ccbf007d1219d596d4c0b81961 {\r\n        margin-top:px;\r\n        margin-bottom:px;\r\n        padding-top:px;\r\n        padding-bottom:px;\r\n    }\r\n    }\r\n<\/style><\/div>\r\n\n\n<div id=\"ContactInfo-block_d470f3fe7aeb3a5e85ded1a8b6828042\" class=\"ContactInfo\">\r\n    <div class=\"container\">\r\n        <div class=\"row\">\r\n            <div class=\"col-12\">\r\n                <div class=\"contactContainer\">\r\n                                            <div class=\"card card-0\">\r\n                                                                                                <div class=\"image\">\r\n                                        <img decoding=\"async\" width=\"362\" height=\"82\" src=\"https:\/\/www.fluidra.com\/wp-content\/uploads\/2024\/12\/fluidra-perfect-pool-experience-e1742382267360.webp\" class=\"\" alt=\"\" loading=\"eager\" srcset=\"https:\/\/www.fluidra.com\/wp-content\/uploads\/2024\/12\/fluidra-perfect-pool-experience-e1742382267360.webp 362w, https:\/\/www.fluidra.com\/wp-content\/uploads\/2024\/12\/fluidra-perfect-pool-experience-e1742382267360-300x68.webp 300w\" sizes=\"(max-width: 362px) 100vw, 362px\" title=\"\">                                    <\/div>\r\n                                                                <div class=\"contentTexts\">\r\n                                                                                                                <div class=\"text\"><p>\u00bfQuieres contactar con nuestro equipo general?<\/p>\n<\/div>\r\n                                                                                                                <div class=\"repeater\">\r\n                                                                                            <div class=\"rep\">\r\n                                                    <div class=\"logo\">\r\n                                                                                                                    <img decoding=\"async\" width=\"20\" height=\"21\" src=\"https:\/\/www.fluidra.com\/wp-content\/uploads\/2024\/12\/ic_outline-email.svg\" class=\"\" alt=\"\" loading=\"eager\" title=\"\">                                                                                                            <\/div>\r\n                                                    <div class=\"textCont\">\r\n                                                        <a href=\"mailto:info@fluidra.com\">                                                            info@fluidra.com                                                            <\/a>                                                    <\/div>\r\n                                                <\/div>\r\n                                                                                            <div class=\"rep\">\r\n                                                    <div class=\"logo\">\r\n                                                                                                                    <img decoding=\"async\" width=\"20\" height=\"21\" src=\"https:\/\/www.fluidra.com\/wp-content\/uploads\/2024\/12\/ic_round-phone.svg\" class=\"\" alt=\"\" loading=\"eager\" title=\"\">                                                                                                            <\/div>\r\n                                                    <div class=\"textCont\">\r\n                                                        <a href=\"tel:+34 937 243 900\">                                                            +34 937 243 900                                                            <\/a>                                                    <\/div>\r\n                                                <\/div>\r\n                                                                                            <div class=\"rep\">\r\n                                                    <div class=\"logo\">\r\n                                                                                                                    <img decoding=\"async\" width=\"20\" height=\"20\" src=\"https:\/\/www.fluidra.com\/wp-content\/uploads\/2024\/12\/carbon_location.svg\" class=\"\" alt=\"\" loading=\"eager\" title=\"\">                                                                                                            <\/div>\r\n                                                    <div class=\"textCont\">\r\n                                                        <a href=\"https:\/\/maps.app.goo.gl\/m8zUeUJJr7MqjWGD9\" target=\"_blank\" rel=\"noopener\">                                                            Av. Alcalde Barnils, 69, 08174 Sant Cugat del Vall\u00e9s, Barcelona, Spain                                                            <\/a>                                                    <\/div>\r\n                                                <\/div>\r\n                                                                                    <\/div>\r\n                                                                    <\/div>\r\n                                                        <\/div>\r\n                                            <div class=\"card card-1\">\r\n                                                                                            <div class=\"contentTexts\">\r\n                                                                            <div class=\"title\"><p>Sostenibilidad<\/p>\n<\/div>\r\n                                                                                                                                                    <div class=\"repeater\">\r\n                                                                                            <div class=\"rep\">\r\n                                                    <div class=\"logo\">\r\n                                                                                                                    <img decoding=\"async\" width=\"20\" height=\"21\" src=\"https:\/\/www.fluidra.com\/wp-content\/uploads\/2024\/12\/ic_outline-email.svg\" class=\"\" alt=\"\" loading=\"eager\" title=\"\">                                                                                                            <\/div>\r\n                                                    <div class=\"textCont\">\r\n                                                        <a href=\"mailto:esg@fluidra.com\">                                                            esg@fluidra.com                                                            <\/a>                                                    <\/div>\r\n                                                <\/div>\r\n                                                                                            <div class=\"rep\">\r\n                                                    <div class=\"logo\">\r\n                                                                                                                    <img decoding=\"async\" width=\"20\" height=\"21\" src=\"https:\/\/www.fluidra.com\/wp-content\/uploads\/2024\/12\/ic_round-phone.svg\" class=\"\" alt=\"\" loading=\"eager\" title=\"\">                                                                                                            <\/div>\r\n                                                    <div class=\"textCont\">\r\n                                                        <a href=\"tel:+34 937 243 900\">                                                            +34 937 243 900                                                            <\/a>                                                    <\/div>\r\n                                                <\/div>\r\n                                                                                    <\/div>\r\n                                                                    <\/div>\r\n                                                        <\/div>\r\n                                            <div class=\"card card-2\">\r\n                                                                                            <div class=\"contentTexts\">\r\n                                                                            <div class=\"title\"><p>Prensa<\/p>\n<\/div>\r\n                                                                                                                                                    <div class=\"repeater\">\r\n                                                                                            <div class=\"rep\">\r\n                                                    <div class=\"logo\">\r\n                                                                                                                    <img decoding=\"async\" width=\"20\" height=\"21\" src=\"https:\/\/www.fluidra.com\/wp-content\/uploads\/2024\/12\/ic_outline-email.svg\" class=\"\" alt=\"\" loading=\"eager\" title=\"\">                                                                                                            <\/div>\r\n                                                    <div class=\"textCont\">\r\n                                                        <a href=\"mailto:corporatecommunications@fluidra.com\">                                                            corporatecommunications@fluidra.com                                                            <\/a>                                                    <\/div>\r\n                                                <\/div>\r\n                                                                                            <div class=\"rep\">\r\n                                                    <div class=\"logo\">\r\n                                                                                                                    <img decoding=\"async\" width=\"20\" height=\"21\" src=\"https:\/\/www.fluidra.com\/wp-content\/uploads\/2024\/12\/ic_round-phone.svg\" class=\"\" alt=\"\" loading=\"eager\" title=\"\">                                                                                                            <\/div>\r\n                                                    <div class=\"textCont\">\r\n                                                        <a href=\"tel:+34 917 02 10 10\">                                                            +34 917 02 10 10                                                            <\/a>                                                    <\/div>\r\n                                                <\/div>\r\n                                                                                    <\/div>\r\n                                                                    <\/div>\r\n                                                        <\/div>\r\n                                            <div class=\"card card-3\">\r\n                            <a class=\"cardLink\" href=\"https:\/\/www.fluidra.com\/es\/soluciones-comerciales\/?contact\">                                                                <div class=\"contentTexts\">\r\n                                                                            <div class=\"title\"><p>Soluciones Comerciales<\/p>\n<\/div>\r\n                                                                                                                <div class=\"text\"><p>\u00bfDesea realizar una conversaci\u00f3n personalizada con nuestro equipo? P\u00f3ngase en contacto con nosotros, a trav\u00e9s de nuestra secci\u00f3n de Soluciones Comerciales.<\/p>\n<\/div>\r\n                                                                                                        <\/div>\r\n                                <\/a>                        <\/div>\r\n                                            <div class=\"card card-4\">\r\n                                                                                            <div class=\"contentTexts\">\r\n                                                                            <div class=\"title\"><p>Accionistas e inversores<\/p>\n<\/div>\r\n                                                                                                                                                    <div class=\"repeater\">\r\n                                                                                            <div class=\"rep\">\r\n                                                    <div class=\"logo\">\r\n                                                                                                                    <img decoding=\"async\" width=\"20\" height=\"21\" src=\"https:\/\/www.fluidra.com\/wp-content\/uploads\/2024\/12\/ic_outline-email.svg\" class=\"\" alt=\"\" loading=\"eager\" title=\"\">                                                                                                            <\/div>\r\n                                                    <div class=\"textCont\">\r\n                                                        <a href=\"mailto:investor_relations@fluidra.com\">                                                            investor_relations@fluidra.com                                                            <\/a>                                                    <\/div>\r\n                                                <\/div>\r\n                                                                                            <div class=\"rep\">\r\n                                                    <div class=\"logo\">\r\n                                                                                                                    <img decoding=\"async\" width=\"20\" height=\"21\" src=\"https:\/\/www.fluidra.com\/wp-content\/uploads\/2024\/12\/ic_round-phone.svg\" class=\"\" alt=\"\" loading=\"eager\" title=\"\">                                                                                                            <\/div>\r\n                                                    <div class=\"textCont\">\r\n                                                        <a href=\"tel:+34 937 243 900\">                                                            +34 937 243 900                                                            <\/a>                                                    <\/div>\r\n                                                <\/div>\r\n                                                                                    <\/div>\r\n                                                                    <\/div>\r\n                                                        <\/div>\r\n                                    <\/div>\r\n\r\n                <style>\r\n    #ContactInfo-block_d470f3fe7aeb3a5e85ded1a8b6828042 {\r\n        margin-top:px;\r\n        margin-bottom:px;\r\n        padding-top:px;\r\n        padding-bottom:px\r\n    }\r\n    @media screen and (max-width: 768px) {\r\n    #ContactInfo-block_d470f3fe7aeb3a5e85ded1a8b6828042 {\r\n        margin-top:px;\r\n        margin-bottom:px;\r\n        padding-top:px;\r\n        padding-bottom:px;\r\n    }\r\n    }\r\n<\/style>            <\/div>\r\n        <\/div>\r\n    <\/div>\r\n\r\n\n\n<div id=\"Container-block_a36591ccbf007d1219d596d4c0b81961\" class=\"Container\" style=\"background-image:url(); background-color: \">\r\n    <div class=\"container\">\r\n        <div class=\"acf-innerblocks-container\">\n\n<div class=\"wp-block-columns is-layout-flex wp-container-core-columns-is-layout-9d6595d7 wp-block-columns-is-layout-flex\">\n<div class=\"wp-block-column is-layout-flow wp-block-column-is-layout-flow\"><div id=\"WidgetCountries-block_6daa3a8427e58b7d26da965155607303\" class=\"WidgetCountries\">\r\n\r\n            <div class=\"title\"><h2 class='title'><span style=\"color: #22377b;\">Encuentra Fluidra<\/span><br \/>\n<span style=\"color: #1f7e93;\">en tu pa\u00eds<\/span><\/h2>\n<\/div>\r\n    \r\n    <div class=\"select__cta\">\r\n                    <select class=\"countries\">\r\n                <option value=\"\">Selecciona un pais<\/option>\r\n                                    <option value=\"https:\/\/www.fluidra.de\/\">Alemania<\/option>\r\n                                    <option value=\"https:\/\/www.fluidra.com.au\">Australia<\/option>\r\n                                    <option value=\"https:\/\/www.fluidra.at\">Austria<\/option>\r\n                                    <option value=\"https:\/\/fluidra.com.br\">Brasil<\/option>\r\n                                    <option value=\"https:\/\/www.http:\/\/pro.fluidra.be\/\">B\u00e9lgica<\/option>\r\n                                    <option value=\"https:\/\/pro.fluidra.com\/bg_en\">Bulgaria<\/option>\r\n                                    <option value=\"https:\/\/www.zodiac-poolcare.es\">Canad\u00e1<\/option>\r\n                                    <option value=\"https:\/\/www.fluidra.cl\/\">Chile<\/option>\r\n                                    <option value=\"https:\/\/www.fluidra.com.cy\/\">Chipre<\/option>\r\n                                    <option value=\"https:\/\/www.fluidra.com.co\/\">Colombia<\/option>\r\n                                    <option value=\"https:\/\/www.fluidra.hr\/\">Croacia<\/option>\r\n                                    <option value=\"https:\/\/www.fluidra.com.eg\/\">Egipto<\/option>\r\n                                    <option value=\"https:\/\/www.fluidrame.com\/\">Emiratos \u00c1rabes Unidos<\/option>\r\n                                    <option value=\"https:\/\/slovenia.si\/\">Eslovenia<\/option>\r\n                                    <option value=\"https:\/\/pro.fluidra.com\/es_es\/\">Espa\u00f1a<\/option>\r\n                                    <option value=\"https:\/\/www.fluidra.us\/\">Estados Unidos<\/option>\r\n                                    <option value=\"https:\/\/pro.fluidra.com\/fr_fr\">France<\/option>\r\n                                    <option value=\"https:\/\/www.fluidra.gr\/\">Grecia<\/option>\r\n                                    <option value=\"https:\/\/www.fluidra.hu\/\">Hungr\u00eda<\/option>\r\n                                    <option value=\"https:\/\/www.fluidra.in\/\">India<\/option>\r\n                                    <option value=\"https:\/\/www.fluidra.co.id\/\">Indonesia<\/option>\r\n                                    <option value=\"https:\/\/pro.fluidra.com\/it_it\">Italia<\/option>\r\n                                    <option value=\"https:\/\/astralpool.kz\/\">Kazajist\u00e1n<\/option>\r\n                                    <option value=\"https:\/\/www.fluidra.my\/\">Malasia<\/option>\r\n                                    <option value=\"https:\/\/www.fluidra.ma\/\">Marruecos<\/option>\r\n                                    <option value=\"https:\/\/www.fluidra.me\/\">Montenegro<\/option>\r\n                                    <option value=\"https:\/\/www.fluidra.mx\/\">M\u00e9xico<\/option>\r\n                                    <option value=\"https:\/\/www.zodiac.co.nz\/\">Nueva Zelanda<\/option>\r\n                                    <option value=\"https:\/\/sibo.nl\/en\/\">Pa\u00edses Bajos<\/option>\r\n                                    <option value=\"https:\/\/astralpool.pl\/\">Polonia<\/option>\r\n                                    <option value=\"https:\/\/pro.fluidra.com\/pt_pt\">Portugal<\/option>\r\n                                    <option value=\"https:\/\/www.certikin.co.uk\/en_gb\">Reino Unido<\/option>\r\n                                    <option value=\"https:\/\/pro.fluidra.com\/ro_ro\">Ruman\u00eda<\/option>\r\n                                    <option value=\"https:\/\/astralpool.ru\/\">Rusia<\/option>\r\n                                    <option value=\"https:\/\/www.fluidra.rs\/\">Serbia<\/option>\r\n                                    <option value=\"https:\/\/www.fluidra.sg\/\">Singapur<\/option>\r\n                                    <option value=\"https:\/\/fluidra.co.za\/\">Sud\u00e1frica<\/option>\r\n                                    <option value=\"https:\/\/www.fluidra.se\/\">Suecia<\/option>\r\n                                    <option value=\"https:\/\/http:\/\/www.astralpool.ch\/\">Suiza<\/option>\r\n                                    <option value=\"https:\/\/www.fluidra.co.th\/\">Tailandia<\/option>\r\n                            <\/select>\r\n            <div class=\"ctaWhite withShadow backTo\">\r\n                <a class=\"cta\" href=\"\" target=\"_blank\">\r\n                    Visita la web                    <img loading=\"lazy\" decoding=\"async\" alt=\"icon\" rel=\"nofollow\" src=\"https:\/\/www.fluidra.com\/wp-content\/themes\/fluidra\/assets\/images\/icons\/new-window-primary.webp\" width=\"17\" height=\"16\" title=\"\">\r\n                <\/a>\r\n            <\/div>\r\n            <\/div>\r\n    <script>\r\n        document.addEventListener('DOMContentLoaded', function() {\r\n            var selectElement = document.querySelector('.WidgetCountries .countries');\r\n            var linkElement = document.querySelector('.WidgetCountries a');\r\n\r\n            selectElement.addEventListener('change', function() {\r\n                linkElement.setAttribute('href', selectElement.value);\r\n            });\r\n\r\n\r\n        });\r\n\r\n        jQuery(document).ready(function ($){\r\n\r\n            VirtualSelect.init({\r\n                ele: '.countries',\r\n                showDropboxAsPopup: false,\r\n                hideClearButton: true,\r\n                position: 'auto',\r\n                placeholder: \"Selecciona un pais\",\r\n            });\r\n\r\n            $('.WidgetCountries .countries').on('change', function (){\r\n                var href = this.value\r\n\r\n                $('.WidgetCountries .cta').attr('href', href);\r\n            })\r\n        });\r\n    <\/script>\r\n    <style>\r\n    #WidgetCountries-block_6daa3a8427e58b7d26da965155607303 {\r\n        margin-top:px;\r\n        margin-bottom:px;\r\n        padding-top:px;\r\n        padding-bottom:px\r\n    }\r\n    @media screen and (max-width: 768px) {\r\n    #WidgetCountries-block_6daa3a8427e58b7d26da965155607303 {\r\n        margin-top:px;\r\n        margin-bottom:px;\r\n        padding-top:px;\r\n        padding-bottom:px;\r\n    }\r\n    }\r\n<\/style><\/div>\r\n<\/div>\n\n\n\n<div class=\"wp-block-column is-layout-flow wp-block-column-is-layout-flow\"><\/div>\n<\/div>\n\n<\/div>\r\n    <\/div>\r\n    <style>\r\n    #Container-block_a36591ccbf007d1219d596d4c0b81961 {\r\n        margin-top:px;\r\n        margin-bottom:px;\r\n        padding-top:px;\r\n        padding-bottom:px\r\n    }\r\n    @media screen and (max-width: 768px) {\r\n    #Container-block_a36591ccbf007d1219d596d4c0b81961 {\r\n        margin-top:px;\r\n        margin-bottom:px;\r\n        padding-top:px;\r\n        padding-bottom:px;\r\n    }\r\n    }\r\n<\/style><\/div>\r\n","protected":false},"excerpt":{"rendered":"","protected":false},"author":2,"featured_media":0,"parent":0,"menu_order":0,"comment_status":"closed","ping_status":"closed","template":"","meta":{"_acf_changed":false,"footnotes":""},"class_list":["post-7427","page","type-page","status-publish","hentry"],"acf":[],"_links":{"self":[{"href":"https:\/\/www.fluidra.com\/es\/wp-json\/wp\/v2\/pages\/7427","targetHints":{"allow":["GET"]}}],"collection":[{"href":"https:\/\/www.fluidra.com\/es\/wp-json\/wp\/v2\/pages"}],"about":[{"href":"https:\/\/www.fluidra.com\/es\/wp-json\/wp\/v2\/types\/page"}],"author":[{"embeddable":true,"href":"https:\/\/www.fluidra.com\/es\/wp-json\/wp\/v2\/users\/2"}],"replies":[{"embeddable":true,"href":"https:\/\/www.fluidra.com\/es\/wp-json\/wp\/v2\/comments?post=7427"}],"version-history":[{"count":12,"href":"https:\/\/www.fluidra.com\/es\/wp-json\/wp\/v2\/pages\/7427\/revisions"}],"predecessor-version":[{"id":52492,"href":"https:\/\/www.fluidra.com\/es\/wp-json\/wp\/v2\/pages\/7427\/revisions\/52492"}],"wp:attachment":[{"href":"https:\/\/www.fluidra.com\/es\/wp-json\/wp\/v2\/media?parent=7427"}],"curies":[{"name":"wp","href":"https:\/\/api.w.org\/{rel}","templated":true}]}}